{"id":3,"date":"2024-08-21T10:31:34","date_gmt":"2024-08-21T10:31:34","guid":{"rendered":"http:\/\/passionbrazil.com\/?page_id=3"},"modified":"2024-10-29T12:31:58","modified_gmt":"2024-10-29T12:31:58","slug":"politica-de-privacidade","status":"publish","type":"page","link":"https:\/\/passionbrazil.com\/de\/politica-de-privacidade\/","title":{"rendered":"Cookie-Richtlinie"},"content":{"rendered":"<p>Ao clicar no bot\u00e3o \"<strong>ACEITO\", o USU\u00c1RIO decara-se ciente a respeito dos tratamentos de seus dados pessoais nos termos da presente POL\u00cdTICA DE\u00a0<em>COOKIES<\/em><\/strong>. Caso n\u00e3o concorde com os termos e condi\u00e7\u00f5es, deve interromper o uso do site.<\/p>\n\n\n\n<h2 class=\"wp-block-heading\">O que s\u00e3o Cookies<\/h2>\n\n\n\n<p>Cookies sind kleine Textdateien, die zum Speichern von Informationen verwendet werden. Eles s\u00e3o armazenados em seu dispositivo quando o site \u00e9 carregado em seu navegador. Diese Cookies helfen uns dabei, dass die Website richtig funktioniert, sicherer wird, eine bessere Erfahrung bietet und analysiert, was verbessert werden kann.<\/p>\n\n\n\n<h2 class=\"wp-block-heading\">Wie verwenden wir Cookies?<\/h2>\n\n\n\n<p>Wie die meisten Online-Dienste verwendet auch unsere Website Cookies f\u00fcr verschiedene Zwecke. Die ersten Cookies sind f\u00fcr die korrekte Funktion der Website erforderlich und speichern keine personenbezogenen Daten. Die anderen Cookies dienen haupts\u00e4chlich dazu, die Interaktion zwischen Ihnen und unserer Website zu verstehen, unsere Dienste sicher zu halten und Ihnen eine bessere Benutzererfahrung zu erm\u00f6glichen und Ihre zuk\u00fcnftigen Interaktionen mit unserer Website zu beschleunigen.<\/p>\n\n\n\n<h2 class=\"wp-block-heading\">Verwendete Cookie-Typen<\/h2>\n\n\n\n<p><strong>Essencial<\/strong>: Einige Cookies sind wichtig, damit Sie alle Funktionen unserer Website ausprobieren k\u00f6nnen. Sie erlauben es uns, die Benutzerfreundlichkeit zu erhalten und Sicherheitsverletzungen zu verhindern. Sie speichern und archivieren keine pers\u00f6nlichen Informationen.<\/p>\n\n\n\n<p><strong>Statistische Daten<\/strong>: Diese Cookies speichern Informationen wie die Anzahl der Besucher der Website, die Anzahl der Einzelbesucher, die besuchten Seiten der Website, den Ursprung des Besuchs usw. Diese Daten helfen uns dabei, die Leistung der Website zu bewerten und zu analysieren und gegebenenfalls Verbesserungen vorzunehmen.<\/p>\n\n\n\n<p><strong>Funktionell:<\/strong>&nbsp;Dies sind Cookies, die bestimmte Funktionen unserer Website unterst\u00fctzen, die nicht essentiell sind. Zu diesen Funktionen geh\u00f6ren die Aufnahme von Inhalten wie Videos oder das Teilen von Inhalten der Website auf sozialen Plattformen.<\/p>","protected":false},"excerpt":{"rendered":"<p>Ao clicar no bot\u00e3o \u201cACEITO\u201d, o USU\u00c1RIO declara-se ciente a respeito dos tratamentos de seus dados pessoais nos termos da presente POL\u00cdTICA DE\u00a0COOKIES. Caso n\u00e3o concorde com os termos e condi\u00e7\u00f5es, deve interromper o uso do site. O que s\u00e3o Cookies Cookies s\u00e3o pequenos arquivos de texto usados para armazenar informa\u00e7\u00f5es. Eles s\u00e3o armazenados em [&hellip;]<\/p>\n","protected":false},"author":1,"featured_media":0,"parent":0,"menu_order":10,"comment_status":"closed","ping_status":"closed","template":"","meta":{"_acf_changed":false,"footnotes":""},"class_list":["post-3","page","type-page","status-publish","hentry"],"acf":[],"yoast_head":"<!-- This site is optimized with the Yoast SEO plugin v27.3 - https:\/\/yoast.com\/product\/yoast-seo-wordpress\/ -->\n<title>Pol\u00edtica de Cookies - Passion Brazil<\/title>\n<meta name=\"robots\" content=\"index, follow, max-snippet:-1, max-image-preview:large, max-video-preview:-1\" \/>\n<link rel=\"canonical\" href=\"https:\/\/passionbrazil.com\/de\/politica-de-privacidade\/\" \/>\n<meta property=\"og:locale\" content=\"de_DE\" \/>\n<meta property=\"og:type\" content=\"article\" \/>\n<meta property=\"og:title\" content=\"Pol\u00edtica de Cookies - Passion Brazil\" \/>\n<meta property=\"og:description\" content=\"Ao clicar no bot\u00e3o \u201cACEITO\u201d, o USU\u00c1RIO declara-se ciente a respeito dos tratamentos de seus dados pessoais nos termos da presente POL\u00cdTICA DE\u00a0COOKIES. Caso n\u00e3o concorde com os termos e condi\u00e7\u00f5es, deve interromper o uso do site. O que s\u00e3o Cookies Cookies s\u00e3o pequenos arquivos de texto usados para armazenar informa\u00e7\u00f5es. Eles s\u00e3o armazenados em [&hellip;]\" \/>\n<meta property=\"og:url\" content=\"https:\/\/passionbrazil.com\/de\/politica-de-privacidade\/\" \/>\n<meta property=\"og:site_name\" content=\"Passion Brazil\" \/>\n<meta property=\"article:modified_time\" content=\"2024-10-29T12:31:58+00:00\" \/>\n<meta name=\"twitter:card\" content=\"summary_large_image\" \/>\n<meta name=\"twitter:label1\" content=\"Gesch\u00e4tzte Lesezeit\" \/>\n\t<meta name=\"twitter:data1\" content=\"2\u00a0Minuten\" \/>\n<script type=\"application\/ld+json\" class=\"yoast-schema-graph\">{\"@context\":\"https:\\\/\\\/schema.org\",\"@graph\":[{\"@type\":\"WebPage\",\"@id\":\"https:\\\/\\\/passionbrazil.com\\\/politica-de-privacidade\\\/\",\"url\":\"https:\\\/\\\/passionbrazil.com\\\/politica-de-privacidade\\\/\",\"name\":\"Pol\u00edtica de Cookies - Passion Brazil\",\"isPartOf\":{\"@id\":\"https:\\\/\\\/passionbrazil.com\\\/#website\"},\"datePublished\":\"2024-08-21T10:31:34+00:00\",\"dateModified\":\"2024-10-29T12:31:58+00:00\",\"breadcrumb\":{\"@id\":\"https:\\\/\\\/passionbrazil.com\\\/politica-de-privacidade\\\/#breadcrumb\"},\"inLanguage\":\"de\",\"potentialAction\":[{\"@type\":\"ReadAction\",\"target\":[\"https:\\\/\\\/passionbrazil.com\\\/politica-de-privacidade\\\/\"]}]},{\"@type\":\"BreadcrumbList\",\"@id\":\"https:\\\/\\\/passionbrazil.com\\\/politica-de-privacidade\\\/#breadcrumb\",\"itemListElement\":[{\"@type\":\"ListItem\",\"position\":1,\"name\":\"In\u00edcio\",\"item\":\"https:\\\/\\\/passionbrazil.com\\\/\"},{\"@type\":\"ListItem\",\"position\":2,\"name\":\"Pol\u00edtica de Cookies\"}]},{\"@type\":\"WebSite\",\"@id\":\"https:\\\/\\\/passionbrazil.com\\\/#website\",\"url\":\"https:\\\/\\\/passionbrazil.com\\\/\",\"name\":\"Passion Brazil\",\"description\":\"Passion Brazil is your gateway to the heart and soul of Brazil, as a boutique DMC specializing in tailor-made trips off of all kinds.\",\"potentialAction\":[{\"@type\":\"SearchAction\",\"target\":{\"@type\":\"EntryPoint\",\"urlTemplate\":\"https:\\\/\\\/passionbrazil.com\\\/?s={search_term_string}\"},\"query-input\":{\"@type\":\"PropertyValueSpecification\",\"valueRequired\":true,\"valueName\":\"search_term_string\"}}],\"inLanguage\":\"de\"}]}<\/script>\n<!-- \/ Yoast SEO plugin. -->","yoast_head_json":{"title":"Cookies-Politik - Passion Brasilien","robots":{"index":"index","follow":"follow","max-snippet":"max-snippet:-1","max-image-preview":"max-image-preview:large","max-video-preview":"max-video-preview:-1"},"canonical":"https:\/\/passionbrazil.com\/de\/politica-de-privacidade\/","og_locale":"de_DE","og_type":"article","og_title":"Pol\u00edtica de Cookies - Passion Brazil","og_description":"Ao clicar no bot\u00e3o \u201cACEITO\u201d, o USU\u00c1RIO declara-se ciente a respeito dos tratamentos de seus dados pessoais nos termos da presente POL\u00cdTICA DE\u00a0COOKIES. Caso n\u00e3o concorde com os termos e condi\u00e7\u00f5es, deve interromper o uso do site. O que s\u00e3o Cookies Cookies s\u00e3o pequenos arquivos de texto usados para armazenar informa\u00e7\u00f5es. Eles s\u00e3o armazenados em [&hellip;]","og_url":"https:\/\/passionbrazil.com\/de\/politica-de-privacidade\/","og_site_name":"Passion Brazil","article_modified_time":"2024-10-29T12:31:58+00:00","twitter_card":"summary_large_image","twitter_misc":{"Gesch\u00e4tzte Lesezeit":"2\u00a0Minuten"},"schema":{"@context":"https:\/\/schema.org","@graph":[{"@type":"WebPage","@id":"https:\/\/passionbrazil.com\/politica-de-privacidade\/","url":"https:\/\/passionbrazil.com\/politica-de-privacidade\/","name":"Cookies-Politik - Passion Brasilien","isPartOf":{"@id":"https:\/\/passionbrazil.com\/#website"},"datePublished":"2024-08-21T10:31:34+00:00","dateModified":"2024-10-29T12:31:58+00:00","breadcrumb":{"@id":"https:\/\/passionbrazil.com\/politica-de-privacidade\/#breadcrumb"},"inLanguage":"de","potentialAction":[{"@type":"ReadAction","target":["https:\/\/passionbrazil.com\/politica-de-privacidade\/"]}]},{"@type":"BreadcrumbList","@id":"https:\/\/passionbrazil.com\/politica-de-privacidade\/#breadcrumb","itemListElement":[{"@type":"ListItem","position":1,"name":"In\u00edcio","item":"https:\/\/passionbrazil.com\/"},{"@type":"ListItem","position":2,"name":"Pol\u00edtica de Cookies"}]},{"@type":"WebSite","@id":"https:\/\/passionbrazil.com\/#website","url":"https:\/\/passionbrazil.com\/","name":"Passion Brasilien","description":"Passion Brazil ist Ihr Tor zum Herzen und zur Seele Brasiliens. Wir sind eine Boutique-DMC, die sich auf ma\u00dfgeschneiderte Reisen aller Art spezialisiert hat.","potentialAction":[{"@type":"SearchAction","target":{"@type":"EntryPoint","urlTemplate":"https:\/\/passionbrazil.com\/?s={search_term_string}"},"query-input":{"@type":"PropertyValueSpecification","valueRequired":true,"valueName":"search_term_string"}}],"inLanguage":"de"}]}},"_links":{"self":[{"href":"https:\/\/passionbrazil.com\/de\/wp-json\/wp\/v2\/pages\/3","targetHints":{"allow":["GET"]}}],"collection":[{"href":"https:\/\/passionbrazil.com\/de\/wp-json\/wp\/v2\/pages"}],"about":[{"href":"https:\/\/passionbrazil.com\/de\/wp-json\/wp\/v2\/types\/page"}],"author":[{"embeddable":true,"href":"https:\/\/passionbrazil.com\/de\/wp-json\/wp\/v2\/users\/1"}],"replies":[{"embeddable":true,"href":"https:\/\/passionbrazil.com\/de\/wp-json\/wp\/v2\/comments?post=3"}],"version-history":[{"count":4,"href":"https:\/\/passionbrazil.com\/de\/wp-json\/wp\/v2\/pages\/3\/revisions"}],"predecessor-version":[{"id":473,"href":"https:\/\/passionbrazil.com\/de\/wp-json\/wp\/v2\/pages\/3\/revisions\/473"}],"wp:attachment":[{"href":"https:\/\/passionbrazil.com\/de\/wp-json\/wp\/v2\/media?parent=3"}],"curies":[{"name":"wp","href":"https:\/\/api.w.org\/{rel}","templated":true}]}}