{"id":556,"date":"2025-02-04T22:03:09","date_gmt":"2025-02-04T22:03:09","guid":{"rendered":"https:\/\/passionbrazil.com\/?page_id=556"},"modified":"2025-10-28T20:13:42","modified_gmt":"2025-10-28T20:13:42","slug":"calendar","status":"publish","type":"page","link":"https:\/\/passionbrazil.com\/de\/calendar\/","title":{"rendered":"Kalender"},"content":{"rendered":"<hr class=\"wp-block-separator has-alpha-channel-opacity\"\/>\n\n\n\n<h2 class=\"wp-block-heading\">Nationale und wichtigste lokale Feiertage - 2026<\/h2>\n\n\n\n<p><\/p>\n\n\n\n<ul class=\"wp-block-list\">\n<li>1. Januar -<strong>\u00a0Neujahr<\/strong>\u00a0- Universal-Feier<\/li>\n\n\n\n<li>14. Februar bis 17. Februar -\u00a0<strong>Karneval<\/strong><\/li>\n\n\n\n<li>18. Februar - Aschermittwoch -\u00a0<strong>Karneval<\/strong><\/li>\n\n\n\n<li>5. April -\u00a0<strong>Ostern<\/strong><\/li>\n\n\n\n<li>21. April -\u00a0<strong>Tiradentes-Tag<\/strong>\u00a0(brasilianischer nationalistischer M\u00e4rtyrer des 18. Jahrhunderts)<\/li>\n\n\n\n<li>1. Mai.<strong>\u00a0Tag der Arbeit<\/strong><\/li>\n\n\n\n<li>4. Juni.\u00a0<strong>Fronleichnam<\/strong>\u00a0(Christi Himmelfahrt)<\/li>\n\n\n\n<li>24. Juni -<strong>\u00a0Tag des Heiligen Jo\u00e3o<\/strong>\u00a0(nur in einigen Staaten im Nordosten)<\/li>\n\n\n\n<li>7. September -\u00a0<strong>Brasilianischer Unabh\u00e4ngigkeitstag<\/strong><\/li>\n\n\n\n<li>12. Oktober -\u00a0<strong>Tag der Muttergottes von Aparecida<\/strong>\u00a0(Schutzpatronin Brasiliens)<\/li>\n\n\n\n<li>2. November.\u00a0<strong>Allerseelen<\/strong><\/li>\n\n\n\n<li>15. November.\u00a0<strong>Proklamation des Tages der Republik<\/strong><\/li>\n\n\n\n<li>20. November.\u00a0<strong>Black Consciousness Day<\/strong><\/li>\n\n\n\n<li>25. Dezember.\u00a0<strong>Weihnachten<\/strong><\/li>\n<\/ul>\n\n\n\n<p><strong><em><mark style=\"background-color:rgba(0, 0, 0, 0)\" class=\"has-inline-color has-vivid-red-color\">Bitte beachten Sie: Die oben genannten Daten k\u00f6nnen die Verf\u00fcgbarkeit von Hotels und die Preise beeinflussen. An gesetzlichen Feiertagen und bei lokalen oder nationalen Veranstaltungen k\u00f6nnen Dienstleistungen, Verkehrsmittel und Gesch\u00e4fte anders funktionieren. Es kann auch zu L\u00e4rmbel\u00e4stigungen und Stra\u00dfensperrungen kommen.<\/mark><\/em><\/strong><\/p>\n\n\n\n<p><em><mark style=\"background-color:rgba(0, 0, 0, 0)\" class=\"has-inline-color has-vivid-red-color\"><strong>Bitte pr\u00fcfen Sie die Daten vor der Buchung und wenden Sie sich im Zweifelsfall an unsere Betreiber.<\/strong><\/mark><\/em><\/p>\n\n\n\n<hr class=\"wp-block-separator has-alpha-channel-opacity\"\/>\n\n\n\n<h2 class=\"wp-block-heading\">Wichtigste Ereignisse - 2026<\/h2>\n\n\n\n<p><br>Dieser Kalender wird regelm\u00e4\u00dfig entsprechend den Terminbest\u00e4tigungen aktualisiert. Alle Veranstaltungen k\u00f6nnen ohne vorherige Ank\u00fcndigung ge\u00e4ndert werden.<\/p>\n\n\n\n<p><strong>Bleiben Sie dran!<\/strong>&nbsp;Im Jahr 2026 werden wir das gr\u00f6\u00dfte Fu\u00dfballereignis der Welt haben. Die FIFA-Weltmeisterschaft wird den Tourismus, die Kultur und die Wirtschaft in mehreren St\u00e4dten ankurbeln.<\/p>\n\n\n\n<p><strong>Kalender der wichtigsten Ereignisse 2026<\/strong><br><br>Dieser Kalender wird regelm\u00e4\u00dfig entsprechend den Terminbest\u00e4tigungen aktualisiert. Alle Veranstaltungen k\u00f6nnen ohne vorherige Ank\u00fcndigung ge\u00e4ndert werden.<\/p>\n\n\n\n<p><strong>Bleiben Sie dran!<\/strong>&nbsp;Im Jahr 2026 werden wir das gr\u00f6\u00dfte Fu\u00dfballereignis der Welt haben. Die FIFA-Weltmeisterschaft wird den Tourismus, die Kultur und die Wirtschaft in mehreren St\u00e4dten ankurbeln.<\/p>\n\n\n\n<p><strong>&nbsp;Weltmeisterschaft - 11. Juni bis 19. Juli<\/strong><\/p>\n\n\n\n<p>Bald werden wir ank\u00fcndigen<strong>&nbsp;die von der FIFA akkreditierten Austragungsorte der Spiele in Rio de Janeiro und anderen St\u00e4dten.<\/strong><\/p>\n\n\n\n<p><strong>Veranstaltungen<\/strong><\/p>\n\n\n\n<p><strong>Rio de Janeiro<\/strong><\/p>\n\n\n\n<ul class=\"wp-block-list\">\n<li>20. Januar.\u00a0<strong>Fest des Heiligen Sebastian<\/strong><\/li>\n\n\n\n<li>4-7 Februar -<strong>\u00a0Gesellschaft f\u00fcr kardiovaskul\u00e4re Magnetresonanz (SCMR), Windsor Convention Center &amp; Hotels<\/strong><\/li>\n\n\n\n<li>14-17 Februar -\u00a0<strong>Karneval<\/strong><\/li>\n\n\n\n<li>M\u00e4rz 3-5 -\u00a0<strong>Routen Nord- und S\u00fcdamerika 2026, Expo Rio Cidade Nova<\/strong><\/li>\n\n\n\n<li>April 26 -\u00a0<strong>The Weeknd, Nilton Santos Stadion<\/strong><\/li>\n\n\n\n<li>4, 5, 6, 7 und 11, 12, 13 September -\u00a0<strong>Rock in Rio 2026, Olympiapark<\/strong><\/li>\n<\/ul>\n\n\n\n<p><strong>S\u00e3o Paulo<\/strong><\/p>\n\n\n\n<ul class=\"wp-block-list\">\n<li>5-6 Februar -\u00a0<strong>My Chemical Romance, Allianz Parque<\/strong><\/li>\n\n\n\n<li>20-21 Februar -\u00a0<strong>B\u00f6ser Hase, Allianz Parque<\/strong><\/li>\n\n\n\n<li>12-14 M\u00e4rz -\u00a0<strong>Pesca-Ausstellung, Distrito Anhembi<\/strong><\/li>\n\n\n\n<li>20-22 M\u00e4rz -<strong>\u00a0Lollapalooza Brasil 2026, Interlagos Rennstrecke<\/strong><\/li>\n\n\n\n<li>14-16 April -\u00a0<strong>WTM Lateinamerika, Expo Center Norte<\/strong><\/li>\n\n\n\n<li>30. April &amp; 1. Mai -<strong>\u00a0The Weeknd, MorumBIS-Stadion<\/strong><\/li>\n<\/ul>\n\n\n\n<p><strong>Foz do Igua\u00e7u<\/strong><br><strong><\/strong><\/p>\n\n\n\n<ul class=\"wp-block-list\">\n<li><strong>10-12 Juni -\u00a0<\/strong><strong>Festival das Cataratas, Rafain Palace Hotel &amp; Kongress<\/strong><\/li>\n<\/ul>\n\n\n\n<p><strong>Salvador - Bahia<\/strong><\/p>\n\n\n\n<ul class=\"wp-block-list\">\n<li>16. Januar.\u00a0<strong>Fest des Senhor do Bonfim<\/strong><\/li>\n\n\n\n<li>24-25 Januar -\u00a0<strong>Sommerfest in Salvador<\/strong><\/li>\n\n\n\n<li>2. Februar -\u00a0<strong>Fest der Iemanj\u00e1<\/strong><\/li>\n\n\n\n<li>14-17 Februar -\u00a0<strong>Karneval<\/strong><\/li>\n\n\n\n<li>16. Februar.\u00a0<strong>Camarote Salvador: Ne-Yo Konzert, Palco Praia<\/strong><\/li>\n\n\n\n<li>2. Juli.\u00a0<strong>Unabh\u00e4ngigkeitstag von Bahia<\/strong><\/li>\n<\/ul>\n\n\n\n<p><strong>Bel\u00e9m<\/strong><\/p>\n\n\n\n<ul class=\"wp-block-list\">\n<li>11. Oktober.\u00a0<strong>C\u00edrio de Nazar\u00e9 - Religi\u00f6ses Fest<\/strong><\/li>\n<\/ul>\n\n\n\n<p><strong><em><mark style=\"background-color:rgba(0, 0, 0, 0)\" class=\"has-inline-color has-vivid-red-color\">Bitte beachten Sie: Die oben genannten Daten k\u00f6nnen die Verf\u00fcgbarkeit von Hotels und die Preise beeinflussen. An gesetzlichen Feiertagen und bei lokalen oder nationalen Veranstaltungen k\u00f6nnen Dienstleistungen, Verkehrsmittel und Gesch\u00e4fte anders funktionieren. Es kann auch zu L\u00e4rmbel\u00e4stigungen und Stra\u00dfensperrungen kommen.<\/mark><\/em><\/strong><\/p>\n\n\n\n<p><em><mark style=\"background-color:rgba(0, 0, 0, 0)\" class=\"has-inline-color has-vivid-red-color\"><strong>Bitte pr\u00fcfen Sie die Daten vor der Buchung und wenden Sie sich im Zweifelsfall an unsere Betreiber.<\/strong><\/mark><\/em><\/p>\n\n\n\n<hr class=\"wp-block-separator has-alpha-channel-opacity\"\/>","protected":false},"excerpt":{"rendered":"<p>National and main local holidays - 2026 Please note: The dates above may affect hotel availability and prices. During public holidays and events, local or national, services, transport and shops may operate differently. Noise disturbances and road closures may also occur. Please check the dates before booking and, if in doubt, contact our operators. Main [&hellip;]<\/p>\n","protected":false},"author":1,"featured_media":0,"parent":0,"menu_order":0,"comment_status":"closed","ping_status":"closed","template":"","meta":{"_acf_changed":false,"footnotes":""},"class_list":["post-556","page","type-page","status-publish","hentry"],"acf":[],"yoast_head":"<!-- This site is optimized with the Yoast SEO plugin v27.3 - https:\/\/yoast.com\/product\/yoast-seo-wordpress\/ -->\n<title>Calendar - Passion Brazil<\/title>\n<meta name=\"robots\" content=\"index, follow, max-snippet:-1, max-image-preview:large, max-video-preview:-1\" \/>\n<link rel=\"canonical\" href=\"https:\/\/passionbrazil.com\/de\/calendar\/\" \/>\n<meta property=\"og:locale\" content=\"de_DE\" \/>\n<meta property=\"og:type\" content=\"article\" \/>\n<meta property=\"og:title\" content=\"Calendar - Passion Brazil\" \/>\n<meta property=\"og:description\" content=\"National and main local holidays - 2026 Please note: The dates above may affect hotel availability and prices. During public holidays and events, local or national, services, transport and shops may operate differently. Noise disturbances and road closures may also occur. Please check the dates before booking and, if in doubt, contact our operators. Main [&hellip;]\" \/>\n<meta property=\"og:url\" content=\"https:\/\/passionbrazil.com\/de\/calendar\/\" \/>\n<meta property=\"og:site_name\" content=\"Passion Brazil\" \/>\n<meta property=\"article:modified_time\" content=\"2025-10-28T20:13:42+00:00\" \/>\n<meta name=\"twitter:card\" content=\"summary_large_image\" \/>\n<meta name=\"twitter:label1\" content=\"Gesch\u00e4tzte Lesezeit\" \/>\n\t<meta name=\"twitter:data1\" content=\"3\u00a0Minuten\" \/>\n<script type=\"application\/ld+json\" class=\"yoast-schema-graph\">{\"@context\":\"https:\\\/\\\/schema.org\",\"@graph\":[{\"@type\":\"WebPage\",\"@id\":\"https:\\\/\\\/passionbrazil.com\\\/calendar\\\/\",\"url\":\"https:\\\/\\\/passionbrazil.com\\\/calendar\\\/\",\"name\":\"Calendar - Passion Brazil\",\"isPartOf\":{\"@id\":\"https:\\\/\\\/passionbrazil.com\\\/#website\"},\"datePublished\":\"2025-02-04T22:03:09+00:00\",\"dateModified\":\"2025-10-28T20:13:42+00:00\",\"breadcrumb\":{\"@id\":\"https:\\\/\\\/passionbrazil.com\\\/calendar\\\/#breadcrumb\"},\"inLanguage\":\"de\",\"potentialAction\":[{\"@type\":\"ReadAction\",\"target\":[\"https:\\\/\\\/passionbrazil.com\\\/calendar\\\/\"]}]},{\"@type\":\"BreadcrumbList\",\"@id\":\"https:\\\/\\\/passionbrazil.com\\\/calendar\\\/#breadcrumb\",\"itemListElement\":[{\"@type\":\"ListItem\",\"position\":1,\"name\":\"In\u00edcio\",\"item\":\"https:\\\/\\\/passionbrazil.com\\\/\"},{\"@type\":\"ListItem\",\"position\":2,\"name\":\"Calendar\"}]},{\"@type\":\"WebSite\",\"@id\":\"https:\\\/\\\/passionbrazil.com\\\/#website\",\"url\":\"https:\\\/\\\/passionbrazil.com\\\/\",\"name\":\"Passion Brazil\",\"description\":\"Passion Brazil is your gateway to the heart and soul of Brazil, as a boutique DMC specializing in tailor-made trips off of all kinds.\",\"potentialAction\":[{\"@type\":\"SearchAction\",\"target\":{\"@type\":\"EntryPoint\",\"urlTemplate\":\"https:\\\/\\\/passionbrazil.com\\\/?s={search_term_string}\"},\"query-input\":{\"@type\":\"PropertyValueSpecification\",\"valueRequired\":true,\"valueName\":\"search_term_string\"}}],\"inLanguage\":\"de\"}]}<\/script>\n<!-- \/ Yoast SEO plugin. -->","yoast_head_json":{"title":"Kalender - Passion Brasilien","robots":{"index":"index","follow":"follow","max-snippet":"max-snippet:-1","max-image-preview":"max-image-preview:large","max-video-preview":"max-video-preview:-1"},"canonical":"https:\/\/passionbrazil.com\/de\/calendar\/","og_locale":"de_DE","og_type":"article","og_title":"Calendar - Passion Brazil","og_description":"National and main local holidays - 2026 Please note: The dates above may affect hotel availability and prices. During public holidays and events, local or national, services, transport and shops may operate differently. Noise disturbances and road closures may also occur. Please check the dates before booking and, if in doubt, contact our operators. Main [&hellip;]","og_url":"https:\/\/passionbrazil.com\/de\/calendar\/","og_site_name":"Passion Brazil","article_modified_time":"2025-10-28T20:13:42+00:00","twitter_card":"summary_large_image","twitter_misc":{"Gesch\u00e4tzte Lesezeit":"3\u00a0Minuten"},"schema":{"@context":"https:\/\/schema.org","@graph":[{"@type":"WebPage","@id":"https:\/\/passionbrazil.com\/calendar\/","url":"https:\/\/passionbrazil.com\/calendar\/","name":"Kalender - Passion Brasilien","isPartOf":{"@id":"https:\/\/passionbrazil.com\/#website"},"datePublished":"2025-02-04T22:03:09+00:00","dateModified":"2025-10-28T20:13:42+00:00","breadcrumb":{"@id":"https:\/\/passionbrazil.com\/calendar\/#breadcrumb"},"inLanguage":"de","potentialAction":[{"@type":"ReadAction","target":["https:\/\/passionbrazil.com\/calendar\/"]}]},{"@type":"BreadcrumbList","@id":"https:\/\/passionbrazil.com\/calendar\/#breadcrumb","itemListElement":[{"@type":"ListItem","position":1,"name":"In\u00edcio","item":"https:\/\/passionbrazil.com\/"},{"@type":"ListItem","position":2,"name":"Calendar"}]},{"@type":"WebSite","@id":"https:\/\/passionbrazil.com\/#website","url":"https:\/\/passionbrazil.com\/","name":"Passion Brasilien","description":"Passion Brazil ist Ihr Tor zum Herzen und zur Seele Brasiliens. Wir sind eine Boutique-DMC, die sich auf ma\u00dfgeschneiderte Reisen aller Art spezialisiert hat.","potentialAction":[{"@type":"SearchAction","target":{"@type":"EntryPoint","urlTemplate":"https:\/\/passionbrazil.com\/?s={search_term_string}"},"query-input":{"@type":"PropertyValueSpecification","valueRequired":true,"valueName":"search_term_string"}}],"inLanguage":"de"}]}},"_links":{"self":[{"href":"https:\/\/passionbrazil.com\/de\/wp-json\/wp\/v2\/pages\/556","targetHints":{"allow":["GET"]}}],"collection":[{"href":"https:\/\/passionbrazil.com\/de\/wp-json\/wp\/v2\/pages"}],"about":[{"href":"https:\/\/passionbrazil.com\/de\/wp-json\/wp\/v2\/types\/page"}],"author":[{"embeddable":true,"href":"https:\/\/passionbrazil.com\/de\/wp-json\/wp\/v2\/users\/1"}],"replies":[{"embeddable":true,"href":"https:\/\/passionbrazil.com\/de\/wp-json\/wp\/v2\/comments?post=556"}],"version-history":[{"count":18,"href":"https:\/\/passionbrazil.com\/de\/wp-json\/wp\/v2\/pages\/556\/revisions"}],"predecessor-version":[{"id":808,"href":"https:\/\/passionbrazil.com\/de\/wp-json\/wp\/v2\/pages\/556\/revisions\/808"}],"wp:attachment":[{"href":"https:\/\/passionbrazil.com\/de\/wp-json\/wp\/v2\/media?parent=556"}],"curies":[{"name":"wp","href":"https:\/\/api.w.org\/{rel}","templated":true}]}}