{"id":813,"date":"2026-02-21T13:53:42","date_gmt":"2026-02-21T13:53:42","guid":{"rendered":"https:\/\/passionbrazil.com\/?page_id=813"},"modified":"2026-04-06T17:24:42","modified_gmt":"2026-04-06T17:24:42","slug":"sustainability-policy","status":"publish","type":"page","link":"https:\/\/passionbrazil.com\/de\/sustainability-policy\/","title":{"rendered":"Politik der Nachhaltigkeit"},"content":{"rendered":"<h3 class=\"wp-block-heading\">Engagement f\u00fcr nachhaltigen Tourismus<\/h3>\n\n\n\n<p>Nachhaltigkeit ist ein Teil des Wesens von Passion Brazil und spiegelt das kollektive Engagement unserer Marken wider, authentische Erlebnisse, unvergessliche Emotionen und bedeutungsvolle Momente zu schaffen. Wir kombinieren pers\u00f6nlichen Service, hochwertige Unterk\u00fcnfte und Erlebnisse, die den nat\u00fcrlichen Reichtum und die kulturelle Identit\u00e4t des jeweiligen Reiseziels hervorheben.<\/p>\n\n\n\n<p>Unser Ansatz basiert auf operativer Exzellenz und einer sorgf\u00e4ltigen Auswahl der Partner, um Erlebnisse zu gew\u00e4hrleisten, die Reisende auf verantwortungsvolle Art und Weise mit der Region verbinden und mit unseren Werten Ethik, Qualit\u00e4t und Nachhaltigkeit im Einklang stehen.<\/p>\n\n\n\n<p>Unser Ziel ist es, eine nationale Referenz f\u00fcr nachhaltigen Tourismus in Brasilien zu werden, indem wir verantwortungsbewusste Partnerschaften st\u00e4rken, unsere Teams bef\u00e4higen, durch kontinuierliche Innovation die Auswirkungen zu verringern und zu langfristigen Vorteilen f\u00fcr Gemeinden und k\u00fcnftige Generationen beizutragen.<\/p>\n\n\n\n<p>Wir haben uns zum Ziel gesetzt, eine einzigartige und transformative Reise anzubieten, die \u00fcber den traditionellen Tourismus hinausgeht, den Umweltschutz f\u00f6rdert und positive Auswirkungen auf lokale Gemeinschaften und \u00d6kosysteme hat. Wir verstehen Nachhaltigkeit als eine kontinuierliche Praxis, die auf Verantwortung, Transparenz und Zusammenarbeit basiert.<\/p>\n\n\n\n<p>Jede Reise ist darauf ausgerichtet, Reiseziele zu respektieren, zu regenerieren und aufzuwerten, was unser Engagement unterstreicht, den Tourismus zu einer aktiven Kraft f\u00fcr die Bewahrung und positive Wirkung zu machen.<\/p>\n\n\n\n<hr class=\"wp-block-separator has-alpha-channel-opacity\"\/>\n\n\n\n<h3 class=\"wp-block-heading\">Erkl\u00e4rungen<\/h3>\n\n\n\n<p><strong>Gleichstellung und Diversit\u00e4t<\/strong> \u2013 We reject all forms of discrimination and promote an inclusive and respectful environment for all people, regardless of gender, sexual orientation, race, ethnicity, age, disability, or religion.<\/p>\n\n\n\n<p><strong>Soziale Eingliederung<\/strong> - Wir unterst\u00fctzen die soziale und wirtschaftliche Eingliederung gef\u00e4hrdeter Gruppen und lehnen jede Form der Ausgrenzung oder Marginalisierung ab.<\/p>\n\n\n\n<p><strong>Menschenrechte<\/strong> - Wir halten uns an die universellen Menschenrechtsprinzipien und gew\u00e4hrleisten W\u00fcrde, Freiheit und Gleichheit f\u00fcr alle, die von unserem Handeln betroffen sind.<\/p>\n\n\n\n<p><strong>Bek\u00e4mpfung von sexueller Ausbeutung und Kinderarbeit<\/strong> - Wir lehnen jede Form der sexuellen Ausbeutung, des Missbrauchs und des Handels mit Kindern und Jugendlichen ab und sch\u00fctzen ihre Rechte und W\u00fcrde.<\/p>\n\n\n\n<p><strong>Ablehnung von Zwangsarbeit und Menschenhandel<\/strong> - Wir setzen uns gegen Zwangsarbeit, Menschenhandel und Arbeitsrechtsverletzungen ein und unterst\u00fctzen faire und menschenw\u00fcrdige Arbeit in der gesamten touristischen Wertsch\u00f6pfungskette.<\/p>\n\n\n\n<p><strong>Schutz der Wildtiere und der biologischen Vielfalt<\/strong> - Wir lehnen den Handel mit Wildtieren, die Jagd und die Misshandlung von Tieren ab, sch\u00fctzen die biologische Vielfalt und respektieren die Umweltgesetzgebung.<\/p>\n\n\n\n<p><strong>Respekt f\u00fcr lokale Gemeinschaften und Kulturen<\/strong> - Wir sch\u00e4tzen und respektieren die Kulturen, Traditionen und Rechte lokaler Gemeinschaften und indigener V\u00f6lker und f\u00f6rdern einen fairen und respektvollen Umgang miteinander.<\/p>\n\n\n\n<p><strong>Bewahrung des Kultur- und Naturerbes<\/strong> - Wir setzen uns f\u00fcr die Erhaltung des kulturellen, arch\u00e4ologischen und nat\u00fcrlichen Erbes ein und lehnen jede Besch\u00e4digung oder Missachtung dieser G\u00fcter ab.<\/p>\n\n\n\n<p><strong>Gesundheit, Sicherheit und Wohlbefinden<\/strong> - Wir f\u00f6rdern ein sicheres und gesundes Umfeld f\u00fcr Mitarbeiter, Kunden und Gemeinden und lehnen Risiken f\u00fcr die k\u00f6rperliche und geistige Unversehrtheit ab.<\/p>\n\n\n\n<p><strong>Transparenz und Rechenschaftspflicht<\/strong> - Wir legen Wert auf Transparenz und Verantwortlichkeit und lehnen irref\u00fchrende Informationen und unfaire Gesch\u00e4ftspraktiken ab.<\/p>\n\n\n\n<p><strong>Ablehnung von Korruption und unethischen Praktiken<\/strong> - Wir wenden uns gegen alle Formen von Korruption und illegalen Praktiken und f\u00f6rdern Ethik und Integrit\u00e4t in allen Beziehungen.<\/p>\n\n\n\n<p><strong>Verantwortungsvolle Nutzung der nat\u00fcrlichen Ressourcen<\/strong> - Wir legen Wert auf einen bewussten und verantwortungsvollen Umgang mit den nat\u00fcrlichen Ressourcen und lehnen Verschwendung ab, die die Zukunft gef\u00e4hrdet.<\/p>\n\n\n\n<p><strong>Datenschutz und Privatsph\u00e4re<\/strong> - Wir respektieren die Privatsph\u00e4re und den Schutz der pers\u00f6nlichen Daten von Kunden, Mitarbeitern und Partnern und lehnen deren missbr\u00e4uchliche Verwendung ab.<\/p>\n\n\n\n<hr class=\"wp-block-separator has-alpha-channel-opacity\"\/>\n\n\n\n<h3 class=\"wp-block-heading\">Globale Leitlinien<\/h3>\n\n\n\n<p>Passion Brazil ist sich bewusst, wie wichtig es ist, seine Praktiken und Richtlinien mit internationalen Nachhaltigkeitsstandards im Tourismus in Einklang zu bringen. Daher verwenden wir als Referenz die vom Global Sustainable Tourism Council (GSTC), der Welttourismusorganisation der Vereinten Nationen (UNWTO) und Travelife entwickelten Richtlinien.<\/p>\n\n\n\n<p>Wir engagieren uns insbesondere f\u00fcr die folgenden Ziele der Vereinten Nationen f\u00fcr nachhaltige Entwicklung (Sustainable Development Goals, SDGs):<\/p>\n\n\n\n<p><strong>SDG 8 - Menschenw\u00fcrdige Arbeit und Wirtschaftswachstum<\/strong><br>Zur Unterst\u00fctzung des SDG 8.9 setzen wir uns f\u00fcr die F\u00f6rderung eines nachhaltigen Tourismus als Instrument zur Schaffung von Arbeitspl\u00e4tzen, sozialer Integration und kommunaler Entwicklung ein.<\/p>\n\n\n\n<p><strong>SDG 12 - Verantwortungsbewusster Konsum und Produktion<\/strong><br>Im Einklang mit SDG 12.b wenden wir Praktiken an, die die Auswirkungen auf die Umwelt \u00fcberwachen und minimieren, z. B. Kohlenstoffausgleich, bewusster Ressourceneinsatz und Partnerschaften mit nachhaltigen Lieferanten.<\/p>\n\n\n\n<p><strong>SDG 14 - Leben unter Wasser<\/strong><br>Im Einklang mit SDG 14.7 unterst\u00fctzen wir die nachhaltige Nutzung nat\u00fcrlicher Ressourcen in K\u00fcsten- und Flussgebieten und f\u00f6rdern Erlebnisse, die aquatische \u00d6kosysteme respektieren und lokale Gemeinschaften wertsch\u00e4tzen.<\/p>\n\n\n\n<p><strong>SDG 15 - Leben an Land<\/strong><br>Als verantwortungsbewusster Reiseveranstalter tragen wir durch \u00d6kotourismus-Initiativen, Wiederaufforstungsprojekte und den Schutz von Wildtieren zur Erhaltung der Artenvielfalt bei.<\/p>\n\n\n\n<h2 class=\"wp-block-heading\">Praktiken und Verpflichtungen - Internes Management<\/h2>\n\n\n\n<h3 class=\"wp-block-heading\">Nachhaltigkeitsmanagement und Rechtskonformit\u00e4t<\/h3>\n\n\n\n<p>Passion Brazil integriert Nachhaltigkeit in seine Strategie und Unternehmenskultur und arbeitet mit Ethik, Transparenz und Verantwortung. Unsere F\u00fchrung leitet dieses Engagement und sorgt daf\u00fcr, dass nachhaltige Praktiken Teil der t\u00e4glichen Routine des Teams sind.<\/p>\n\n\n\n<p>Wir arbeiten aktiv in Gruppen und Verb\u00e4nden mit, die den Dialog f\u00f6rdern und den nachhaltigen Tourismus in Brasilien st\u00e4rken.<\/p>\n\n\n\n<p>Wir halten uns an alle geltenden Gesetze und Vorschriften in den L\u00e4ndern, in denen wir t\u00e4tig sind, einschlie\u00dflich Umwelt-, Arbeits-, Menschenrechts-, Sicherheits- und Kulturerhaltungsstandards, und tolerieren keinerlei Korruption, Ausbeutung von Kindern, Zwangsarbeit oder jegliche Form von Diskriminierung.<\/p>\n\n\n\n<p>Wir \u00fcberpr\u00fcfen unsere Praktiken regelm\u00e4\u00dfig, um die Einhaltung der Vorschriften, die kontinuierliche Verbesserung und die Erzeugung positiver Auswirkungen in allen Bereichen unserer T\u00e4tigkeit zu gew\u00e4hrleisten.<\/p>\n\n\n\n<h3 class=\"wp-block-heading\">Sozialpolitik und Menschenrechte<\/h3>\n\n\n\n<p>Unsere Verantwortung gegen\u00fcber den Menschen, die an unseren T\u00e4tigkeiten beteiligt sind, spiegelt sich in fairen Arbeitsbedingungen, Integration, beruflicher Entwicklung und der uneingeschr\u00e4nkten Achtung der Menschenrechte wider.<\/p>\n\n\n\n<p>Wir halten die arbeitsrechtlichen Vorschriften in allen Einstellungsbereichen vollst\u00e4ndig ein. Wir gew\u00e4hrleisten Chancengleichheit beim Zugang zu Ressourcen, Aufgaben und Positionen. Auch das Wohlbefinden ist Teil unserer Kultur und wird durch interne Initiativen unterst\u00fctzt, die die Lebensqualit\u00e4t und die Integration f\u00f6rdern und f\u00fcr ein sicheres, gesundes und motivierendes Umfeld sorgen.<\/p>\n\n\n\n<h3 class=\"wp-block-heading\">Umwelt<\/h3>\n\n\n\n<p>Das Umweltmanagement orientiert sich an Ma\u00dfnahmen, die darauf abzielen, negative Auswirkungen zu verringern, eine effiziente Ressourcennutzung zu f\u00f6rdern und verantwortungsvolle Praktiken zu st\u00e4rken, die zur Erhaltung der Umwelt beitragen.<\/p>\n\n\n\n<p>Zu unseren Initiativen geh\u00f6ren die \u00dcberwachung und der Ausgleich von Kohlendioxidemissionen, die Einf\u00fchrung von Arbeitsmodellen, die den Reiseaufwand verringern, und die F\u00f6rderung der Reduzierung des Energie- und Wasserverbrauchs. Wir verwenden effiziente und sichere Reinigungsmittel, energiesparende Beleuchtung, digitale Kommunikation zur Verringerung des Druckaufkommens und f\u00f6rdern wiederverwendbare Gegenst\u00e4nde.<\/p>\n\n\n\n<p>Dar\u00fcber hinaus wenden wir nachhaltige Beschaffungskriterien an, verwenden FSC-zertifiziertes Papier, w\u00e4hlen verantwortungsbewusstes Werbematerial und unterst\u00fctzen kontinuierlich soziale und \u00f6kologische Projekte, die die positiven Auswirkungen unserer T\u00e4tigkeit erweitern.<\/p>\n\n\n\n<h2 class=\"wp-block-heading\">Praktiken und Selbstverpflichtungen - Lieferantenmanagement<\/h2>\n\n\n\n<h3 class=\"wp-block-heading\">Incoming-Agenturen<\/h3>\n\n\n\n<p>Incoming-Agenturen spielen eine wichtige Rolle bei der Vermittlung von Erlebnissen im Sinne eines verantwortungsvollen Tourismus. Bei der Auswahl, der Auftragsvergabe und der \u00dcberwachung dieser Partnerschaften legen wir strenge Kriterien an. Wir geben lokalen Anbietern, langfristigen Beziehungen und ethischen Praktiken den Vorzug und formalisieren jede Partnerschaft durch klare Richtlinien zu Qualit\u00e4t, Verhalten und Einhaltung von Gesetzen.<\/p>\n\n\n\n<p>Wir f\u00fchren ein aktuelles Inventar strategischer Partner, f\u00f6rdern regelm\u00e4\u00dfig nachhaltige Praktiken und bewerten regelm\u00e4\u00dfig die Leistung durch Feedback und Inspektionen, um eine kontinuierliche Verbesserung und \u00dcbereinstimmung mit unseren sozio-\u00f6kologischen Grunds\u00e4tzen zu gew\u00e4hrleisten.<\/p>\n\n\n\n<h3 class=\"wp-block-heading\">Transport<\/h3>\n\n\n\n<p>Der Transport ist ein wesentlicher Bestandteil des Reiseerlebnisses. Wir suchen nach Optionen, die ein Gleichgewicht zwischen Komfort, Sicherheit und Effizienz herstellen, Emissionen reduzieren und umweltfreundlichere Alternativen f\u00f6rdern.<\/p>\n\n\n\n<p>Wir wenden strenge Kriterien f\u00fcr die Auswahl unserer Partner an, die sich an klaren Richtlinien zu Verhalten, Qualit\u00e4t und Einhaltung von Gesetzen orientieren, und bevorzugen lokale Anbieter und nachhaltige Praktiken. Wann immer m\u00f6glich, beziehen wir bewusstere Entscheidungen wie Elektrofahrzeuge, Fahrr\u00e4der, Fu\u00dfwege und Z\u00fcge in unsere Reiserouten ein. Wir bewerten regelm\u00e4\u00dfig die Betriebsqualit\u00e4t durch Feedback und Inspektionen, um eine kontinuierliche Verbesserung zu gew\u00e4hrleisten.<\/p>\n\n\n\n<h3 class=\"wp-block-heading\">Unterk\u00fcnfte<\/h3>\n\n\n\n<p>Die Wahl der Unterkunft wirkt sich direkt auf die F\u00f6rderung des nachhaltigen Tourismus aus. Wir wenden strenge Kriterien an, um sicherzustellen, dass alle Unterk\u00fcnfte mit unseren sozio-\u00f6kologischen Prinzipien \u00fcbereinstimmen.<\/p>\n\n\n\n<p>Wir bevorzugen Einrichtungen, die nach ethischen Gesichtspunkten arbeiten, lokale Gemeinschaften respektieren und Praktiken anwenden, die die Umweltauswirkungen minimieren, einschlie\u00dflich nachhaltiger und zertifizierter Optionen. Wir arbeiten ausschlie\u00dflich mit Partnern zusammen, die die nationale Gesetzgebung vollst\u00e4ndig einhalten, und f\u00fchren regelm\u00e4\u00dfige Bewertungen durch Feedback und Inspektionen vor Ort durch.<\/p>\n\n\n\n<h3 class=\"wp-block-heading\">Aktivit\u00e4ten, Touren und Ausfl\u00fcge<\/h3>\n\n\n\n<p>Alle Aktivit\u00e4ten folgen strengen Kriterien, um verantwortungsvolle, kulturell angemessene und umweltvertr\u00e4gliche Erfahrungen zu gew\u00e4hrleisten. Wir f\u00fchren ein aktuelles Verzeichnis von Partnerangeboten, wobei wir Optionen bevorzugen, die die Auswirkungen reduzieren und den lokalen Nutzen f\u00f6rdern.<\/p>\n\n\n\n<p>Wir w\u00e4hlen jede Aktivit\u00e4t sorgf\u00e4ltig nach dem Profil des Kunden aus und stellen sicher, dass keine davon Risiken f\u00fcr Menschen, Wildtiere, Flora oder empfindliche \u00d6kosysteme birgt. Der verantwortungsvolle Umgang mit Wildtieren, der Respekt vor nat\u00fcrlichen Lebensr\u00e4umen und die Beschr\u00e4nkung der Nutzung oder des Handels von Arten sind grundlegende Prinzipien.<\/p>\n\n\n\n<p>Wir bieten klare Leitlinien f\u00fcr kulturell und \u00f6kologisch sensible Aktivit\u00e4ten und werten die Erfahrungen regelm\u00e4\u00dfig durch Feedback und Kontrollen aus.<\/p>\n\n\n\n<h3 class=\"wp-block-heading\">Lokale Vertreter und Reisef\u00fchrer<\/h3>\n\n\n\n<p>Lokale Vertreter und Reiseleiter spielen eine wichtige Rolle f\u00fcr die Erfahrungen der Reisenden. Wir arbeiten mit Fachleuten zusammen, die sich zu verantwortungsvollem Verhalten, fairer Entlohnung, kontinuierlicher Weiterbildung und rechtskonformen Arbeitsbedingungen verpflichtet haben.<\/p>\n\n\n\n<p>Alle Partnerschaften werden mit klaren Richtlinien zu Verhalten, Qualit\u00e4t und Nachhaltigkeit formalisiert. Diese Fachleute geben auch relevante Informationen \u00fcber Nachhaltigkeit, Kultur und Verhaltenskodizes an die Reisenden weiter. Die Leistung wird regelm\u00e4\u00dfig durch Feedback \u00fcberwacht, um eine kontinuierliche Verbesserung zu gew\u00e4hrleisten.<\/p>\n\n\n\n<h3 class=\"wp-block-heading\">Reiseziele<\/h3>\n\n\n\n<p>Die Auswahl und das Management von Reisezielen erfolgt nach Nachhaltigkeitskriterien, bei denen die Erhaltung der Umwelt, der Respekt vor den lokalen Gemeinschaften und die Wertsch\u00e4tzung des kulturellen Erbes im Vordergrund stehen, um positive soziale, \u00f6kologische und wirtschaftliche Auswirkungen zu erzielen.<\/p>\n\n\n\n<p>Wir pr\u00fcfen neue Reiseziele sorgf\u00e4ltig und bevorzugen solche, die verantwortungsvolle Praktiken anwenden und negative Auswirkungen des Tourismus minimieren, w\u00e4hrend wir die lokale Wirtschaft durch regionale Anbieter und authentische Produkte st\u00e4rken.<\/p>\n\n\n\n<p>Wir unterst\u00fctzen nicht die Kommerzialisierung von Produkten, die gef\u00e4hrdete Arten oder das historische Erbe betreffen. Wir \u00fcberwachen die Ergebnisse kontinuierlich anhand von Indikatoren und Feedback, um die positiven Auswirkungen auszuweiten.<\/p>\n\n\n\n<h3 class=\"wp-block-heading\">Kommunikation und Kundenschutz<\/h3>\n\n\n\n<p>Die Kommunikation mit den Kunden ist von Transparenz, Sicherheit und Verantwortung gepr\u00e4gt und gew\u00e4hrleistet klare Informationen, den Schutz pers\u00f6nlicher Daten und eine Anleitung zu einer bewussteren Reiseentscheidung.<\/p>\n\n\n\n<p>Wir befolgen ethische Marketingpraktiken, stellen genaue und vollst\u00e4ndige Informationen \u00fcber Produkte und Reiseziele zur Verf\u00fcgung und f\u00f6rdern den Konsum von hochwertigen lokalen Dienstleistungen und Produkten.<\/p>\n\n\n\n<p>Wir weisen auch auf nachhaltige Unterk\u00fcnfte und Ausfl\u00fcge hin und geben spezielle Hinweise f\u00fcr sensible Aktivit\u00e4ten. Die Kundenzufriedenheit wird laufend \u00fcberwacht, und es gibt strukturierte Verfahren zur Bearbeitung und L\u00f6sung von Beschwerden, die eine kontinuierliche Verbesserung f\u00f6rdern.<\/p>","protected":false},"excerpt":{"rendered":"<p>Commitment to Sustainable Tourism Sustainability is part of Passion Brazil\u2019s essence and reflects the collective commitment of our brands to create authentic experiences, unforgettable emotions, and meaningful moments. We combine personalized service, quality accommodations, and experiences that highlight the natural richness and cultural identity of each destination. Our approach is built on operational excellence and [&hellip;]<\/p>\n","protected":false},"author":1,"featured_media":0,"parent":0,"menu_order":0,"comment_status":"closed","ping_status":"closed","template":"","meta":{"_acf_changed":false,"footnotes":""},"class_list":["post-813","page","type-page","status-publish","hentry"],"acf":[],"yoast_head":"<!-- This site is optimized with the Yoast SEO plugin v27.3 - https:\/\/yoast.com\/product\/yoast-seo-wordpress\/ -->\n<title>Sustainability Policy - Passion Brazil<\/title>\n<meta name=\"robots\" content=\"index, follow, max-snippet:-1, max-image-preview:large, max-video-preview:-1\" \/>\n<link rel=\"canonical\" href=\"https:\/\/passionbrazil.com\/de\/sustainability-policy\/\" \/>\n<meta property=\"og:locale\" content=\"de_DE\" \/>\n<meta property=\"og:type\" content=\"article\" \/>\n<meta property=\"og:title\" content=\"Sustainability Policy - Passion Brazil\" \/>\n<meta property=\"og:description\" content=\"Commitment to Sustainable Tourism Sustainability is part of Passion Brazil\u2019s essence and reflects the collective commitment of our brands to create authentic experiences, unforgettable emotions, and meaningful moments. We combine personalized service, quality accommodations, and experiences that highlight the natural richness and cultural identity of each destination. Our approach is built on operational excellence and [&hellip;]\" \/>\n<meta property=\"og:url\" content=\"https:\/\/passionbrazil.com\/de\/sustainability-policy\/\" \/>\n<meta property=\"og:site_name\" content=\"Passion Brazil\" \/>\n<meta property=\"article:modified_time\" content=\"2026-04-06T17:24:42+00:00\" \/>\n<meta name=\"twitter:card\" content=\"summary_large_image\" \/>\n<meta name=\"twitter:label1\" content=\"Gesch\u00e4tzte Lesezeit\" \/>\n\t<meta name=\"twitter:data1\" content=\"17\u00a0Minuten\" \/>\n<script type=\"application\/ld+json\" class=\"yoast-schema-graph\">{\"@context\":\"https:\\\/\\\/schema.org\",\"@graph\":[{\"@type\":\"WebPage\",\"@id\":\"https:\\\/\\\/passionbrazil.com\\\/sustainability-policy\\\/\",\"url\":\"https:\\\/\\\/passionbrazil.com\\\/sustainability-policy\\\/\",\"name\":\"Sustainability Policy - Passion Brazil\",\"isPartOf\":{\"@id\":\"https:\\\/\\\/passionbrazil.com\\\/#website\"},\"datePublished\":\"2026-02-21T13:53:42+00:00\",\"dateModified\":\"2026-04-06T17:24:42+00:00\",\"breadcrumb\":{\"@id\":\"https:\\\/\\\/passionbrazil.com\\\/sustainability-policy\\\/#breadcrumb\"},\"inLanguage\":\"de\",\"potentialAction\":[{\"@type\":\"ReadAction\",\"target\":[\"https:\\\/\\\/passionbrazil.com\\\/sustainability-policy\\\/\"]}]},{\"@type\":\"BreadcrumbList\",\"@id\":\"https:\\\/\\\/passionbrazil.com\\\/sustainability-policy\\\/#breadcrumb\",\"itemListElement\":[{\"@type\":\"ListItem\",\"position\":1,\"name\":\"In\u00edcio\",\"item\":\"https:\\\/\\\/passionbrazil.com\\\/\"},{\"@type\":\"ListItem\",\"position\":2,\"name\":\"Sustainability Policy\"}]},{\"@type\":\"WebSite\",\"@id\":\"https:\\\/\\\/passionbrazil.com\\\/#website\",\"url\":\"https:\\\/\\\/passionbrazil.com\\\/\",\"name\":\"Passion Brazil\",\"description\":\"Passion Brazil is your gateway to the heart and soul of Brazil, as a boutique DMC specializing in tailor-made trips off of all kinds.\",\"potentialAction\":[{\"@type\":\"SearchAction\",\"target\":{\"@type\":\"EntryPoint\",\"urlTemplate\":\"https:\\\/\\\/passionbrazil.com\\\/?s={search_term_string}\"},\"query-input\":{\"@type\":\"PropertyValueSpecification\",\"valueRequired\":true,\"valueName\":\"search_term_string\"}}],\"inLanguage\":\"de\"}]}<\/script>\n<!-- \/ Yoast SEO plugin. -->","yoast_head_json":{"title":"Sustainability Policy - Passion Brazil","robots":{"index":"index","follow":"follow","max-snippet":"max-snippet:-1","max-image-preview":"max-image-preview:large","max-video-preview":"max-video-preview:-1"},"canonical":"https:\/\/passionbrazil.com\/de\/sustainability-policy\/","og_locale":"de_DE","og_type":"article","og_title":"Sustainability Policy - Passion Brazil","og_description":"Commitment to Sustainable Tourism Sustainability is part of Passion Brazil\u2019s essence and reflects the collective commitment of our brands to create authentic experiences, unforgettable emotions, and meaningful moments. We combine personalized service, quality accommodations, and experiences that highlight the natural richness and cultural identity of each destination. Our approach is built on operational excellence and [&hellip;]","og_url":"https:\/\/passionbrazil.com\/de\/sustainability-policy\/","og_site_name":"Passion Brazil","article_modified_time":"2026-04-06T17:24:42+00:00","twitter_card":"summary_large_image","twitter_misc":{"Gesch\u00e4tzte Lesezeit":"17\u00a0Minuten"},"schema":{"@context":"https:\/\/schema.org","@graph":[{"@type":"WebPage","@id":"https:\/\/passionbrazil.com\/sustainability-policy\/","url":"https:\/\/passionbrazil.com\/sustainability-policy\/","name":"Sustainability Policy - Passion Brazil","isPartOf":{"@id":"https:\/\/passionbrazil.com\/#website"},"datePublished":"2026-02-21T13:53:42+00:00","dateModified":"2026-04-06T17:24:42+00:00","breadcrumb":{"@id":"https:\/\/passionbrazil.com\/sustainability-policy\/#breadcrumb"},"inLanguage":"de","potentialAction":[{"@type":"ReadAction","target":["https:\/\/passionbrazil.com\/sustainability-policy\/"]}]},{"@type":"BreadcrumbList","@id":"https:\/\/passionbrazil.com\/sustainability-policy\/#breadcrumb","itemListElement":[{"@type":"ListItem","position":1,"name":"In\u00edcio","item":"https:\/\/passionbrazil.com\/"},{"@type":"ListItem","position":2,"name":"Sustainability Policy"}]},{"@type":"WebSite","@id":"https:\/\/passionbrazil.com\/#website","url":"https:\/\/passionbrazil.com\/","name":"Passion Brasilien","description":"Passion Brazil ist Ihr Tor zum Herzen und zur Seele Brasiliens. Wir sind eine Boutique-DMC, die sich auf ma\u00dfgeschneiderte Reisen aller Art spezialisiert hat.","potentialAction":[{"@type":"SearchAction","target":{"@type":"EntryPoint","urlTemplate":"https:\/\/passionbrazil.com\/?s={search_term_string}"},"query-input":{"@type":"PropertyValueSpecification","valueRequired":true,"valueName":"search_term_string"}}],"inLanguage":"de"}]}},"_links":{"self":[{"href":"https:\/\/passionbrazil.com\/de\/wp-json\/wp\/v2\/pages\/813","targetHints":{"allow":["GET"]}}],"collection":[{"href":"https:\/\/passionbrazil.com\/de\/wp-json\/wp\/v2\/pages"}],"about":[{"href":"https:\/\/passionbrazil.com\/de\/wp-json\/wp\/v2\/types\/page"}],"author":[{"embeddable":true,"href":"https:\/\/passionbrazil.com\/de\/wp-json\/wp\/v2\/users\/1"}],"replies":[{"embeddable":true,"href":"https:\/\/passionbrazil.com\/de\/wp-json\/wp\/v2\/comments?post=813"}],"version-history":[{"count":6,"href":"https:\/\/passionbrazil.com\/de\/wp-json\/wp\/v2\/pages\/813\/revisions"}],"predecessor-version":[{"id":831,"href":"https:\/\/passionbrazil.com\/de\/wp-json\/wp\/v2\/pages\/813\/revisions\/831"}],"wp:attachment":[{"href":"https:\/\/passionbrazil.com\/de\/wp-json\/wp\/v2\/media?parent=813"}],"curies":[{"name":"wp","href":"https:\/\/api.w.org\/{rel}","templated":true}]}}