{"id":3,"date":"2024-08-21T10:31:34","date_gmt":"2024-08-21T10:31:34","guid":{"rendered":"http:\/\/passionbrazil.com\/?page_id=3"},"modified":"2024-10-29T12:31:58","modified_gmt":"2024-10-29T12:31:58","slug":"politica-de-privacidade","status":"publish","type":"page","link":"https:\/\/passionbrazil.com\/es\/politica-de-privacidade\/","title":{"rendered":"Pol\u00edtica de Cookies"},"content":{"rendered":"<p>Al hacer clic en el bot\u00f3n \"<strong>ACEITO\", o USU\u00c1RIO declara-se ciente a respeito dos tratamentos de seus dados pessoais nos termos da presente POL\u00cdTICA DE\u00a0<em>COOKIES<\/em><\/strong>. Si no est\u00e1 de acuerdo con los t\u00e9rminos y condiciones, deber\u00e1 interrumpir el uso del sitio.<\/p>\n\n\n\n<h2 class=\"wp-block-heading\">Lo que son Cookies<\/h2>\n\n\n\n<p>Las cookies son peque\u00f1os archivos de texto que se utilizan para almacenar informaci\u00f3n. Se almacenan en su dispositivo cuando el sitio se carga en su navegador. Estas cookies nos ayudan a hacer que el sitio funcione correctamente, hacerlo m\u00e1s seguro, proporcionar una mejor experiencia y analizar lo que se puede mejorar.<\/p>\n\n\n\n<h2 class=\"wp-block-heading\">C\u00f3mo usamos las cookies<\/h2>\n\n\n\n<p>Como la mayor\u00eda de los servicios en l\u00ednea, nuestro sitio utiliza cookies primarias y terciarias para diversos fines. Las cookies primarias son necesarias para el correcto funcionamiento del sitio y no almacenan ning\u00fan dato de identificaci\u00f3n personal. Las cookies de terceros se utilizan principalmente para comprender c\u00f3mo utiliza nuestro sitio, mantener nuestros servicios seguros y, en definitiva, proporcionarle una experiencia de usuario mejorada y ayudarle a acelerar sus futuras interacciones con nuestro sitio.<\/p>\n\n\n\n<h2 class=\"wp-block-heading\">Tipos de cookies utilizadas<\/h2>\n\n\n\n<p><strong>Esencial<\/strong>: Algunas cookies son esenciales para que usted pueda experimentar todas las funcionalidades de nuestro sitio. Nos permiten mantener las sesiones del usuario y prevenir cualquier problema de seguridad. No recopilan ni almacenan ning\u00fan tipo de informaci\u00f3n personal.<\/p>\n\n\n\n<p><strong>Estad\u00edsticas<\/strong>: Estas cookies almacenan informaci\u00f3n como el n\u00famero de visitantes del sitio, el n\u00famero de visitantes \u00fanicos, qu\u00e9 p\u00e1ginas del sitio se visitaron, el origen de la visita, etc. Estos datos nos ayudan a comprender y analizar el rendimiento del sitio y d\u00f3nde se necesitan mejoras.<\/p>\n\n\n\n<p><strong>Funcional:<\/strong>&nbsp;Se trata de cookies que ayudan a determinadas funciones no esenciales de nuestro sitio web. Estas funciones incluyen la incorporaci\u00f3n de contenido como v\u00eddeos o la compartici\u00f3n de contenido del sitio en plataformas de redes sociales.<\/p>","protected":false},"excerpt":{"rendered":"<p>Ao clicar no bot\u00e3o \u201cACEITO\u201d, o USU\u00c1RIO declara-se ciente a respeito dos tratamentos de seus dados pessoais nos termos da presente POL\u00cdTICA DE\u00a0COOKIES. Caso n\u00e3o concorde com os termos e condi\u00e7\u00f5es, deve interromper o uso do site. O que s\u00e3o Cookies Cookies s\u00e3o pequenos arquivos de texto usados para armazenar informa\u00e7\u00f5es. Eles s\u00e3o armazenados em [&hellip;]<\/p>\n","protected":false},"author":1,"featured_media":0,"parent":0,"menu_order":10,"comment_status":"closed","ping_status":"closed","template":"","meta":{"_acf_changed":false,"footnotes":""},"class_list":["post-3","page","type-page","status-publish","hentry"],"acf":[],"yoast_head":"<!-- This site is optimized with the Yoast SEO plugin v27.3 - https:\/\/yoast.com\/product\/yoast-seo-wordpress\/ -->\n<title>Pol\u00edtica de Cookies - Passion Brazil<\/title>\n<meta name=\"robots\" content=\"index, follow, max-snippet:-1, max-image-preview:large, max-video-preview:-1\" \/>\n<link rel=\"canonical\" href=\"https:\/\/passionbrazil.com\/es\/politica-de-privacidade\/\" \/>\n<meta property=\"og:locale\" content=\"es_ES\" \/>\n<meta property=\"og:type\" content=\"article\" \/>\n<meta property=\"og:title\" content=\"Pol\u00edtica de Cookies - Passion Brazil\" \/>\n<meta property=\"og:description\" content=\"Ao clicar no bot\u00e3o \u201cACEITO\u201d, o USU\u00c1RIO declara-se ciente a respeito dos tratamentos de seus dados pessoais nos termos da presente POL\u00cdTICA DE\u00a0COOKIES. Caso n\u00e3o concorde com os termos e condi\u00e7\u00f5es, deve interromper o uso do site. O que s\u00e3o Cookies Cookies s\u00e3o pequenos arquivos de texto usados para armazenar informa\u00e7\u00f5es. Eles s\u00e3o armazenados em [&hellip;]\" \/>\n<meta property=\"og:url\" content=\"https:\/\/passionbrazil.com\/es\/politica-de-privacidade\/\" \/>\n<meta property=\"og:site_name\" content=\"Passion Brazil\" \/>\n<meta property=\"article:modified_time\" content=\"2024-10-29T12:31:58+00:00\" \/>\n<meta name=\"twitter:card\" content=\"summary_large_image\" \/>\n<meta name=\"twitter:label1\" content=\"Tiempo de lectura\" \/>\n\t<meta name=\"twitter:data1\" content=\"2 minutos\" \/>\n<script type=\"application\/ld+json\" class=\"yoast-schema-graph\">{\"@context\":\"https:\\\/\\\/schema.org\",\"@graph\":[{\"@type\":\"WebPage\",\"@id\":\"https:\\\/\\\/passionbrazil.com\\\/politica-de-privacidade\\\/\",\"url\":\"https:\\\/\\\/passionbrazil.com\\\/politica-de-privacidade\\\/\",\"name\":\"Pol\u00edtica de Cookies - Passion Brazil\",\"isPartOf\":{\"@id\":\"https:\\\/\\\/passionbrazil.com\\\/#website\"},\"datePublished\":\"2024-08-21T10:31:34+00:00\",\"dateModified\":\"2024-10-29T12:31:58+00:00\",\"breadcrumb\":{\"@id\":\"https:\\\/\\\/passionbrazil.com\\\/politica-de-privacidade\\\/#breadcrumb\"},\"inLanguage\":\"es\",\"potentialAction\":[{\"@type\":\"ReadAction\",\"target\":[\"https:\\\/\\\/passionbrazil.com\\\/politica-de-privacidade\\\/\"]}]},{\"@type\":\"BreadcrumbList\",\"@id\":\"https:\\\/\\\/passionbrazil.com\\\/politica-de-privacidade\\\/#breadcrumb\",\"itemListElement\":[{\"@type\":\"ListItem\",\"position\":1,\"name\":\"In\u00edcio\",\"item\":\"https:\\\/\\\/passionbrazil.com\\\/\"},{\"@type\":\"ListItem\",\"position\":2,\"name\":\"Pol\u00edtica de Cookies\"}]},{\"@type\":\"WebSite\",\"@id\":\"https:\\\/\\\/passionbrazil.com\\\/#website\",\"url\":\"https:\\\/\\\/passionbrazil.com\\\/\",\"name\":\"Passion Brazil\",\"description\":\"Passion Brazil is your gateway to the heart and soul of Brazil, as a boutique DMC specializing in tailor-made trips off of all kinds.\",\"potentialAction\":[{\"@type\":\"SearchAction\",\"target\":{\"@type\":\"EntryPoint\",\"urlTemplate\":\"https:\\\/\\\/passionbrazil.com\\\/?s={search_term_string}\"},\"query-input\":{\"@type\":\"PropertyValueSpecification\",\"valueRequired\":true,\"valueName\":\"search_term_string\"}}],\"inLanguage\":\"es\"}]}<\/script>\n<!-- \/ Yoast SEO plugin. -->","yoast_head_json":{"title":"Pol\u00edtica de Cookies - Passion Brazil","robots":{"index":"index","follow":"follow","max-snippet":"max-snippet:-1","max-image-preview":"max-image-preview:large","max-video-preview":"max-video-preview:-1"},"canonical":"https:\/\/passionbrazil.com\/es\/politica-de-privacidade\/","og_locale":"es_ES","og_type":"article","og_title":"Pol\u00edtica de Cookies - Passion Brazil","og_description":"Ao clicar no bot\u00e3o \u201cACEITO\u201d, o USU\u00c1RIO declara-se ciente a respeito dos tratamentos de seus dados pessoais nos termos da presente POL\u00cdTICA DE\u00a0COOKIES. Caso n\u00e3o concorde com os termos e condi\u00e7\u00f5es, deve interromper o uso do site. O que s\u00e3o Cookies Cookies s\u00e3o pequenos arquivos de texto usados para armazenar informa\u00e7\u00f5es. Eles s\u00e3o armazenados em [&hellip;]","og_url":"https:\/\/passionbrazil.com\/es\/politica-de-privacidade\/","og_site_name":"Passion Brazil","article_modified_time":"2024-10-29T12:31:58+00:00","twitter_card":"summary_large_image","twitter_misc":{"Tiempo de lectura":"2 minutos"},"schema":{"@context":"https:\/\/schema.org","@graph":[{"@type":"WebPage","@id":"https:\/\/passionbrazil.com\/politica-de-privacidade\/","url":"https:\/\/passionbrazil.com\/politica-de-privacidade\/","name":"Pol\u00edtica de Cookies - Passion Brazil","isPartOf":{"@id":"https:\/\/passionbrazil.com\/#website"},"datePublished":"2024-08-21T10:31:34+00:00","dateModified":"2024-10-29T12:31:58+00:00","breadcrumb":{"@id":"https:\/\/passionbrazil.com\/politica-de-privacidade\/#breadcrumb"},"inLanguage":"es","potentialAction":[{"@type":"ReadAction","target":["https:\/\/passionbrazil.com\/politica-de-privacidade\/"]}]},{"@type":"BreadcrumbList","@id":"https:\/\/passionbrazil.com\/politica-de-privacidade\/#breadcrumb","itemListElement":[{"@type":"ListItem","position":1,"name":"In\u00edcio","item":"https:\/\/passionbrazil.com\/"},{"@type":"ListItem","position":2,"name":"Pol\u00edtica de Cookies"}]},{"@type":"WebSite","@id":"https:\/\/passionbrazil.com\/#website","url":"https:\/\/passionbrazil.com\/","name":"Pasi\u00f3n Brasil","description":"Passion Brazil es su puerta de entrada al coraz\u00f3n y el alma de Brasil, como DMC boutique especializada en viajes a medida fuera de todo tipo.","potentialAction":[{"@type":"SearchAction","target":{"@type":"EntryPoint","urlTemplate":"https:\/\/passionbrazil.com\/?s={search_term_string}"},"query-input":{"@type":"PropertyValueSpecification","valueRequired":true,"valueName":"search_term_string"}}],"inLanguage":"es"}]}},"_links":{"self":[{"href":"https:\/\/passionbrazil.com\/es\/wp-json\/wp\/v2\/pages\/3","targetHints":{"allow":["GET"]}}],"collection":[{"href":"https:\/\/passionbrazil.com\/es\/wp-json\/wp\/v2\/pages"}],"about":[{"href":"https:\/\/passionbrazil.com\/es\/wp-json\/wp\/v2\/types\/page"}],"author":[{"embeddable":true,"href":"https:\/\/passionbrazil.com\/es\/wp-json\/wp\/v2\/users\/1"}],"replies":[{"embeddable":true,"href":"https:\/\/passionbrazil.com\/es\/wp-json\/wp\/v2\/comments?post=3"}],"version-history":[{"count":4,"href":"https:\/\/passionbrazil.com\/es\/wp-json\/wp\/v2\/pages\/3\/revisions"}],"predecessor-version":[{"id":473,"href":"https:\/\/passionbrazil.com\/es\/wp-json\/wp\/v2\/pages\/3\/revisions\/473"}],"wp:attachment":[{"href":"https:\/\/passionbrazil.com\/es\/wp-json\/wp\/v2\/media?parent=3"}],"curies":[{"name":"wp","href":"https:\/\/api.w.org\/{rel}","templated":true}]}}