{"id":556,"date":"2025-02-04T22:03:09","date_gmt":"2025-02-04T22:03:09","guid":{"rendered":"https:\/\/passionbrazil.com\/?page_id=556"},"modified":"2025-10-28T20:13:42","modified_gmt":"2025-10-28T20:13:42","slug":"calendar","status":"publish","type":"page","link":"https:\/\/passionbrazil.com\/es\/calendar\/","title":{"rendered":"Calendario"},"content":{"rendered":"<hr class=\"wp-block-separator has-alpha-channel-opacity\"\/>\n\n\n\n<h2 class=\"wp-block-heading\">Fiestas nacionales y principales fiestas locales - 2026<\/h2>\n\n\n\n<p><\/p>\n\n\n\n<ul class=\"wp-block-list\">\n<li>1 de enero -<strong>\u00a0A\u00f1o Nuevo<\/strong>\u00a0- Celebraci\u00f3n universal<\/li>\n\n\n\n<li>Del 14 de febrero al 17 de febrero -\u00a0<strong>Carnaval<\/strong><\/li>\n\n\n\n<li>18 de febrero - Mi\u00e9rcoles de Ceniza\u00a0<strong>Carnaval<\/strong><\/li>\n\n\n\n<li>5 de abril -\u00a0<strong>Semana Santa<\/strong><\/li>\n\n\n\n<li>21 de abril -\u00a0<strong>D\u00eda de Tiradentes<\/strong>\u00a0(m\u00e1rtir nacionalista brasile\u00f1o del siglo XVIII)<\/li>\n\n\n\n<li>1 de mayo.<strong>\u00a0D\u00eda del Trabajo<\/strong><\/li>\n\n\n\n<li>4 de junio.\u00a0<strong>Corpus Christi<\/strong>\u00a0(D\u00eda de la Ascensi\u00f3n)<\/li>\n\n\n\n<li>24 de junio -<strong>\u00a0D\u00eda de San Juan<\/strong>\u00a0(s\u00f3lo en algunos estados del noreste)<\/li>\n\n\n\n<li>7 de septiembre.\u00a0<strong>D\u00eda de la Independencia de Brasil<\/strong><\/li>\n\n\n\n<li>12 de octubre\u00a0<strong>D\u00eda de Nuestra Se\u00f1ora de Aparecida<\/strong>\u00a0(patrona de Brasil)<\/li>\n\n\n\n<li>2 de noviembre -\u00a0<strong>D\u00eda de los Difuntos<\/strong><\/li>\n\n\n\n<li>15 de noviembre -\u00a0<strong>Proclamaci\u00f3n del D\u00eda de la Rep\u00fablica<\/strong><\/li>\n\n\n\n<li>20 de noviembre -\u00a0<strong>D\u00eda de la Conciencia Negra<\/strong><\/li>\n\n\n\n<li>25 de diciembre -\u00a0<strong>Navidad<\/strong><\/li>\n<\/ul>\n\n\n\n<p><strong><em><mark style=\"background-color:rgba(0, 0, 0, 0)\" class=\"has-inline-color has-vivid-red-color\">Nota: Las fechas indicadas pueden afectar a la disponibilidad y los precios de los hoteles. Durante los d\u00edas festivos y eventos, locales o nacionales, los servicios, el transporte y las tiendas pueden funcionar de forma diferente. Tambi\u00e9n pueden producirse molestias ac\u00fasticas y cierres de carreteras.<\/mark><\/em><\/strong><\/p>\n\n\n\n<p><em><mark style=\"background-color:rgba(0, 0, 0, 0)\" class=\"has-inline-color has-vivid-red-color\"><strong>Compruebe las fechas antes de reservar y, en caso de duda, p\u00f3ngase en contacto con nuestros operadores.<\/strong><\/mark><\/em><\/p>\n\n\n\n<hr class=\"wp-block-separator has-alpha-channel-opacity\"\/>\n\n\n\n<h2 class=\"wp-block-heading\">Principales acontecimientos - 2026<\/h2>\n\n\n\n<p><br>Este calendario se actualizar\u00e1 peri\u00f3dicamente en funci\u00f3n de las confirmaciones de fechas. Todos los eventos est\u00e1n sujetos a cambios sin previo aviso.<\/p>\n\n\n\n<p><strong>Permanezca atento.<\/strong>&nbsp;En 2026 tendremos el mayor acontecimiento futbol\u00edstico del mundo. La Copa Mundial de la FIFA impulsar\u00e1 el turismo, la cultura y la econom\u00eda de varias ciudades.<\/p>\n\n\n\n<p><strong>Calendario de grandes acontecimientos 2026<\/strong><br><br>Este calendario se actualizar\u00e1 peri\u00f3dicamente en funci\u00f3n de las confirmaciones de fechas. Todos los eventos est\u00e1n sujetos a cambios sin previo aviso.<\/p>\n\n\n\n<p><strong>Permanezca atento.<\/strong>&nbsp;En 2026 tendremos el mayor acontecimiento futbol\u00edstico del mundo. La Copa Mundial de la FIFA impulsar\u00e1 el turismo, la cultura y la econom\u00eda de varias ciudades.<\/p>\n\n\n\n<p><strong>&nbsp;Copa del Mundo - del 11 de junio al 19 de julio<\/strong><\/p>\n\n\n\n<p>Pronto anunciaremos<strong>&nbsp;las sedes acreditadas por la FIFA para ver los partidos en R\u00edo de Janeiro y otras ciudades.<\/strong><\/p>\n\n\n\n<p><strong>Eventos<\/strong><\/p>\n\n\n\n<p><strong>R\u00edo de Janeiro<\/strong><\/p>\n\n\n\n<ul class=\"wp-block-list\">\n<li>20 de enero -\u00a0<strong>Fiesta de San Sebasti\u00e1n<\/strong><\/li>\n\n\n\n<li>Del 4 al 7 de febrero<strong>\u00a0Sociedad de Resonancia Magn\u00e9tica Cardiovascular (SCMR), Windsor Convention Center &amp; Hotels<\/strong><\/li>\n\n\n\n<li>14-17 de febrero -\u00a0<strong>Carnaval<\/strong><\/li>\n\n\n\n<li>Del 3 al 5 de marzo\u00a0<strong>Rutas Am\u00e9ricas 2026, Expo Rio Cidade Nova<\/strong><\/li>\n\n\n\n<li>26 de abril -\u00a0<strong>The Weeknd, Estadio Nilton Santos<\/strong><\/li>\n\n\n\n<li>4, 5, 6, 7 y 11, 12, 13 de septiembre -\u00a0<strong>Rock in Rio 2026, Parque Ol\u00edmpico<\/strong><\/li>\n<\/ul>\n\n\n\n<p><strong>S\u00e3o Paulo<\/strong><\/p>\n\n\n\n<ul class=\"wp-block-list\">\n<li>5 y 6 de febrero\u00a0<strong>My Chemical Romance, Allianz Parque<\/strong><\/li>\n\n\n\n<li>20-21 de febrero -\u00a0<strong>Bad Bunny, Allianz Parque<\/strong><\/li>\n\n\n\n<li>12-14 de marzo -\u00a0<strong>Feria Pesca, Distrito Anhembi<\/strong><\/li>\n\n\n\n<li>20-22 de marzo -<strong>\u00a0Lollapalooza Brasil 2026, Hip\u00f3dromo de Interlagos<\/strong><\/li>\n\n\n\n<li>14-16 de abril\u00a0<strong>WTM Latin America, Expo Center Norte<\/strong><\/li>\n\n\n\n<li>30 de abril y 1 de mayo -<strong>\u00a0The Weeknd, Estadio MorumBIS<\/strong><\/li>\n<\/ul>\n\n\n\n<p><strong>Foz de Iguaz\u00fa<\/strong><br><strong><\/strong><\/p>\n\n\n\n<ul class=\"wp-block-list\">\n<li><strong>10-12 de junio\u00a0<\/strong><strong>Festival das Cataratas, Rafain Palace Hotel &amp; Convention<\/strong><\/li>\n<\/ul>\n\n\n\n<p><strong>Salvador - Bah\u00eda<\/strong><\/p>\n\n\n\n<ul class=\"wp-block-list\">\n<li>16 de enero -\u00a0<strong>Fiesta del Se\u00f1or de Bonfim<\/strong><\/li>\n\n\n\n<li>24-25 de enero -\u00a0<strong>Festival de Verano de Salvador<\/strong><\/li>\n\n\n\n<li>2 de febrero -\u00a0<strong>Fiesta de Iemanj\u00e1<\/strong><\/li>\n\n\n\n<li>14-17 de febrero -\u00a0<strong>Carnaval<\/strong><\/li>\n\n\n\n<li>16 de febrero -\u00a0<strong>Camarote Salvador: Concierto de Ne-Yo, Palco Praia<\/strong><\/li>\n\n\n\n<li>2 de julio.\u00a0<strong>D\u00eda de la Independencia de Bah\u00eda<\/strong><\/li>\n<\/ul>\n\n\n\n<p><strong>Bel\u00e9m<\/strong><\/p>\n\n\n\n<ul class=\"wp-block-list\">\n<li>11 de octubre\u00a0<strong>C\u00edrio de Nazar\u00e9 - Fiesta religiosa<\/strong><\/li>\n<\/ul>\n\n\n\n<p><strong><em><mark style=\"background-color:rgba(0, 0, 0, 0)\" class=\"has-inline-color has-vivid-red-color\">Nota: Las fechas indicadas pueden afectar a la disponibilidad y los precios de los hoteles. Durante los d\u00edas festivos y eventos, locales o nacionales, los servicios, el transporte y las tiendas pueden funcionar de forma diferente. Tambi\u00e9n pueden producirse molestias ac\u00fasticas y cierres de carreteras.<\/mark><\/em><\/strong><\/p>\n\n\n\n<p><em><mark style=\"background-color:rgba(0, 0, 0, 0)\" class=\"has-inline-color has-vivid-red-color\"><strong>Compruebe las fechas antes de reservar y, en caso de duda, p\u00f3ngase en contacto con nuestros operadores.<\/strong><\/mark><\/em><\/p>\n\n\n\n<hr class=\"wp-block-separator has-alpha-channel-opacity\"\/>","protected":false},"excerpt":{"rendered":"<p>National and main local holidays - 2026 Please note: The dates above may affect hotel availability and prices. During public holidays and events, local or national, services, transport and shops may operate differently. Noise disturbances and road closures may also occur. Please check the dates before booking and, if in doubt, contact our operators. Main [&hellip;]<\/p>\n","protected":false},"author":1,"featured_media":0,"parent":0,"menu_order":0,"comment_status":"closed","ping_status":"closed","template":"","meta":{"_acf_changed":false,"footnotes":""},"class_list":["post-556","page","type-page","status-publish","hentry"],"acf":[],"yoast_head":"<!-- This site is optimized with the Yoast SEO plugin v27.3 - https:\/\/yoast.com\/product\/yoast-seo-wordpress\/ -->\n<title>Calendar - Passion Brazil<\/title>\n<meta name=\"robots\" content=\"index, follow, max-snippet:-1, max-image-preview:large, max-video-preview:-1\" \/>\n<link rel=\"canonical\" href=\"https:\/\/passionbrazil.com\/es\/calendar\/\" \/>\n<meta property=\"og:locale\" content=\"es_ES\" \/>\n<meta property=\"og:type\" content=\"article\" \/>\n<meta property=\"og:title\" content=\"Calendar - Passion Brazil\" \/>\n<meta property=\"og:description\" content=\"National and main local holidays - 2026 Please note: The dates above may affect hotel availability and prices. During public holidays and events, local or national, services, transport and shops may operate differently. Noise disturbances and road closures may also occur. Please check the dates before booking and, if in doubt, contact our operators. Main [&hellip;]\" \/>\n<meta property=\"og:url\" content=\"https:\/\/passionbrazil.com\/es\/calendar\/\" \/>\n<meta property=\"og:site_name\" content=\"Passion Brazil\" \/>\n<meta property=\"article:modified_time\" content=\"2025-10-28T20:13:42+00:00\" \/>\n<meta name=\"twitter:card\" content=\"summary_large_image\" \/>\n<meta name=\"twitter:label1\" content=\"Tiempo de lectura\" \/>\n\t<meta name=\"twitter:data1\" content=\"3 minutos\" \/>\n<script type=\"application\/ld+json\" class=\"yoast-schema-graph\">{\"@context\":\"https:\\\/\\\/schema.org\",\"@graph\":[{\"@type\":\"WebPage\",\"@id\":\"https:\\\/\\\/passionbrazil.com\\\/calendar\\\/\",\"url\":\"https:\\\/\\\/passionbrazil.com\\\/calendar\\\/\",\"name\":\"Calendar - Passion Brazil\",\"isPartOf\":{\"@id\":\"https:\\\/\\\/passionbrazil.com\\\/#website\"},\"datePublished\":\"2025-02-04T22:03:09+00:00\",\"dateModified\":\"2025-10-28T20:13:42+00:00\",\"breadcrumb\":{\"@id\":\"https:\\\/\\\/passionbrazil.com\\\/calendar\\\/#breadcrumb\"},\"inLanguage\":\"es\",\"potentialAction\":[{\"@type\":\"ReadAction\",\"target\":[\"https:\\\/\\\/passionbrazil.com\\\/calendar\\\/\"]}]},{\"@type\":\"BreadcrumbList\",\"@id\":\"https:\\\/\\\/passionbrazil.com\\\/calendar\\\/#breadcrumb\",\"itemListElement\":[{\"@type\":\"ListItem\",\"position\":1,\"name\":\"In\u00edcio\",\"item\":\"https:\\\/\\\/passionbrazil.com\\\/\"},{\"@type\":\"ListItem\",\"position\":2,\"name\":\"Calendar\"}]},{\"@type\":\"WebSite\",\"@id\":\"https:\\\/\\\/passionbrazil.com\\\/#website\",\"url\":\"https:\\\/\\\/passionbrazil.com\\\/\",\"name\":\"Passion Brazil\",\"description\":\"Passion Brazil is your gateway to the heart and soul of Brazil, as a boutique DMC specializing in tailor-made trips off of all kinds.\",\"potentialAction\":[{\"@type\":\"SearchAction\",\"target\":{\"@type\":\"EntryPoint\",\"urlTemplate\":\"https:\\\/\\\/passionbrazil.com\\\/?s={search_term_string}\"},\"query-input\":{\"@type\":\"PropertyValueSpecification\",\"valueRequired\":true,\"valueName\":\"search_term_string\"}}],\"inLanguage\":\"es\"}]}<\/script>\n<!-- \/ Yoast SEO plugin. -->","yoast_head_json":{"title":"Calendario - Passion Brasil","robots":{"index":"index","follow":"follow","max-snippet":"max-snippet:-1","max-image-preview":"max-image-preview:large","max-video-preview":"max-video-preview:-1"},"canonical":"https:\/\/passionbrazil.com\/es\/calendar\/","og_locale":"es_ES","og_type":"article","og_title":"Calendar - Passion Brazil","og_description":"National and main local holidays - 2026 Please note: The dates above may affect hotel availability and prices. During public holidays and events, local or national, services, transport and shops may operate differently. Noise disturbances and road closures may also occur. Please check the dates before booking and, if in doubt, contact our operators. Main [&hellip;]","og_url":"https:\/\/passionbrazil.com\/es\/calendar\/","og_site_name":"Passion Brazil","article_modified_time":"2025-10-28T20:13:42+00:00","twitter_card":"summary_large_image","twitter_misc":{"Tiempo de lectura":"3 minutos"},"schema":{"@context":"https:\/\/schema.org","@graph":[{"@type":"WebPage","@id":"https:\/\/passionbrazil.com\/calendar\/","url":"https:\/\/passionbrazil.com\/calendar\/","name":"Calendario - Passion Brasil","isPartOf":{"@id":"https:\/\/passionbrazil.com\/#website"},"datePublished":"2025-02-04T22:03:09+00:00","dateModified":"2025-10-28T20:13:42+00:00","breadcrumb":{"@id":"https:\/\/passionbrazil.com\/calendar\/#breadcrumb"},"inLanguage":"es","potentialAction":[{"@type":"ReadAction","target":["https:\/\/passionbrazil.com\/calendar\/"]}]},{"@type":"BreadcrumbList","@id":"https:\/\/passionbrazil.com\/calendar\/#breadcrumb","itemListElement":[{"@type":"ListItem","position":1,"name":"In\u00edcio","item":"https:\/\/passionbrazil.com\/"},{"@type":"ListItem","position":2,"name":"Calendar"}]},{"@type":"WebSite","@id":"https:\/\/passionbrazil.com\/#website","url":"https:\/\/passionbrazil.com\/","name":"Pasi\u00f3n Brasil","description":"Passion Brazil es su puerta de entrada al coraz\u00f3n y el alma de Brasil, como DMC boutique especializada en viajes a medida fuera de todo tipo.","potentialAction":[{"@type":"SearchAction","target":{"@type":"EntryPoint","urlTemplate":"https:\/\/passionbrazil.com\/?s={search_term_string}"},"query-input":{"@type":"PropertyValueSpecification","valueRequired":true,"valueName":"search_term_string"}}],"inLanguage":"es"}]}},"_links":{"self":[{"href":"https:\/\/passionbrazil.com\/es\/wp-json\/wp\/v2\/pages\/556","targetHints":{"allow":["GET"]}}],"collection":[{"href":"https:\/\/passionbrazil.com\/es\/wp-json\/wp\/v2\/pages"}],"about":[{"href":"https:\/\/passionbrazil.com\/es\/wp-json\/wp\/v2\/types\/page"}],"author":[{"embeddable":true,"href":"https:\/\/passionbrazil.com\/es\/wp-json\/wp\/v2\/users\/1"}],"replies":[{"embeddable":true,"href":"https:\/\/passionbrazil.com\/es\/wp-json\/wp\/v2\/comments?post=556"}],"version-history":[{"count":18,"href":"https:\/\/passionbrazil.com\/es\/wp-json\/wp\/v2\/pages\/556\/revisions"}],"predecessor-version":[{"id":808,"href":"https:\/\/passionbrazil.com\/es\/wp-json\/wp\/v2\/pages\/556\/revisions\/808"}],"wp:attachment":[{"href":"https:\/\/passionbrazil.com\/es\/wp-json\/wp\/v2\/media?parent=556"}],"curies":[{"name":"wp","href":"https:\/\/api.w.org\/{rel}","templated":true}]}}