{"id":588,"date":"2025-02-27T21:05:02","date_gmt":"2025-02-27T21:05:02","guid":{"rendered":"https:\/\/passionbrazil.com\/?page_id=588"},"modified":"2025-02-28T15:53:40","modified_gmt":"2025-02-28T15:53:40","slug":"who-we-are","status":"publish","type":"page","link":"https:\/\/passionbrazil.com\/es\/who-we-are\/","title":{"rendered":"Qui\u00e9nes somos"},"content":{"rendered":"<p>Passion Brazil es su puerta de entrada al coraz\u00f3n y el alma de Brasil. Establecidos en R\u00edo de Janeiro desde 2004, hemos desarrollado nuestra experiencia para crear experiencias de viaje memorables para nuestros viajeros internacionales. Somos un DMC boutique especializado en vacaciones a medida, viajes de inter\u00e9s especial, grupos de ocio y de negocios, eventos y viajes de incentivo.<\/p>","protected":false},"excerpt":{"rendered":"<p>Passion Brazil es su puerta de entrada al coraz\u00f3n y el alma de Brasil. Establecidos en R\u00edo de Janeiro desde 2004, hemos desarrollado nuestra experiencia para crear experiencias de viaje memorables para nuestros viajeros internacionales. Somos un DMC boutique especializado en vacaciones a medida, viajes de inter\u00e9s especial, grupos de ocio y de negocios, eventos y viajes de incentivo.<\/p>","protected":false},"author":1,"featured_media":0,"parent":0,"menu_order":0,"comment_status":"closed","ping_status":"closed","template":"","meta":{"_acf_changed":false,"footnotes":""},"class_list":["post-588","page","type-page","status-publish","hentry"],"acf":[],"yoast_head":"<!-- This site is optimized with the Yoast SEO plugin v27.3 - https:\/\/yoast.com\/product\/yoast-seo-wordpress\/ -->\n<title>Who We Are - Passion Brazil<\/title>\n<meta name=\"robots\" content=\"index, follow, max-snippet:-1, max-image-preview:large, max-video-preview:-1\" \/>\n<link rel=\"canonical\" href=\"https:\/\/passionbrazil.com\/es\/who-we-are\/\" \/>\n<meta property=\"og:locale\" content=\"es_ES\" \/>\n<meta property=\"og:type\" content=\"article\" \/>\n<meta property=\"og:title\" content=\"Who We Are - Passion Brazil\" \/>\n<meta property=\"og:description\" content=\"Passion Brazil is your gateway to the heart and soul of Brazil. Established in Rio de Janeiro since 2004, we\u2019ve developed our expertise to craft memorable travel experiences for our international travelers. We are a boutique DMC specializing in tailor-made holidays, special interest tours, leisure and business groups, events and incentive travel.\" \/>\n<meta property=\"og:url\" content=\"https:\/\/passionbrazil.com\/es\/who-we-are\/\" \/>\n<meta property=\"og:site_name\" content=\"Passion Brazil\" \/>\n<meta property=\"article:modified_time\" content=\"2025-02-28T15:53:40+00:00\" \/>\n<meta name=\"twitter:card\" content=\"summary_large_image\" \/>\n<meta name=\"twitter:label1\" content=\"Tiempo de lectura\" \/>\n\t<meta name=\"twitter:data1\" content=\"3 minutos\" \/>\n<script type=\"application\/ld+json\" class=\"yoast-schema-graph\">{\"@context\":\"https:\\\/\\\/schema.org\",\"@graph\":[{\"@type\":\"WebPage\",\"@id\":\"https:\\\/\\\/passionbrazil.com\\\/who-we-are\\\/\",\"url\":\"https:\\\/\\\/passionbrazil.com\\\/who-we-are\\\/\",\"name\":\"Who We Are - Passion Brazil\",\"isPartOf\":{\"@id\":\"https:\\\/\\\/passionbrazil.com\\\/#website\"},\"datePublished\":\"2025-02-27T21:05:02+00:00\",\"dateModified\":\"2025-02-28T15:53:40+00:00\",\"breadcrumb\":{\"@id\":\"https:\\\/\\\/passionbrazil.com\\\/who-we-are\\\/#breadcrumb\"},\"inLanguage\":\"es\",\"potentialAction\":[{\"@type\":\"ReadAction\",\"target\":[\"https:\\\/\\\/passionbrazil.com\\\/who-we-are\\\/\"]}]},{\"@type\":\"BreadcrumbList\",\"@id\":\"https:\\\/\\\/passionbrazil.com\\\/who-we-are\\\/#breadcrumb\",\"itemListElement\":[{\"@type\":\"ListItem\",\"position\":1,\"name\":\"In\u00edcio\",\"item\":\"https:\\\/\\\/passionbrazil.com\\\/\"},{\"@type\":\"ListItem\",\"position\":2,\"name\":\"Who We Are\"}]},{\"@type\":\"WebSite\",\"@id\":\"https:\\\/\\\/passionbrazil.com\\\/#website\",\"url\":\"https:\\\/\\\/passionbrazil.com\\\/\",\"name\":\"Passion Brazil\",\"description\":\"Passion Brazil is your gateway to the heart and soul of Brazil, as a boutique DMC specializing in tailor-made trips off of all kinds.\",\"potentialAction\":[{\"@type\":\"SearchAction\",\"target\":{\"@type\":\"EntryPoint\",\"urlTemplate\":\"https:\\\/\\\/passionbrazil.com\\\/?s={search_term_string}\"},\"query-input\":{\"@type\":\"PropertyValueSpecification\",\"valueRequired\":true,\"valueName\":\"search_term_string\"}}],\"inLanguage\":\"es\"}]}<\/script>\n<!-- \/ Yoast SEO plugin. -->","yoast_head_json":{"title":"Qui\u00e9nes somos - Passion Brazil","robots":{"index":"index","follow":"follow","max-snippet":"max-snippet:-1","max-image-preview":"max-image-preview:large","max-video-preview":"max-video-preview:-1"},"canonical":"https:\/\/passionbrazil.com\/es\/who-we-are\/","og_locale":"es_ES","og_type":"article","og_title":"Who We Are - Passion Brazil","og_description":"Passion Brazil is your gateway to the heart and soul of Brazil. Established in Rio de Janeiro since 2004, we\u2019ve developed our expertise to craft memorable travel experiences for our international travelers. We are a boutique DMC specializing in tailor-made holidays, special interest tours, leisure and business groups, events and incentive travel.","og_url":"https:\/\/passionbrazil.com\/es\/who-we-are\/","og_site_name":"Passion Brazil","article_modified_time":"2025-02-28T15:53:40+00:00","twitter_card":"summary_large_image","twitter_misc":{"Tiempo de lectura":"3 minutos"},"schema":{"@context":"https:\/\/schema.org","@graph":[{"@type":"WebPage","@id":"https:\/\/passionbrazil.com\/who-we-are\/","url":"https:\/\/passionbrazil.com\/who-we-are\/","name":"Qui\u00e9nes somos - Passion Brazil","isPartOf":{"@id":"https:\/\/passionbrazil.com\/#website"},"datePublished":"2025-02-27T21:05:02+00:00","dateModified":"2025-02-28T15:53:40+00:00","breadcrumb":{"@id":"https:\/\/passionbrazil.com\/who-we-are\/#breadcrumb"},"inLanguage":"es","potentialAction":[{"@type":"ReadAction","target":["https:\/\/passionbrazil.com\/who-we-are\/"]}]},{"@type":"BreadcrumbList","@id":"https:\/\/passionbrazil.com\/who-we-are\/#breadcrumb","itemListElement":[{"@type":"ListItem","position":1,"name":"In\u00edcio","item":"https:\/\/passionbrazil.com\/"},{"@type":"ListItem","position":2,"name":"Who We Are"}]},{"@type":"WebSite","@id":"https:\/\/passionbrazil.com\/#website","url":"https:\/\/passionbrazil.com\/","name":"Pasi\u00f3n Brasil","description":"Passion Brazil es su puerta de entrada al coraz\u00f3n y el alma de Brasil, como DMC boutique especializada en viajes a medida fuera de todo tipo.","potentialAction":[{"@type":"SearchAction","target":{"@type":"EntryPoint","urlTemplate":"https:\/\/passionbrazil.com\/?s={search_term_string}"},"query-input":{"@type":"PropertyValueSpecification","valueRequired":true,"valueName":"search_term_string"}}],"inLanguage":"es"}]}},"_links":{"self":[{"href":"https:\/\/passionbrazil.com\/es\/wp-json\/wp\/v2\/pages\/588","targetHints":{"allow":["GET"]}}],"collection":[{"href":"https:\/\/passionbrazil.com\/es\/wp-json\/wp\/v2\/pages"}],"about":[{"href":"https:\/\/passionbrazil.com\/es\/wp-json\/wp\/v2\/types\/page"}],"author":[{"embeddable":true,"href":"https:\/\/passionbrazil.com\/es\/wp-json\/wp\/v2\/users\/1"}],"replies":[{"embeddable":true,"href":"https:\/\/passionbrazil.com\/es\/wp-json\/wp\/v2\/comments?post=588"}],"version-history":[{"count":2,"href":"https:\/\/passionbrazil.com\/es\/wp-json\/wp\/v2\/pages\/588\/revisions"}],"predecessor-version":[{"id":608,"href":"https:\/\/passionbrazil.com\/es\/wp-json\/wp\/v2\/pages\/588\/revisions\/608"}],"wp:attachment":[{"href":"https:\/\/passionbrazil.com\/es\/wp-json\/wp\/v2\/media?parent=588"}],"curies":[{"name":"wp","href":"https:\/\/api.w.org\/{rel}","templated":true}]}}