{"id":813,"date":"2026-02-21T13:53:42","date_gmt":"2026-02-21T13:53:42","guid":{"rendered":"https:\/\/passionbrazil.com\/?page_id=813"},"modified":"2026-04-06T17:24:42","modified_gmt":"2026-04-06T17:24:42","slug":"sustainability-policy","status":"publish","type":"page","link":"https:\/\/passionbrazil.com\/es\/sustainability-policy\/","title":{"rendered":"Pol\u00edtica de sostenibilidad"},"content":{"rendered":"<h3 class=\"wp-block-heading\">Compromiso con el turismo sostenible<\/h3>\n\n\n\n<p>La sostenibilidad forma parte de la esencia de Passion Brazil y refleja el compromiso colectivo de nuestras marcas de crear experiencias aut\u00e9nticas, emociones inolvidables y momentos significativos. Combinamos un servicio personalizado, alojamientos de calidad y experiencias que destacan la riqueza natural y la identidad cultural de cada destino.<\/p>\n\n\n\n<p>Nuestro enfoque se basa en la excelencia operativa y en una cuidadosa selecci\u00f3n de socios, garantizando experiencias que conecten de forma significativa a los viajeros con la regi\u00f3n de una manera responsable y alineada con nuestros valores de \u00e9tica, calidad y sostenibilidad.<\/p>\n\n\n\n<p>Nuestro objetivo es convertirnos en una referencia nacional en turismo sostenible en Brasil mediante el fortalecimiento de asociaciones responsables, la capacitaci\u00f3n de nuestros equipos, la innovaci\u00f3n continua para reducir los impactos y la contribuci\u00f3n a los beneficios a largo plazo para las comunidades y las generaciones futuras.<\/p>\n\n\n\n<p>Nos dedicamos a ofrecer un viaje \u00fanico y transformador que va m\u00e1s all\u00e1 del turismo tradicional, promoviendo la conservaci\u00f3n del medio ambiente y generando impactos positivos para las comunidades locales y los ecosistemas. Entendemos la sostenibilidad como una pr\u00e1ctica continua basada en la responsabilidad, la transparencia y la colaboraci\u00f3n.<\/p>\n\n\n\n<p>Cada viaje est\u00e1 dise\u00f1ado para respetar, regenerar y valorar los destinos, reforzando nuestro compromiso de hacer del turismo una fuerza activa de preservaci\u00f3n e impacto positivo.<\/p>\n\n\n\n<hr class=\"wp-block-separator has-alpha-channel-opacity\"\/>\n\n\n\n<h3 class=\"wp-block-heading\">Declaraciones<\/h3>\n\n\n\n<p><strong>Igualdad y diversidad<\/strong> \u2013 Rechazamos todas las formas de discriminaci\u00f3n y promovemos un ambiente inclusivo y respetuoso para todas las personas, sin importar su g\u00e9nero, orientaci\u00f3n sexual, raza, etnia, edad, discapacidad o religi\u00f3n.<\/p>\n\n\n\n<p><strong>Inclusi\u00f3n social<\/strong> - Apoyamos la inclusi\u00f3n social y econ\u00f3mica de los grupos vulnerables, rechazando cualquier forma de exclusi\u00f3n o marginaci\u00f3n.<\/p>\n\n\n\n<p><strong>Derechos humanos<\/strong> - Defendemos los principios universales de los derechos humanos, garantizando la dignidad, la libertad y la igualdad de todas las personas afectadas por nuestras acciones.<\/p>\n\n\n\n<p><strong>Lucha contra la explotaci\u00f3n sexual y el trabajo infantil<\/strong> - Rechazamos cualquier forma de explotaci\u00f3n sexual, abuso o tr\u00e1fico de ni\u00f1os y adolescentes, protegiendo sus derechos y su dignidad.<\/p>\n\n\n\n<p><strong>Rechazo del trabajo forzado y la trata de seres humanos<\/strong> - Nos oponemos al trabajo forzoso, la trata de seres humanos y las violaciones de los derechos laborales, y apoyamos el trabajo justo y digno en toda la cadena de valor del turismo.<\/p>\n\n\n\n<p><strong>Protecci\u00f3n de la fauna y la biodiversidad<\/strong> - Rechazamos el tr\u00e1fico, la caza y el maltrato de animales salvajes, protegiendo la biodiversidad y respetando la legislaci\u00f3n medioambiental.<\/p>\n\n\n\n<p><strong>Respeto de las comunidades y culturas locales<\/strong> - Valoramos y respetamos las culturas, tradiciones y derechos de las comunidades locales y los pueblos ind\u00edgenas, promoviendo una interacci\u00f3n justa y respetuosa.<\/p>\n\n\n\n<p><strong>Preservaci\u00f3n del patrimonio cultural y natural<\/strong> - Nos comprometemos a preservar el patrimonio cultural, arqueol\u00f3gico y natural, rechazando cualquier da\u00f1o o falta de respeto a estos bienes.<\/p>\n\n\n\n<p><strong>Salud, seguridad y bienestar<\/strong> - Promovemos entornos seguros y saludables para empleados, clientes y comunidades, rechazando los riesgos para la integridad f\u00edsica o mental.<\/p>\n\n\n\n<p><strong>Transparencia y responsabilidad<\/strong> - Valoramos la transparencia y la responsabilidad, y rechazamos la informaci\u00f3n enga\u00f1osa y las pr\u00e1cticas comerciales desleales.<\/p>\n\n\n\n<p><strong>Rechazo de la corrupci\u00f3n y las pr\u00e1cticas poco \u00e9ticas<\/strong> - Nos oponemos a todas las formas de corrupci\u00f3n y pr\u00e1cticas ilegales, promoviendo la \u00e9tica y la integridad en todas las relaciones.<\/p>\n\n\n\n<p><strong>Uso responsable de los recursos naturales<\/strong> - Hacemos hincapi\u00e9 en el uso consciente y responsable de los recursos naturales, rechazando los residuos que comprometen el futuro.<\/p>\n\n\n\n<p><strong>Protecci\u00f3n de datos y privacidad<\/strong> - Respetamos la privacidad y protecci\u00f3n de los datos personales de clientes, empleados y socios, rechazando su uso indebido.<\/p>\n\n\n\n<hr class=\"wp-block-separator has-alpha-channel-opacity\"\/>\n\n\n\n<h3 class=\"wp-block-heading\">Directrices globales<\/h3>\n\n\n\n<p>Passion Brasil reconoce la importancia de alinear sus pr\u00e1cticas y pol\u00edticas con las normas internacionales de sostenibilidad en el turismo. Por lo tanto, utilizamos como referencia las directrices desarrolladas por el Consejo Global de Turismo Sostenible (GSTC), la Organizaci\u00f3n Mundial del Turismo de las Naciones Unidas (OMT) y Travelife.<\/p>\n\n\n\n<p>Estamos especialmente comprometidos con los siguientes Objetivos de Desarrollo Sostenible (ODS) de las Naciones Unidas:<\/p>\n\n\n\n<p><strong>ODS 8 - Trabajo decente y crecimiento econ\u00f3mico<\/strong><br>En apoyo del ODS 8.9, nos comprometemos a promover el turismo sostenible como herramienta para la creaci\u00f3n de empleo, la inclusi\u00f3n social y el desarrollo comunitario.<\/p>\n\n\n\n<p><strong>ODS 12 - Consumo y producci\u00f3n responsables<\/strong><br>En consonancia con el ODS 12.b, adoptamos pr\u00e1cticas que controlan y minimizan el impacto medioambiental, como la compensaci\u00f3n de emisiones de carbono, el uso consciente de los recursos y las asociaciones con proveedores sostenibles.<\/p>\n\n\n\n<p><strong>ODS 14 - Vida bajo el agua<\/strong><br>En consonancia con el ODS 14.7, apoyamos el uso sostenible de los recursos naturales en destinos costeros y ribere\u00f1os, promoviendo experiencias que respeten los ecosistemas acu\u00e1ticos y valoren a las comunidades locales.<\/p>\n\n\n\n<p><strong>ODS 15 - La vida en la tierra<\/strong><br>Como operador tur\u00edstico responsable, contribuimos a la conservaci\u00f3n de la biodiversidad mediante iniciativas de ecoturismo, proyectos de reforestaci\u00f3n y protecci\u00f3n de la fauna salvaje.<\/p>\n\n\n\n<h2 class=\"wp-block-heading\">Pr\u00e1cticas y compromisos - Gesti\u00f3n interna<\/h2>\n\n\n\n<h3 class=\"wp-block-heading\">Gesti\u00f3n de la sostenibilidad y cumplimiento de la legislaci\u00f3n<\/h3>\n\n\n\n<p>Passion Brasil integra la sostenibilidad en su estrategia y cultura organizacional, operando con \u00e9tica, transparencia y responsabilidad. Nuestro liderazgo gu\u00eda este compromiso, garantizando que las pr\u00e1cticas sostenibles formen parte de la rutina diaria del equipo.<\/p>\n\n\n\n<p>Participamos activamente en grupos y asociaciones que promueven el di\u00e1logo y refuerzan el turismo sostenible en Brasil.<\/p>\n\n\n\n<p>Cumplimos plenamente todas las leyes y reglamentos aplicables en los destinos donde operamos, incluidas las normas medioambientales, laborales, de derechos humanos, de seguridad y de preservaci\u00f3n cultural, manteniendo una tolerancia cero frente a la corrupci\u00f3n, la explotaci\u00f3n infantil, el trabajo forzado o cualquier forma de discriminaci\u00f3n.<\/p>\n\n\n\n<p>Revisamos peri\u00f3dicamente nuestras pr\u00e1cticas para garantizar el cumplimiento, la mejora continua y la generaci\u00f3n de impactos positivos en todas nuestras operaciones.<\/p>\n\n\n\n<h3 class=\"wp-block-heading\">Pol\u00edtica social y derechos humanos<\/h3>\n\n\n\n<p>Nuestra responsabilidad hacia las personas implicadas en nuestras operaciones se refleja en unas condiciones de trabajo justas, inclusi\u00f3n, desarrollo profesional y pleno respeto de los derechos humanos.<\/p>\n\n\n\n<p>Cumplimos plenamente la legislaci\u00f3n laboral en todos los reg\u00edmenes de contrataci\u00f3n. Garantizamos la igualdad de oportunidades en el acceso a recursos, funciones y puestos. El bienestar tambi\u00e9n forma parte de nuestra cultura, apoyada por iniciativas internas que promueven la calidad de vida y la integraci\u00f3n, fomentando un entorno seguro, saludable y motivador.<\/p>\n\n\n\n<h3 class=\"wp-block-heading\">Medio ambiente<\/h3>\n\n\n\n<p>La gesti\u00f3n medioambiental se gu\u00eda por acciones encaminadas a reducir los impactos negativos, promover el uso eficiente de los recursos y reforzar las pr\u00e1cticas responsables que contribuyen a la preservaci\u00f3n del medio ambiente.<\/p>\n\n\n\n<p>Nuestras iniciativas incluyen el control y la compensaci\u00f3n de las emisiones de carbono, la adopci\u00f3n de modelos de trabajo que reduzcan los desplazamientos y el fomento de la reducci\u00f3n del consumo de energ\u00eda y agua. Utilizamos materiales de limpieza eficientes y seguros, iluminaci\u00f3n de bajo consumo, comunicaci\u00f3n digital para reducir la impresi\u00f3n y promovemos los art\u00edculos reutilizables.<\/p>\n\n\n\n<p>Tambi\u00e9n aplicamos criterios de compra sostenibles, utilizamos papel con certificaci\u00f3n FSC, elegimos responsablemente los materiales promocionales y apoyamos continuamente proyectos socioambientales que ampl\u00edan el impacto positivo de nuestras operaciones.<\/p>\n\n\n\n<h2 class=\"wp-block-heading\">Pr\u00e1cticas y compromisos - Gesti\u00f3n de proveedores<\/h2>\n\n\n\n<h3 class=\"wp-block-heading\">Agencias entrantes<\/h3>\n\n\n\n<p>Las agencias receptivas desempe\u00f1an un papel fundamental a la hora de ofrecer experiencias alineadas con el turismo responsable. Mantenemos criterios rigurosos a la hora de seleccionar, contratar y supervisar estas asociaciones. Damos prioridad a los proveedores locales, las relaciones a largo plazo y las pr\u00e1cticas \u00e9ticas, formalizando cada asociaci\u00f3n mediante directrices claras sobre calidad, conducta y cumplimiento legal.<\/p>\n\n\n\n<p>Mantenemos un inventario actualizado de socios estrat\u00e9gicos, fomentamos regularmente las pr\u00e1cticas sostenibles y evaluamos peri\u00f3dicamente el rendimiento mediante comentarios e inspecciones, garantizando la mejora continua y la alineaci\u00f3n con nuestros principios socioambientales.<\/p>\n\n\n\n<h3 class=\"wp-block-heading\">Transporte<\/h3>\n\n\n\n<p>El transporte es una parte esencial de la experiencia del viaje. Buscamos opciones que equilibren comodidad, seguridad y eficiencia, reduciendo las emisiones y fomentando alternativas de menor impacto.<\/p>\n\n\n\n<p>Aplicamos estrictos criterios de selecci\u00f3n de socios mediante directrices claras de conducta, calidad y cumplimiento legal, dando prioridad a los proveedores locales y a las pr\u00e1cticas sostenibles. Siempre que es posible, incluimos en nuestros itinerarios opciones m\u00e1s conscientes, como veh\u00edculos el\u00e9ctricos, bicicletas, desplazamientos a pie y trenes. Evaluamos peri\u00f3dicamente la calidad operativa mediante comentarios e inspecciones para garantizar una mejora continua.<\/p>\n\n\n\n<h3 class=\"wp-block-heading\">Alojamientos<\/h3>\n\n\n\n<p>La elecci\u00f3n del alojamiento repercute directamente en la promoci\u00f3n del turismo sostenible. Aplicamos criterios rigurosos para garantizar que todos los alojamientos se ajustan a nuestros principios socioambientales.<\/p>\n\n\n\n<p>Damos prioridad a los establecimientos que operan de forma \u00e9tica, respetan a las comunidades locales y adoptan pr\u00e1cticas que minimizan el impacto medioambiental, incluidas opciones sostenibles y certificadas. Trabajamos exclusivamente con socios que cumplen plenamente la legislaci\u00f3n nacional y realizamos evaluaciones recurrentes mediante comentarios e inspecciones in situ.<\/p>\n\n\n\n<h3 class=\"wp-block-heading\">Actividades, visitas y excursiones<\/h3>\n\n\n\n<p>Todas las actividades siguen criterios estrictos para garantizar experiencias responsables, culturalmente apropiadas y ambientalmente seguras. Mantenemos un inventario actualizado de la oferta de los socios, dando prioridad a las opciones que reducen los impactos y promueven los beneficios locales.<\/p>\n\n\n\n<p>Seleccionamos cuidadosamente cada actividad en funci\u00f3n del perfil del cliente, asegur\u00e1ndonos de que ninguna entra\u00f1e riesgos para las personas, la fauna, la flora o los ecosistemas sensibles. La interacci\u00f3n responsable con la fauna, el respeto por los h\u00e1bitats naturales y las restricciones al uso o comercio de especies son principios fundamentales.<\/p>\n\n\n\n<p>Proporcionamos orientaciones claras para actividades sensibles desde el punto de vista cultural y medioambiental y evaluamos peri\u00f3dicamente las experiencias mediante comentarios e inspecciones.<\/p>\n\n\n\n<h3 class=\"wp-block-heading\">Representantes locales y gu\u00edas<\/h3>\n\n\n\n<p>Los representantes y gu\u00edas locales desempe\u00f1an un papel esencial en las experiencias de los viajeros. Trabajamos con profesionales comprometidos con una conducta responsable, una remuneraci\u00f3n justa, una formaci\u00f3n continua y unas condiciones de trabajo conformes a la ley.<\/p>\n\n\n\n<p>Todas las asociaciones se formalizan con directrices claras sobre conducta, calidad y sostenibilidad. Estos profesionales tambi\u00e9n comparten informaci\u00f3n relevante sobre sostenibilidad, cultura y c\u00f3digos de conducta con los viajeros. El rendimiento se supervisa peri\u00f3dicamente mediante comentarios para garantizar una mejora continua.<\/p>\n\n\n\n<h3 class=\"wp-block-heading\">Destinos<\/h3>\n\n\n\n<p>La selecci\u00f3n y gesti\u00f3n de destinos sigue criterios de sostenibilidad que priorizan la preservaci\u00f3n del medio ambiente, el respeto a las comunidades locales y la valoraci\u00f3n del patrimonio cultural, generando impactos sociales, ambientales y econ\u00f3micos positivos.<\/p>\n\n\n\n<p>Evaluamos cuidadosamente los nuevos destinos, dando prioridad a los que adoptan pr\u00e1cticas responsables y minimizan el impacto negativo del turismo, al tiempo que fortalecen las econom\u00edas locales a trav\u00e9s de proveedores regionales y productos aut\u00e9nticos.<\/p>\n\n\n\n<p>No apoyamos la comercializaci\u00f3n de art\u00edculos relacionados con especies amenazadas o el patrimonio hist\u00f3rico. Hacemos un seguimiento continuo de los resultados mediante indicadores y retroalimentaci\u00f3n para ampliar los impactos positivos.<\/p>\n\n\n\n<h3 class=\"wp-block-heading\">Comunicaci\u00f3n y protecci\u00f3n del cliente<\/h3>\n\n\n\n<p>La comunicaci\u00f3n con el cliente se gu\u00eda por la transparencia, la seguridad y la responsabilidad, garantizando una informaci\u00f3n clara, la protecci\u00f3n de los datos personales y la orientaci\u00f3n para una elecci\u00f3n m\u00e1s consciente de los viajes.<\/p>\n\n\n\n<p>Seguimos pr\u00e1cticas de marketing \u00e9ticas, ofrecemos informaci\u00f3n precisa y completa sobre productos y destinos, y fomentamos el consumo de servicios y productos locales de calidad.<\/p>\n\n\n\n<p>Tambi\u00e9n destacamos los alojamientos y excursiones sostenibles y proporcionamos orientaci\u00f3n espec\u00edfica para actividades delicadas. La satisfacci\u00f3n del cliente se supervisa continuamente, y existen procesos estructurados para atender y resolver las quejas, fomentando la mejora continua.<\/p>","protected":false},"excerpt":{"rendered":"<p>Commitment to Sustainable Tourism Sustainability is part of Passion Brazil\u2019s essence and reflects the collective commitment of our brands to create authentic experiences, unforgettable emotions, and meaningful moments. We combine personalized service, quality accommodations, and experiences that highlight the natural richness and cultural identity of each destination. Our approach is built on operational excellence and [&hellip;]<\/p>\n","protected":false},"author":1,"featured_media":0,"parent":0,"menu_order":0,"comment_status":"closed","ping_status":"closed","template":"","meta":{"_acf_changed":false,"footnotes":""},"class_list":["post-813","page","type-page","status-publish","hentry"],"acf":[],"yoast_head":"<!-- This site is optimized with the Yoast SEO plugin v27.3 - https:\/\/yoast.com\/product\/yoast-seo-wordpress\/ -->\n<title>Sustainability Policy - Passion Brazil<\/title>\n<meta name=\"robots\" content=\"index, follow, max-snippet:-1, max-image-preview:large, max-video-preview:-1\" \/>\n<link rel=\"canonical\" href=\"https:\/\/passionbrazil.com\/es\/sustainability-policy\/\" \/>\n<meta property=\"og:locale\" content=\"es_ES\" \/>\n<meta property=\"og:type\" content=\"article\" \/>\n<meta property=\"og:title\" content=\"Sustainability Policy - Passion Brazil\" \/>\n<meta property=\"og:description\" content=\"Commitment to Sustainable Tourism Sustainability is part of Passion Brazil\u2019s essence and reflects the collective commitment of our brands to create authentic experiences, unforgettable emotions, and meaningful moments. We combine personalized service, quality accommodations, and experiences that highlight the natural richness and cultural identity of each destination. Our approach is built on operational excellence and [&hellip;]\" \/>\n<meta property=\"og:url\" content=\"https:\/\/passionbrazil.com\/es\/sustainability-policy\/\" \/>\n<meta property=\"og:site_name\" content=\"Passion Brazil\" \/>\n<meta property=\"article:modified_time\" content=\"2026-04-06T17:24:42+00:00\" \/>\n<meta name=\"twitter:card\" content=\"summary_large_image\" \/>\n<meta name=\"twitter:label1\" content=\"Tiempo de lectura\" \/>\n\t<meta name=\"twitter:data1\" content=\"17 minutos\" \/>\n<script type=\"application\/ld+json\" class=\"yoast-schema-graph\">{\"@context\":\"https:\\\/\\\/schema.org\",\"@graph\":[{\"@type\":\"WebPage\",\"@id\":\"https:\\\/\\\/passionbrazil.com\\\/sustainability-policy\\\/\",\"url\":\"https:\\\/\\\/passionbrazil.com\\\/sustainability-policy\\\/\",\"name\":\"Sustainability Policy - Passion Brazil\",\"isPartOf\":{\"@id\":\"https:\\\/\\\/passionbrazil.com\\\/#website\"},\"datePublished\":\"2026-02-21T13:53:42+00:00\",\"dateModified\":\"2026-04-06T17:24:42+00:00\",\"breadcrumb\":{\"@id\":\"https:\\\/\\\/passionbrazil.com\\\/sustainability-policy\\\/#breadcrumb\"},\"inLanguage\":\"es\",\"potentialAction\":[{\"@type\":\"ReadAction\",\"target\":[\"https:\\\/\\\/passionbrazil.com\\\/sustainability-policy\\\/\"]}]},{\"@type\":\"BreadcrumbList\",\"@id\":\"https:\\\/\\\/passionbrazil.com\\\/sustainability-policy\\\/#breadcrumb\",\"itemListElement\":[{\"@type\":\"ListItem\",\"position\":1,\"name\":\"In\u00edcio\",\"item\":\"https:\\\/\\\/passionbrazil.com\\\/\"},{\"@type\":\"ListItem\",\"position\":2,\"name\":\"Sustainability Policy\"}]},{\"@type\":\"WebSite\",\"@id\":\"https:\\\/\\\/passionbrazil.com\\\/#website\",\"url\":\"https:\\\/\\\/passionbrazil.com\\\/\",\"name\":\"Passion Brazil\",\"description\":\"Passion Brazil is your gateway to the heart and soul of Brazil, as a boutique DMC specializing in tailor-made trips off of all kinds.\",\"potentialAction\":[{\"@type\":\"SearchAction\",\"target\":{\"@type\":\"EntryPoint\",\"urlTemplate\":\"https:\\\/\\\/passionbrazil.com\\\/?s={search_term_string}\"},\"query-input\":{\"@type\":\"PropertyValueSpecification\",\"valueRequired\":true,\"valueName\":\"search_term_string\"}}],\"inLanguage\":\"es\"}]}<\/script>\n<!-- \/ Yoast SEO plugin. -->","yoast_head_json":{"title":"Sustainability Policy - Passion Brazil","robots":{"index":"index","follow":"follow","max-snippet":"max-snippet:-1","max-image-preview":"max-image-preview:large","max-video-preview":"max-video-preview:-1"},"canonical":"https:\/\/passionbrazil.com\/es\/sustainability-policy\/","og_locale":"es_ES","og_type":"article","og_title":"Sustainability Policy - Passion Brazil","og_description":"Commitment to Sustainable Tourism Sustainability is part of Passion Brazil\u2019s essence and reflects the collective commitment of our brands to create authentic experiences, unforgettable emotions, and meaningful moments. We combine personalized service, quality accommodations, and experiences that highlight the natural richness and cultural identity of each destination. Our approach is built on operational excellence and [&hellip;]","og_url":"https:\/\/passionbrazil.com\/es\/sustainability-policy\/","og_site_name":"Passion Brazil","article_modified_time":"2026-04-06T17:24:42+00:00","twitter_card":"summary_large_image","twitter_misc":{"Tiempo de lectura":"17 minutos"},"schema":{"@context":"https:\/\/schema.org","@graph":[{"@type":"WebPage","@id":"https:\/\/passionbrazil.com\/sustainability-policy\/","url":"https:\/\/passionbrazil.com\/sustainability-policy\/","name":"Sustainability Policy - Passion Brazil","isPartOf":{"@id":"https:\/\/passionbrazil.com\/#website"},"datePublished":"2026-02-21T13:53:42+00:00","dateModified":"2026-04-06T17:24:42+00:00","breadcrumb":{"@id":"https:\/\/passionbrazil.com\/sustainability-policy\/#breadcrumb"},"inLanguage":"es","potentialAction":[{"@type":"ReadAction","target":["https:\/\/passionbrazil.com\/sustainability-policy\/"]}]},{"@type":"BreadcrumbList","@id":"https:\/\/passionbrazil.com\/sustainability-policy\/#breadcrumb","itemListElement":[{"@type":"ListItem","position":1,"name":"In\u00edcio","item":"https:\/\/passionbrazil.com\/"},{"@type":"ListItem","position":2,"name":"Sustainability Policy"}]},{"@type":"WebSite","@id":"https:\/\/passionbrazil.com\/#website","url":"https:\/\/passionbrazil.com\/","name":"Pasi\u00f3n Brasil","description":"Passion Brazil es su puerta de entrada al coraz\u00f3n y el alma de Brasil, como DMC boutique especializada en viajes a medida fuera de todo tipo.","potentialAction":[{"@type":"SearchAction","target":{"@type":"EntryPoint","urlTemplate":"https:\/\/passionbrazil.com\/?s={search_term_string}"},"query-input":{"@type":"PropertyValueSpecification","valueRequired":true,"valueName":"search_term_string"}}],"inLanguage":"es"}]}},"_links":{"self":[{"href":"https:\/\/passionbrazil.com\/es\/wp-json\/wp\/v2\/pages\/813","targetHints":{"allow":["GET"]}}],"collection":[{"href":"https:\/\/passionbrazil.com\/es\/wp-json\/wp\/v2\/pages"}],"about":[{"href":"https:\/\/passionbrazil.com\/es\/wp-json\/wp\/v2\/types\/page"}],"author":[{"embeddable":true,"href":"https:\/\/passionbrazil.com\/es\/wp-json\/wp\/v2\/users\/1"}],"replies":[{"embeddable":true,"href":"https:\/\/passionbrazil.com\/es\/wp-json\/wp\/v2\/comments?post=813"}],"version-history":[{"count":6,"href":"https:\/\/passionbrazil.com\/es\/wp-json\/wp\/v2\/pages\/813\/revisions"}],"predecessor-version":[{"id":831,"href":"https:\/\/passionbrazil.com\/es\/wp-json\/wp\/v2\/pages\/813\/revisions\/831"}],"wp:attachment":[{"href":"https:\/\/passionbrazil.com\/es\/wp-json\/wp\/v2\/media?parent=813"}],"curies":[{"name":"wp","href":"https:\/\/api.w.org\/{rel}","templated":true}]}}