{"id":21,"date":"2024-08-21T13:41:30","date_gmt":"2024-08-21T13:41:30","guid":{"rendered":"http:\/\/passionbrazil.com\/?page_id=21"},"modified":"2025-01-14T18:47:23","modified_gmt":"2025-01-14T18:47:23","slug":"contact-us","status":"publish","type":"page","link":"https:\/\/passionbrazil.com\/fr\/contact-us\/","title":{"rendered":"Prendre contact"},"content":{"rendered":"<p>Envoyez un message, posez une question ou dites simplement bonjour. Nous sommes \u00e0 votre \u00e9coute.<\/p>","protected":false},"excerpt":{"rendered":"<p>Envoyez un message, posez une question ou dites simplement bonjour. Nous sommes \u00e0 votre \u00e9coute.<\/p>","protected":false},"author":1,"featured_media":0,"parent":0,"menu_order":6,"comment_status":"closed","ping_status":"closed","template":"","meta":{"_acf_changed":false,"footnotes":""},"class_list":["post-21","page","type-page","status-publish","hentry"],"acf":[],"yoast_head":"<!-- This site is optimized with the Yoast SEO plugin v27.3 - https:\/\/yoast.com\/product\/yoast-seo-wordpress\/ -->\n<title>Get in Touch - Passion Brazil<\/title>\n<meta name=\"robots\" content=\"index, follow, max-snippet:-1, max-image-preview:large, max-video-preview:-1\" \/>\n<link rel=\"canonical\" href=\"https:\/\/passionbrazil.com\/fr\/contact-us\/\" \/>\n<meta property=\"og:locale\" content=\"fr_FR\" \/>\n<meta property=\"og:type\" content=\"article\" \/>\n<meta property=\"og:title\" content=\"Get in Touch - Passion Brazil\" \/>\n<meta property=\"og:description\" content=\"Send a message, ask a question or just say hello. We are here to listen to you.\" \/>\n<meta property=\"og:url\" content=\"https:\/\/passionbrazil.com\/fr\/contact-us\/\" \/>\n<meta property=\"og:site_name\" content=\"Passion Brazil\" \/>\n<meta property=\"article:modified_time\" content=\"2025-01-14T18:47:23+00:00\" \/>\n<meta name=\"twitter:card\" content=\"summary_large_image\" \/>\n<meta name=\"twitter:label1\" content=\"Dur\u00e9e de lecture estim\u00e9e\" \/>\n\t<meta name=\"twitter:data1\" content=\"1 minute\" \/>\n<script type=\"application\/ld+json\" class=\"yoast-schema-graph\">{\"@context\":\"https:\\\/\\\/schema.org\",\"@graph\":[{\"@type\":\"WebPage\",\"@id\":\"https:\\\/\\\/passionbrazil.com\\\/contact-us\\\/\",\"url\":\"https:\\\/\\\/passionbrazil.com\\\/contact-us\\\/\",\"name\":\"Get in Touch - Passion Brazil\",\"isPartOf\":{\"@id\":\"https:\\\/\\\/passionbrazil.com\\\/#website\"},\"datePublished\":\"2024-08-21T13:41:30+00:00\",\"dateModified\":\"2025-01-14T18:47:23+00:00\",\"breadcrumb\":{\"@id\":\"https:\\\/\\\/passionbrazil.com\\\/contact-us\\\/#breadcrumb\"},\"inLanguage\":\"fr-FR\",\"potentialAction\":[{\"@type\":\"ReadAction\",\"target\":[\"https:\\\/\\\/passionbrazil.com\\\/contact-us\\\/\"]}]},{\"@type\":\"BreadcrumbList\",\"@id\":\"https:\\\/\\\/passionbrazil.com\\\/contact-us\\\/#breadcrumb\",\"itemListElement\":[{\"@type\":\"ListItem\",\"position\":1,\"name\":\"In\u00edcio\",\"item\":\"https:\\\/\\\/passionbrazil.com\\\/\"},{\"@type\":\"ListItem\",\"position\":2,\"name\":\"Get in Touch\"}]},{\"@type\":\"WebSite\",\"@id\":\"https:\\\/\\\/passionbrazil.com\\\/#website\",\"url\":\"https:\\\/\\\/passionbrazil.com\\\/\",\"name\":\"Passion Brazil\",\"description\":\"Passion Brazil is your gateway to the heart and soul of Brazil, as a boutique DMC specializing in tailor-made trips off of all kinds.\",\"potentialAction\":[{\"@type\":\"SearchAction\",\"target\":{\"@type\":\"EntryPoint\",\"urlTemplate\":\"https:\\\/\\\/passionbrazil.com\\\/?s={search_term_string}\"},\"query-input\":{\"@type\":\"PropertyValueSpecification\",\"valueRequired\":true,\"valueName\":\"search_term_string\"}}],\"inLanguage\":\"fr-FR\"}]}<\/script>\n<!-- \/ Yoast SEO plugin. -->","yoast_head_json":{"title":"Get in Touch - Passion Brazil","robots":{"index":"index","follow":"follow","max-snippet":"max-snippet:-1","max-image-preview":"max-image-preview:large","max-video-preview":"max-video-preview:-1"},"canonical":"https:\/\/passionbrazil.com\/fr\/contact-us\/","og_locale":"fr_FR","og_type":"article","og_title":"Get in Touch - Passion Brazil","og_description":"Send a message, ask a question or just say hello. We are here to listen to you.","og_url":"https:\/\/passionbrazil.com\/fr\/contact-us\/","og_site_name":"Passion Brazil","article_modified_time":"2025-01-14T18:47:23+00:00","twitter_card":"summary_large_image","twitter_misc":{"Dur\u00e9e de lecture estim\u00e9e":"1 minute"},"schema":{"@context":"https:\/\/schema.org","@graph":[{"@type":"WebPage","@id":"https:\/\/passionbrazil.com\/contact-us\/","url":"https:\/\/passionbrazil.com\/contact-us\/","name":"Get in Touch - Passion Brazil","isPartOf":{"@id":"https:\/\/passionbrazil.com\/#website"},"datePublished":"2024-08-21T13:41:30+00:00","dateModified":"2025-01-14T18:47:23+00:00","breadcrumb":{"@id":"https:\/\/passionbrazil.com\/contact-us\/#breadcrumb"},"inLanguage":"fr-FR","potentialAction":[{"@type":"ReadAction","target":["https:\/\/passionbrazil.com\/contact-us\/"]}]},{"@type":"BreadcrumbList","@id":"https:\/\/passionbrazil.com\/contact-us\/#breadcrumb","itemListElement":[{"@type":"ListItem","position":1,"name":"In\u00edcio","item":"https:\/\/passionbrazil.com\/"},{"@type":"ListItem","position":2,"name":"Get in Touch"}]},{"@type":"WebSite","@id":"https:\/\/passionbrazil.com\/#website","url":"https:\/\/passionbrazil.com\/","name":"Passion Br\u00e9sil","description":"Passion Br\u00e9sil est votre porte d'entr\u00e9e au c\u0153ur et \u00e0 l'\u00e2me du Br\u00e9sil, en tant que DMC sp\u00e9cialis\u00e9e dans les voyages sur mesure de toutes sortes.","potentialAction":[{"@type":"SearchAction","target":{"@type":"EntryPoint","urlTemplate":"https:\/\/passionbrazil.com\/?s={search_term_string}"},"query-input":{"@type":"PropertyValueSpecification","valueRequired":true,"valueName":"search_term_string"}}],"inLanguage":"fr-FR"}]}},"_links":{"self":[{"href":"https:\/\/passionbrazil.com\/fr\/wp-json\/wp\/v2\/pages\/21","targetHints":{"allow":["GET"]}}],"collection":[{"href":"https:\/\/passionbrazil.com\/fr\/wp-json\/wp\/v2\/pages"}],"about":[{"href":"https:\/\/passionbrazil.com\/fr\/wp-json\/wp\/v2\/types\/page"}],"author":[{"embeddable":true,"href":"https:\/\/passionbrazil.com\/fr\/wp-json\/wp\/v2\/users\/1"}],"replies":[{"embeddable":true,"href":"https:\/\/passionbrazil.com\/fr\/wp-json\/wp\/v2\/comments?post=21"}],"version-history":[{"count":15,"href":"https:\/\/passionbrazil.com\/fr\/wp-json\/wp\/v2\/pages\/21\/revisions"}],"predecessor-version":[{"id":513,"href":"https:\/\/passionbrazil.com\/fr\/wp-json\/wp\/v2\/pages\/21\/revisions\/513"}],"wp:attachment":[{"href":"https:\/\/passionbrazil.com\/fr\/wp-json\/wp\/v2\/media?parent=21"}],"curies":[{"name":"wp","href":"https:\/\/api.w.org\/{rel}","templated":true}]}}