{"id":3,"date":"2024-08-21T10:31:34","date_gmt":"2024-08-21T10:31:34","guid":{"rendered":"http:\/\/passionbrazil.com\/?page_id=3"},"modified":"2024-10-29T12:31:58","modified_gmt":"2024-10-29T12:31:58","slug":"politica-de-privacidade","status":"publish","type":"page","link":"https:\/\/passionbrazil.com\/fr\/politica-de-privacidade\/","title":{"rendered":"Politique en mati\u00e8re de cookies"},"content":{"rendered":"<p>En cliquant sur le bouton \"<strong>ACEITO\", o USU\u00c1RIO declara-se ciente a respeito dos tratamentos de seus dados pessoais nos termos da presente POL\u00cdTICA DE\u00a0<em>COOKIES<\/em><\/strong>. Si vous n'\u00eates pas d'accord avec les termes et conditions, vous devez interrompre l'utilisation du site.<\/p>\n\n\n\n<h2 class=\"wp-block-heading\">Ce que sont les cookies<\/h2>\n\n\n\n<p>Les cookies sont de petits \u00e9l\u00e9ments de texte utilis\u00e9s pour stocker des informations. Ils sont stock\u00e9s sur votre appareil lorsque le site est enregistr\u00e9 sur votre navigateur. Ces cookies nous aident \u00e0 faire fonctionner correctement le site, \u00e0 le rendre plus s\u00fbr, \u00e0 offrir une meilleure exp\u00e9rience et \u00e0 analyser ce qui peut \u00eatre am\u00e9lior\u00e9.<\/p>\n\n\n\n<h2 class=\"wp-block-heading\">Comment utiliser les cookies<\/h2>\n\n\n\n<p>Comme la plupart des services en ligne, notre site utilise des cookies primaires et tertiaires \u00e0 diverses fins. Les premiers cookies sont n\u00e9cessaires au bon fonctionnement du site et ne contiennent aucune donn\u00e9e d'identification personnelle. Les cookies de troisi\u00e8me g\u00e9n\u00e9ration servent principalement \u00e0 comprendre comment les utilisateurs interagissent avec notre site, \u00e0 maintenir la s\u00e9curit\u00e9 de nos services et, dans l'ensemble, \u00e0 leur offrir une exp\u00e9rience d'utilisateur optimale et \u00e0 acc\u00e9l\u00e9rer leurs futures interactions avec notre site.<\/p>\n\n\n\n<h2 class=\"wp-block-heading\">Types de cookies utilis\u00e9s<\/h2>\n\n\n\n<p><strong>Essencial<\/strong>: Certains cookies sont essentiels pour que vous puissiez exp\u00e9rimenter toutes les fonctionnalit\u00e9s de notre site. Ils permettent de g\u00e9rer les sessions de l'utilisateur et de pr\u00e9venir toute atteinte \u00e0 la s\u00e9curit\u00e9. Ils ne collectent ni n'enregistrent aucune information personnelle.<\/p>\n\n\n\n<p><strong>Statistiques<\/strong>: Ces cookies contiennent des informations telles que le nombre de visiteurs du site, le nombre de visiteurs uniques, les pages du site visit\u00e9es, l'origine de la visite, etc. Ces donn\u00e9es nous permettent de comprendre et d'analyser le rendement du site et de d\u00e9terminer les am\u00e9liorations \u00e0 apporter.<\/p>\n\n\n\n<p><strong>Fonctionnel :<\/strong>&nbsp;Il s'agit de cookies qui permettent certaines fonctionnalit\u00e9s non essentielles de notre site. Ces fonctionnalit\u00e9s comprennent l'int\u00e9gration de contenu comme des vid\u00e9os ou la diffusion du contenu du site sur des plates-formes de m\u00e9dias sociaux.<\/p>","protected":false},"excerpt":{"rendered":"<p>Ao clicar no bot\u00e3o \u201cACEITO\u201d, o USU\u00c1RIO declara-se ciente a respeito dos tratamentos de seus dados pessoais nos termos da presente POL\u00cdTICA DE\u00a0COOKIES. Caso n\u00e3o concorde com os termos e condi\u00e7\u00f5es, deve interromper o uso do site. O que s\u00e3o Cookies Cookies s\u00e3o pequenos arquivos de texto usados para armazenar informa\u00e7\u00f5es. Eles s\u00e3o armazenados em [&hellip;]<\/p>\n","protected":false},"author":1,"featured_media":0,"parent":0,"menu_order":10,"comment_status":"closed","ping_status":"closed","template":"","meta":{"_acf_changed":false,"footnotes":""},"class_list":["post-3","page","type-page","status-publish","hentry"],"acf":[],"yoast_head":"<!-- This site is optimized with the Yoast SEO plugin v27.3 - https:\/\/yoast.com\/product\/yoast-seo-wordpress\/ -->\n<title>Pol\u00edtica de Cookies - Passion Brazil<\/title>\n<meta name=\"robots\" content=\"index, follow, max-snippet:-1, max-image-preview:large, max-video-preview:-1\" \/>\n<link rel=\"canonical\" href=\"https:\/\/passionbrazil.com\/fr\/politica-de-privacidade\/\" \/>\n<meta property=\"og:locale\" content=\"fr_FR\" \/>\n<meta property=\"og:type\" content=\"article\" \/>\n<meta property=\"og:title\" content=\"Pol\u00edtica de Cookies - Passion Brazil\" \/>\n<meta property=\"og:description\" content=\"Ao clicar no bot\u00e3o \u201cACEITO\u201d, o USU\u00c1RIO declara-se ciente a respeito dos tratamentos de seus dados pessoais nos termos da presente POL\u00cdTICA DE\u00a0COOKIES. Caso n\u00e3o concorde com os termos e condi\u00e7\u00f5es, deve interromper o uso do site. O que s\u00e3o Cookies Cookies s\u00e3o pequenos arquivos de texto usados para armazenar informa\u00e7\u00f5es. Eles s\u00e3o armazenados em [&hellip;]\" \/>\n<meta property=\"og:url\" content=\"https:\/\/passionbrazil.com\/fr\/politica-de-privacidade\/\" \/>\n<meta property=\"og:site_name\" content=\"Passion Brazil\" \/>\n<meta property=\"article:modified_time\" content=\"2024-10-29T12:31:58+00:00\" \/>\n<meta name=\"twitter:card\" content=\"summary_large_image\" \/>\n<meta name=\"twitter:label1\" content=\"Dur\u00e9e de lecture estim\u00e9e\" \/>\n\t<meta name=\"twitter:data1\" content=\"2 minutes\" \/>\n<script type=\"application\/ld+json\" class=\"yoast-schema-graph\">{\"@context\":\"https:\\\/\\\/schema.org\",\"@graph\":[{\"@type\":\"WebPage\",\"@id\":\"https:\\\/\\\/passionbrazil.com\\\/politica-de-privacidade\\\/\",\"url\":\"https:\\\/\\\/passionbrazil.com\\\/politica-de-privacidade\\\/\",\"name\":\"Pol\u00edtica de Cookies - Passion Brazil\",\"isPartOf\":{\"@id\":\"https:\\\/\\\/passionbrazil.com\\\/#website\"},\"datePublished\":\"2024-08-21T10:31:34+00:00\",\"dateModified\":\"2024-10-29T12:31:58+00:00\",\"breadcrumb\":{\"@id\":\"https:\\\/\\\/passionbrazil.com\\\/politica-de-privacidade\\\/#breadcrumb\"},\"inLanguage\":\"fr-FR\",\"potentialAction\":[{\"@type\":\"ReadAction\",\"target\":[\"https:\\\/\\\/passionbrazil.com\\\/politica-de-privacidade\\\/\"]}]},{\"@type\":\"BreadcrumbList\",\"@id\":\"https:\\\/\\\/passionbrazil.com\\\/politica-de-privacidade\\\/#breadcrumb\",\"itemListElement\":[{\"@type\":\"ListItem\",\"position\":1,\"name\":\"In\u00edcio\",\"item\":\"https:\\\/\\\/passionbrazil.com\\\/\"},{\"@type\":\"ListItem\",\"position\":2,\"name\":\"Pol\u00edtica de Cookies\"}]},{\"@type\":\"WebSite\",\"@id\":\"https:\\\/\\\/passionbrazil.com\\\/#website\",\"url\":\"https:\\\/\\\/passionbrazil.com\\\/\",\"name\":\"Passion Brazil\",\"description\":\"Passion Brazil is your gateway to the heart and soul of Brazil, as a boutique DMC specializing in tailor-made trips off of all kinds.\",\"potentialAction\":[{\"@type\":\"SearchAction\",\"target\":{\"@type\":\"EntryPoint\",\"urlTemplate\":\"https:\\\/\\\/passionbrazil.com\\\/?s={search_term_string}\"},\"query-input\":{\"@type\":\"PropertyValueSpecification\",\"valueRequired\":true,\"valueName\":\"search_term_string\"}}],\"inLanguage\":\"fr-FR\"}]}<\/script>\n<!-- \/ Yoast SEO plugin. -->","yoast_head_json":{"title":"Politique en mati\u00e8re de cookies - Passion Br\u00e9sil","robots":{"index":"index","follow":"follow","max-snippet":"max-snippet:-1","max-image-preview":"max-image-preview:large","max-video-preview":"max-video-preview:-1"},"canonical":"https:\/\/passionbrazil.com\/fr\/politica-de-privacidade\/","og_locale":"fr_FR","og_type":"article","og_title":"Pol\u00edtica de Cookies - Passion Brazil","og_description":"Ao clicar no bot\u00e3o \u201cACEITO\u201d, o USU\u00c1RIO declara-se ciente a respeito dos tratamentos de seus dados pessoais nos termos da presente POL\u00cdTICA DE\u00a0COOKIES. Caso n\u00e3o concorde com os termos e condi\u00e7\u00f5es, deve interromper o uso do site. O que s\u00e3o Cookies Cookies s\u00e3o pequenos arquivos de texto usados para armazenar informa\u00e7\u00f5es. Eles s\u00e3o armazenados em [&hellip;]","og_url":"https:\/\/passionbrazil.com\/fr\/politica-de-privacidade\/","og_site_name":"Passion Brazil","article_modified_time":"2024-10-29T12:31:58+00:00","twitter_card":"summary_large_image","twitter_misc":{"Dur\u00e9e de lecture estim\u00e9e":"2 minutes"},"schema":{"@context":"https:\/\/schema.org","@graph":[{"@type":"WebPage","@id":"https:\/\/passionbrazil.com\/politica-de-privacidade\/","url":"https:\/\/passionbrazil.com\/politica-de-privacidade\/","name":"Politique en mati\u00e8re de cookies - Passion Br\u00e9sil","isPartOf":{"@id":"https:\/\/passionbrazil.com\/#website"},"datePublished":"2024-08-21T10:31:34+00:00","dateModified":"2024-10-29T12:31:58+00:00","breadcrumb":{"@id":"https:\/\/passionbrazil.com\/politica-de-privacidade\/#breadcrumb"},"inLanguage":"fr-FR","potentialAction":[{"@type":"ReadAction","target":["https:\/\/passionbrazil.com\/politica-de-privacidade\/"]}]},{"@type":"BreadcrumbList","@id":"https:\/\/passionbrazil.com\/politica-de-privacidade\/#breadcrumb","itemListElement":[{"@type":"ListItem","position":1,"name":"In\u00edcio","item":"https:\/\/passionbrazil.com\/"},{"@type":"ListItem","position":2,"name":"Pol\u00edtica de Cookies"}]},{"@type":"WebSite","@id":"https:\/\/passionbrazil.com\/#website","url":"https:\/\/passionbrazil.com\/","name":"Passion Br\u00e9sil","description":"Passion Br\u00e9sil est votre porte d'entr\u00e9e au c\u0153ur et \u00e0 l'\u00e2me du Br\u00e9sil, en tant que DMC sp\u00e9cialis\u00e9e dans les voyages sur mesure de toutes sortes.","potentialAction":[{"@type":"SearchAction","target":{"@type":"EntryPoint","urlTemplate":"https:\/\/passionbrazil.com\/?s={search_term_string}"},"query-input":{"@type":"PropertyValueSpecification","valueRequired":true,"valueName":"search_term_string"}}],"inLanguage":"fr-FR"}]}},"_links":{"self":[{"href":"https:\/\/passionbrazil.com\/fr\/wp-json\/wp\/v2\/pages\/3","targetHints":{"allow":["GET"]}}],"collection":[{"href":"https:\/\/passionbrazil.com\/fr\/wp-json\/wp\/v2\/pages"}],"about":[{"href":"https:\/\/passionbrazil.com\/fr\/wp-json\/wp\/v2\/types\/page"}],"author":[{"embeddable":true,"href":"https:\/\/passionbrazil.com\/fr\/wp-json\/wp\/v2\/users\/1"}],"replies":[{"embeddable":true,"href":"https:\/\/passionbrazil.com\/fr\/wp-json\/wp\/v2\/comments?post=3"}],"version-history":[{"count":4,"href":"https:\/\/passionbrazil.com\/fr\/wp-json\/wp\/v2\/pages\/3\/revisions"}],"predecessor-version":[{"id":473,"href":"https:\/\/passionbrazil.com\/fr\/wp-json\/wp\/v2\/pages\/3\/revisions\/473"}],"wp:attachment":[{"href":"https:\/\/passionbrazil.com\/fr\/wp-json\/wp\/v2\/media?parent=3"}],"curies":[{"name":"wp","href":"https:\/\/api.w.org\/{rel}","templated":true}]}}