{"id":556,"date":"2025-02-04T22:03:09","date_gmt":"2025-02-04T22:03:09","guid":{"rendered":"https:\/\/passionbrazil.com\/?page_id=556"},"modified":"2025-10-28T20:13:42","modified_gmt":"2025-10-28T20:13:42","slug":"calendar","status":"publish","type":"page","link":"https:\/\/passionbrazil.com\/fr\/calendar\/","title":{"rendered":"Calendrier"},"content":{"rendered":"<hr class=\"wp-block-separator has-alpha-channel-opacity\"\/>\n\n\n\n<h2 class=\"wp-block-heading\">F\u00eates nationales et principales f\u00eates locales - 2026<\/h2>\n\n\n\n<p><\/p>\n\n\n\n<ul class=\"wp-block-list\">\n<li>1er janvier -<strong>\u00a0Nouvelle ann\u00e9e<\/strong>\u00a0- C\u00e9l\u00e9bration universelle<\/li>\n\n\n\n<li>Du 14 au 17 f\u00e9vrier -\u00a0<strong>Carnaval<\/strong><\/li>\n\n\n\n<li>18 f\u00e9vrier - Mercredi des Cendres -\u00a0<strong>Carnaval<\/strong><\/li>\n\n\n\n<li>5 avril -\u00a0<strong>P\u00e2ques<\/strong><\/li>\n\n\n\n<li>21 avril -\u00a0<strong>Journ\u00e9e Tiradentes<\/strong>\u00a0(martyr nationaliste br\u00e9silien du 18\u00e8me si\u00e8cle)<\/li>\n\n\n\n<li>1er mai -<strong>\u00a0F\u00eate du travail<\/strong><\/li>\n\n\n\n<li>4 juin -\u00a0<strong>Corpus Christi<\/strong>\u00a0(Ascension)<\/li>\n\n\n\n<li>24 juin -<strong>\u00a0Jour de la Saint Jo\u00e3o<\/strong>\u00a0(uniquement dans certains \u00c9tats du nord-est)<\/li>\n\n\n\n<li>7 septembre -\u00a0<strong>F\u00eate de l'ind\u00e9pendance du Br\u00e9sil<\/strong><\/li>\n\n\n\n<li>12 octobre -\u00a0<strong>Journ\u00e9e Notre-Dame d'Aparecida<\/strong>\u00a0(saint patron du Br\u00e9sil)<\/li>\n\n\n\n<li>2 novembre -\u00a0<strong>Le jour de la Toussaint<\/strong><\/li>\n\n\n\n<li>15 novembre -\u00a0<strong>Proclamation du Jour de la R\u00e9publique<\/strong><\/li>\n\n\n\n<li>20 novembre -\u00a0<strong>Journ\u00e9e de la conscience noire<\/strong><\/li>\n\n\n\n<li>25 d\u00e9cembre -\u00a0<strong>No\u00ebl<\/strong><\/li>\n<\/ul>\n\n\n\n<p><strong><em><mark style=\"background-color:rgba(0, 0, 0, 0)\" class=\"has-inline-color has-vivid-red-color\">Remarque : les dates ci-dessus peuvent avoir une incidence sur la disponibilit\u00e9 et les prix des h\u00f4tels. Pendant les jours f\u00e9ri\u00e9s et les \u00e9v\u00e9nements locaux ou nationaux, les services, les transports et les magasins peuvent fonctionner diff\u00e9remment. Des nuisances sonores et des fermetures de routes sont \u00e9galement possibles.<\/mark><\/em><\/strong><\/p>\n\n\n\n<p><em><mark style=\"background-color:rgba(0, 0, 0, 0)\" class=\"has-inline-color has-vivid-red-color\"><strong>Veuillez v\u00e9rifier les dates avant de r\u00e9server et, en cas de doute, contactez nos conseillers.<\/strong><\/mark><\/em><\/p>\n\n\n\n<hr class=\"wp-block-separator has-alpha-channel-opacity\"\/>\n\n\n\n<h2 class=\"wp-block-heading\">Principaux \u00e9v\u00e9nements - 2026<\/h2>\n\n\n\n<p><br>Ce calendrier sera mis \u00e0 jour r\u00e9guli\u00e8rement en fonction des confirmations de dates. Tous les \u00e9v\u00e9nements sont susceptibles d'\u00eatre modifi\u00e9s sans pr\u00e9avis.<\/p>\n\n\n\n<p><strong>Restez \u00e0 l'\u00e9coute !<\/strong>&nbsp;En 2026, nous aurons le plus grand \u00e9v\u00e9nement footballistique du monde. La Coupe du monde de la FIFA stimulera le tourisme, la culture et l'\u00e9conomie dans plusieurs villes.<\/p>\n\n\n\n<p><strong>Calendrier des principaux \u00e9v\u00e9nements 2026<\/strong><br><br>Ce calendrier sera mis \u00e0 jour r\u00e9guli\u00e8rement en fonction des confirmations de dates. Tous les \u00e9v\u00e9nements sont susceptibles d'\u00eatre modifi\u00e9s sans pr\u00e9avis.<\/p>\n\n\n\n<p><strong>Restez \u00e0 l'\u00e9coute !<\/strong>&nbsp;En 2026, nous aurons le plus grand \u00e9v\u00e9nement footballistique du monde. La Coupe du monde de la FIFA stimulera le tourisme, la culture et l'\u00e9conomie dans plusieurs villes.<\/p>\n\n\n\n<p><strong>&nbsp;Coupe du monde - 11 juin au 19 juillet<\/strong><\/p>\n\n\n\n<p>Bient\u00f4t, nous annoncerons<strong>&nbsp;les sites accr\u00e9dit\u00e9s par la FIFA pour assister aux matches \u00e0 Rio de Janeiro et dans d'autres villes.<\/strong><\/p>\n\n\n\n<p><strong>Ev\u00e9nements<\/strong><\/p>\n\n\n\n<p><strong>Rio de Janeiro<\/strong><\/p>\n\n\n\n<ul class=\"wp-block-list\">\n<li>20 janvier -\u00a0<strong>F\u00eate de Saint S\u00e9bastien<\/strong><\/li>\n\n\n\n<li>Du 4 au 7 f\u00e9vrier -<strong>\u00a0Soci\u00e9t\u00e9 de r\u00e9sonance magn\u00e9tique cardiovasculaire (SCMR), Windsor Convention Center &amp; Hotels<\/strong><\/li>\n\n\n\n<li>Du 14 au 17 f\u00e9vrier -\u00a0<strong>Carnaval<\/strong><\/li>\n\n\n\n<li>Du 3 au 5 mars -\u00a0<strong>Routes Americas 2026, Expo Rio Cidade Nova<\/strong><\/li>\n\n\n\n<li>26 avril -\u00a0<strong>The Weeknd, Stade Nilton Santos<\/strong><\/li>\n\n\n\n<li>4, 5, 6, 7 et 11, 12, 13 septembre -\u00a0<strong>Rock in Rio 2026, Parc olympique<\/strong><\/li>\n<\/ul>\n\n\n\n<p><strong>S\u00e3o Paulo<\/strong><\/p>\n\n\n\n<ul class=\"wp-block-list\">\n<li>5-6 f\u00e9vrier -\u00a0<strong>My Chemical Romance, Allianz Parque<\/strong><\/li>\n\n\n\n<li>20-21 f\u00e9vrier -\u00a0<strong>Bad Bunny, Allianz Parque<\/strong><\/li>\n\n\n\n<li>Du 12 au 14 mars -\u00a0<strong>Salon Pesca, district d'Anhembi<\/strong><\/li>\n\n\n\n<li>Du 20 au 22 mars -<strong>\u00a0Lollapalooza Brasil 2026, hippodrome d'Interlagos<\/strong><\/li>\n\n\n\n<li>Du 14 au 16 avril -\u00a0<strong>WTM Latin America, Expo Center Norte<\/strong><\/li>\n\n\n\n<li>30 avril et 1er mai -<strong>\u00a0The Weeknd, Stade MorumBIS<\/strong><\/li>\n<\/ul>\n\n\n\n<p><strong>Foz do Igua\u00e7u<\/strong><br><strong><\/strong><\/p>\n\n\n\n<ul class=\"wp-block-list\">\n<li><strong>10-12 juin -\u00a0<\/strong><strong>Festival das Cataratas, Rafain Palace Hotel &amp; Convention<\/strong><\/li>\n<\/ul>\n\n\n\n<p><strong>Salvador - Bahia<\/strong><\/p>\n\n\n\n<ul class=\"wp-block-list\">\n<li>16 janvier -\u00a0<strong>F\u00eate du Senhor do Bonfim<\/strong><\/li>\n\n\n\n<li>24-25 janvier -\u00a0<strong>Festival d'\u00e9t\u00e9 de Salvador<\/strong><\/li>\n\n\n\n<li>2 f\u00e9vrier -\u00a0<strong>F\u00eate de l'Iemanj\u00e1<\/strong><\/li>\n\n\n\n<li>Du 14 au 17 f\u00e9vrier -\u00a0<strong>Carnaval<\/strong><\/li>\n\n\n\n<li>16 f\u00e9vrier -\u00a0<strong>Camarote Salvador : Concert de Ne-Yo, Palco Praia<\/strong><\/li>\n\n\n\n<li>2 juillet -\u00a0<strong>F\u00eate de l'ind\u00e9pendance de Bahia<\/strong><\/li>\n<\/ul>\n\n\n\n<p><strong>Bel\u00e9m<\/strong><\/p>\n\n\n\n<ul class=\"wp-block-list\">\n<li>11 octobre -\u00a0<strong>C\u00edrio de Nazar\u00e9 - Festival religieux<\/strong><\/li>\n<\/ul>\n\n\n\n<p><strong><em><mark style=\"background-color:rgba(0, 0, 0, 0)\" class=\"has-inline-color has-vivid-red-color\">Remarque : les dates ci-dessus peuvent avoir une incidence sur la disponibilit\u00e9 et les prix des h\u00f4tels. Pendant les jours f\u00e9ri\u00e9s et les \u00e9v\u00e9nements locaux ou nationaux, les services, les transports et les magasins peuvent fonctionner diff\u00e9remment. Des nuisances sonores et des fermetures de routes sont \u00e9galement possibles.<\/mark><\/em><\/strong><\/p>\n\n\n\n<p><em><mark style=\"background-color:rgba(0, 0, 0, 0)\" class=\"has-inline-color has-vivid-red-color\"><strong>Veuillez v\u00e9rifier les dates avant de r\u00e9server et, en cas de doute, contactez nos conseillers.<\/strong><\/mark><\/em><\/p>\n\n\n\n<hr class=\"wp-block-separator has-alpha-channel-opacity\"\/>","protected":false},"excerpt":{"rendered":"<p>National and main local holidays - 2026 Please note: The dates above may affect hotel availability and prices. During public holidays and events, local or national, services, transport and shops may operate differently. Noise disturbances and road closures may also occur. Please check the dates before booking and, if in doubt, contact our operators. Main [&hellip;]<\/p>\n","protected":false},"author":1,"featured_media":0,"parent":0,"menu_order":0,"comment_status":"closed","ping_status":"closed","template":"","meta":{"_acf_changed":false,"footnotes":""},"class_list":["post-556","page","type-page","status-publish","hentry"],"acf":[],"yoast_head":"<!-- This site is optimized with the Yoast SEO plugin v27.3 - https:\/\/yoast.com\/product\/yoast-seo-wordpress\/ -->\n<title>Calendar - Passion Brazil<\/title>\n<meta name=\"robots\" content=\"index, follow, max-snippet:-1, max-image-preview:large, max-video-preview:-1\" \/>\n<link rel=\"canonical\" href=\"https:\/\/passionbrazil.com\/fr\/calendar\/\" \/>\n<meta property=\"og:locale\" content=\"fr_FR\" \/>\n<meta property=\"og:type\" content=\"article\" \/>\n<meta property=\"og:title\" content=\"Calendar - Passion Brazil\" \/>\n<meta property=\"og:description\" content=\"National and main local holidays - 2026 Please note: The dates above may affect hotel availability and prices. During public holidays and events, local or national, services, transport and shops may operate differently. Noise disturbances and road closures may also occur. Please check the dates before booking and, if in doubt, contact our operators. Main [&hellip;]\" \/>\n<meta property=\"og:url\" content=\"https:\/\/passionbrazil.com\/fr\/calendar\/\" \/>\n<meta property=\"og:site_name\" content=\"Passion Brazil\" \/>\n<meta property=\"article:modified_time\" content=\"2025-10-28T20:13:42+00:00\" \/>\n<meta name=\"twitter:card\" content=\"summary_large_image\" \/>\n<meta name=\"twitter:label1\" content=\"Dur\u00e9e de lecture estim\u00e9e\" \/>\n\t<meta name=\"twitter:data1\" content=\"3 minutes\" \/>\n<script type=\"application\/ld+json\" class=\"yoast-schema-graph\">{\"@context\":\"https:\\\/\\\/schema.org\",\"@graph\":[{\"@type\":\"WebPage\",\"@id\":\"https:\\\/\\\/passionbrazil.com\\\/calendar\\\/\",\"url\":\"https:\\\/\\\/passionbrazil.com\\\/calendar\\\/\",\"name\":\"Calendar - Passion Brazil\",\"isPartOf\":{\"@id\":\"https:\\\/\\\/passionbrazil.com\\\/#website\"},\"datePublished\":\"2025-02-04T22:03:09+00:00\",\"dateModified\":\"2025-10-28T20:13:42+00:00\",\"breadcrumb\":{\"@id\":\"https:\\\/\\\/passionbrazil.com\\\/calendar\\\/#breadcrumb\"},\"inLanguage\":\"fr-FR\",\"potentialAction\":[{\"@type\":\"ReadAction\",\"target\":[\"https:\\\/\\\/passionbrazil.com\\\/calendar\\\/\"]}]},{\"@type\":\"BreadcrumbList\",\"@id\":\"https:\\\/\\\/passionbrazil.com\\\/calendar\\\/#breadcrumb\",\"itemListElement\":[{\"@type\":\"ListItem\",\"position\":1,\"name\":\"In\u00edcio\",\"item\":\"https:\\\/\\\/passionbrazil.com\\\/\"},{\"@type\":\"ListItem\",\"position\":2,\"name\":\"Calendar\"}]},{\"@type\":\"WebSite\",\"@id\":\"https:\\\/\\\/passionbrazil.com\\\/#website\",\"url\":\"https:\\\/\\\/passionbrazil.com\\\/\",\"name\":\"Passion Brazil\",\"description\":\"Passion Brazil is your gateway to the heart and soul of Brazil, as a boutique DMC specializing in tailor-made trips off of all kinds.\",\"potentialAction\":[{\"@type\":\"SearchAction\",\"target\":{\"@type\":\"EntryPoint\",\"urlTemplate\":\"https:\\\/\\\/passionbrazil.com\\\/?s={search_term_string}\"},\"query-input\":{\"@type\":\"PropertyValueSpecification\",\"valueRequired\":true,\"valueName\":\"search_term_string\"}}],\"inLanguage\":\"fr-FR\"}]}<\/script>\n<!-- \/ Yoast SEO plugin. -->","yoast_head_json":{"title":"Calendrier - Passion Br\u00e9sil","robots":{"index":"index","follow":"follow","max-snippet":"max-snippet:-1","max-image-preview":"max-image-preview:large","max-video-preview":"max-video-preview:-1"},"canonical":"https:\/\/passionbrazil.com\/fr\/calendar\/","og_locale":"fr_FR","og_type":"article","og_title":"Calendar - Passion Brazil","og_description":"National and main local holidays - 2026 Please note: The dates above may affect hotel availability and prices. During public holidays and events, local or national, services, transport and shops may operate differently. Noise disturbances and road closures may also occur. Please check the dates before booking and, if in doubt, contact our operators. Main [&hellip;]","og_url":"https:\/\/passionbrazil.com\/fr\/calendar\/","og_site_name":"Passion Brazil","article_modified_time":"2025-10-28T20:13:42+00:00","twitter_card":"summary_large_image","twitter_misc":{"Dur\u00e9e de lecture estim\u00e9e":"3 minutes"},"schema":{"@context":"https:\/\/schema.org","@graph":[{"@type":"WebPage","@id":"https:\/\/passionbrazil.com\/calendar\/","url":"https:\/\/passionbrazil.com\/calendar\/","name":"Calendrier - Passion Br\u00e9sil","isPartOf":{"@id":"https:\/\/passionbrazil.com\/#website"},"datePublished":"2025-02-04T22:03:09+00:00","dateModified":"2025-10-28T20:13:42+00:00","breadcrumb":{"@id":"https:\/\/passionbrazil.com\/calendar\/#breadcrumb"},"inLanguage":"fr-FR","potentialAction":[{"@type":"ReadAction","target":["https:\/\/passionbrazil.com\/calendar\/"]}]},{"@type":"BreadcrumbList","@id":"https:\/\/passionbrazil.com\/calendar\/#breadcrumb","itemListElement":[{"@type":"ListItem","position":1,"name":"In\u00edcio","item":"https:\/\/passionbrazil.com\/"},{"@type":"ListItem","position":2,"name":"Calendar"}]},{"@type":"WebSite","@id":"https:\/\/passionbrazil.com\/#website","url":"https:\/\/passionbrazil.com\/","name":"Passion Br\u00e9sil","description":"Passion Br\u00e9sil est votre porte d'entr\u00e9e au c\u0153ur et \u00e0 l'\u00e2me du Br\u00e9sil, en tant que DMC sp\u00e9cialis\u00e9e dans les voyages sur mesure de toutes sortes.","potentialAction":[{"@type":"SearchAction","target":{"@type":"EntryPoint","urlTemplate":"https:\/\/passionbrazil.com\/?s={search_term_string}"},"query-input":{"@type":"PropertyValueSpecification","valueRequired":true,"valueName":"search_term_string"}}],"inLanguage":"fr-FR"}]}},"_links":{"self":[{"href":"https:\/\/passionbrazil.com\/fr\/wp-json\/wp\/v2\/pages\/556","targetHints":{"allow":["GET"]}}],"collection":[{"href":"https:\/\/passionbrazil.com\/fr\/wp-json\/wp\/v2\/pages"}],"about":[{"href":"https:\/\/passionbrazil.com\/fr\/wp-json\/wp\/v2\/types\/page"}],"author":[{"embeddable":true,"href":"https:\/\/passionbrazil.com\/fr\/wp-json\/wp\/v2\/users\/1"}],"replies":[{"embeddable":true,"href":"https:\/\/passionbrazil.com\/fr\/wp-json\/wp\/v2\/comments?post=556"}],"version-history":[{"count":18,"href":"https:\/\/passionbrazil.com\/fr\/wp-json\/wp\/v2\/pages\/556\/revisions"}],"predecessor-version":[{"id":808,"href":"https:\/\/passionbrazil.com\/fr\/wp-json\/wp\/v2\/pages\/556\/revisions\/808"}],"wp:attachment":[{"href":"https:\/\/passionbrazil.com\/fr\/wp-json\/wp\/v2\/media?parent=556"}],"curies":[{"name":"wp","href":"https:\/\/api.w.org\/{rel}","templated":true}]}}