{"id":813,"date":"2026-02-21T13:53:42","date_gmt":"2026-02-21T13:53:42","guid":{"rendered":"https:\/\/passionbrazil.com\/?page_id=813"},"modified":"2026-04-06T17:24:42","modified_gmt":"2026-04-06T17:24:42","slug":"sustainability-policy","status":"publish","type":"page","link":"https:\/\/passionbrazil.com\/fr\/sustainability-policy\/","title":{"rendered":"Politique de d\u00e9veloppement durable"},"content":{"rendered":"<h3 class=\"wp-block-heading\">Engagement en faveur du tourisme durable<\/h3>\n\n\n\n<p>La durabilit\u00e9 fait partie de l'essence de Passion Brazil et refl\u00e8te l'engagement collectif de nos marques \u00e0 cr\u00e9er des exp\u00e9riences authentiques, des \u00e9motions inoubliables et des moments significatifs. Nous combinons un service personnalis\u00e9, un h\u00e9bergement de qualit\u00e9 et des exp\u00e9riences qui mettent en valeur la richesse naturelle et l'identit\u00e9 culturelle de chaque destination.<\/p>\n\n\n\n<p>Notre approche repose sur l'excellence op\u00e9rationnelle et une s\u00e9lection rigoureuse des partenaires, garantissant des exp\u00e9riences qui relient les voyageurs \u00e0 la r\u00e9gion de mani\u00e8re responsable et conforme \u00e0 nos valeurs d'\u00e9thique, de qualit\u00e9 et de durabilit\u00e9.<\/p>\n\n\n\n<p>Nous souhaitons devenir une r\u00e9f\u00e9rence nationale en mati\u00e8re de tourisme durable au Br\u00e9sil en renfor\u00e7ant les partenariats responsables, en responsabilisant nos \u00e9quipes, en innovant en permanence pour r\u00e9duire les impacts et en contribuant aux b\u00e9n\u00e9fices \u00e0 long terme pour les communaut\u00e9s et les g\u00e9n\u00e9rations futures.<\/p>\n\n\n\n<p>Nous nous engageons \u00e0 offrir un voyage unique et transformateur qui va au-del\u00e0 du tourisme traditionnel, en promouvant la conservation de l'environnement et en g\u00e9n\u00e9rant des impacts positifs pour les communaut\u00e9s locales et les \u00e9cosyst\u00e8mes. Nous consid\u00e9rons le d\u00e9veloppement durable comme une pratique permanente fond\u00e9e sur la responsabilit\u00e9, la transparence et la collaboration.<\/p>\n\n\n\n<p>Chaque voyage est con\u00e7u pour respecter, r\u00e9g\u00e9n\u00e9rer et valoriser les destinations, renfor\u00e7ant ainsi notre engagement \u00e0 faire du tourisme une force active de pr\u00e9servation et d'impact positif.<\/p>\n\n\n\n<hr class=\"wp-block-separator has-alpha-channel-opacity\"\/>\n\n\n\n<h3 class=\"wp-block-heading\">D\u00e9clarations<\/h3>\n\n\n\n<p><strong>\u00c9galit\u00e9 et diversit\u00e9<\/strong> \u2013 Nous rejetons toutes les formes de discrimination et promouvons un environnement inclusif et respectueux pour toutes les personnes, ind\u00e9pendamment de leur genre, orientation sexuelle, race, ethnie, \u00e2ge, handicap ou religion.<\/p>\n\n\n\n<p><strong>Inclusion sociale<\/strong> - Nous soutenons l'inclusion sociale et \u00e9conomique des groupes vuln\u00e9rables, en rejetant toute forme d'exclusion ou de marginalisation.<\/p>\n\n\n\n<p><strong>Droits de l'homme<\/strong> - Nous respectons les principes universels des droits de l'homme, en garantissant la dignit\u00e9, la libert\u00e9 et l'\u00e9galit\u00e9 \u00e0 toutes les personnes concern\u00e9es par nos actions.<\/p>\n\n\n\n<p><strong>Lutte contre l'exploitation sexuelle et le travail des enfants<\/strong> - Nous rejetons toute forme d'exploitation sexuelle, d'abus ou de traite des enfants et des adolescents, en prot\u00e9geant leurs droits et leur dignit\u00e9.<\/p>\n\n\n\n<p><strong>Rejet du travail forc\u00e9 et de la traite des \u00eatres humains<\/strong> - Nous nous opposons au travail forc\u00e9, \u00e0 la traite des \u00eatres humains et aux violations des droits du travail, en soutenant le travail \u00e9quitable et d\u00e9cent tout au long de la cha\u00eene de valeur du tourisme.<\/p>\n\n\n\n<p><strong>Protection de la faune et de la biodiversit\u00e9<\/strong> - Nous rejetons le trafic, la chasse et la maltraitance des animaux sauvages, nous prot\u00e9geons la biodiversit\u00e9 et nous respectons la l\u00e9gislation environnementale.<\/p>\n\n\n\n<p><strong>Respect des communaut\u00e9s et cultures locales<\/strong> - Nous valorisons et respectons les cultures, les traditions et les droits des communaut\u00e9s locales et des peuples autochtones, en encourageant une interaction \u00e9quitable et respectueuse.<\/p>\n\n\n\n<p><strong>Pr\u00e9servation du patrimoine culturel et naturel<\/strong> - Nous nous engageons \u00e0 pr\u00e9server le patrimoine culturel, arch\u00e9ologique et naturel, en rejetant tout dommage ou manque de respect \u00e0 l'\u00e9gard de ces biens.<\/p>\n\n\n\n<p><strong>Sant\u00e9, s\u00e9curit\u00e9 et bien-\u00eatre<\/strong> - Nous promouvons des environnements s\u00fbrs et sains pour les employ\u00e9s, les clients et les communaut\u00e9s, en rejetant les risques pour l'int\u00e9grit\u00e9 physique ou mentale.<\/p>\n\n\n\n<p><strong>Transparence et responsabilit\u00e9<\/strong> - Nous accordons de l'importance \u00e0 la transparence et \u00e0 la responsabilit\u00e9, en rejetant les informations trompeuses et les pratiques commerciales d\u00e9loyales.<\/p>\n\n\n\n<p><strong>Rejet de la corruption et des pratiques contraires \u00e0 l'\u00e9thique<\/strong> - Nous nous opposons \u00e0 toute forme de corruption et de pratiques ill\u00e9gales, en promouvant l'\u00e9thique et l'int\u00e9grit\u00e9 dans toutes nos relations.<\/p>\n\n\n\n<p><strong>Utilisation responsable des ressources naturelles<\/strong> - Nous mettons l'accent sur l'utilisation consciente et responsable des ressources naturelles, en rejetant les d\u00e9chets qui compromettent l'avenir.<\/p>\n\n\n\n<p><strong>Protection des donn\u00e9es et de la vie priv\u00e9e<\/strong> - Nous respectons la confidentialit\u00e9 et la protection des donn\u00e9es personnelles des clients, des employ\u00e9s et des partenaires, en refusant toute utilisation abusive.<\/p>\n\n\n\n<hr class=\"wp-block-separator has-alpha-channel-opacity\"\/>\n\n\n\n<h3 class=\"wp-block-heading\">Lignes directrices mondiales<\/h3>\n\n\n\n<p>Passion Br\u00e9sil reconna\u00eet l'importance d'aligner ses pratiques et ses politiques sur les normes internationales de durabilit\u00e9 dans le domaine du tourisme. C'est pourquoi nous utilisons comme r\u00e9f\u00e9rence les lignes directrices \u00e9labor\u00e9es par le Conseil mondial du tourisme durable (GSTC), l'Organisation mondiale du tourisme des Nations unies (OMT) et Travelife.<\/p>\n\n\n\n<p>Nous sommes particuli\u00e8rement attach\u00e9s aux objectifs de d\u00e9veloppement durable (ODD) suivants des Nations unies :<\/p>\n\n\n\n<p><strong>ODD 8 - Travail d\u00e9cent et croissance \u00e9conomique<\/strong><br>Pour soutenir l'ODD 8.9, nous nous engageons \u00e0 promouvoir le tourisme durable en tant qu'outil de cr\u00e9ation d'emplois, d'inclusion sociale et de d\u00e9veloppement communautaire.<\/p>\n\n\n\n<p><strong>ODD 12 - Consommation et production responsables<\/strong><br>Conform\u00e9ment \u00e0 l'ODD 12.b, nous adoptons des pratiques qui contr\u00f4lent et minimisent les impacts environnementaux, telles que la compensation des \u00e9missions de carbone, l'utilisation consciente des ressources et les partenariats avec des fournisseurs durables.<\/p>\n\n\n\n<p><strong>ODD 14 - La vie sous l'eau<\/strong><br>Conform\u00e9ment \u00e0 l'ODD 14.7, nous soutenons l'utilisation durable des ressources naturelles dans les destinations c\u00f4ti\u00e8res et fluviales, en promouvant des exp\u00e9riences qui respectent les \u00e9cosyst\u00e8mes aquatiques et valorisent les communaut\u00e9s locales.<\/p>\n\n\n\n<p><strong>ODD 15 - La vie sur terre<\/strong><br>En tant que voyagiste responsable, nous contribuons \u00e0 la conservation de la biodiversit\u00e9 par des initiatives d'\u00e9cotourisme, des projets de reforestation et la protection de la faune et de la flore.<\/p>\n\n\n\n<h2 class=\"wp-block-heading\">Pratiques et engagements - Gestion interne<\/h2>\n\n\n\n<h3 class=\"wp-block-heading\">Gestion de la durabilit\u00e9 et conformit\u00e9 juridique<\/h3>\n\n\n\n<p>Passion Br\u00e9sil int\u00e8gre le d\u00e9veloppement durable dans sa strat\u00e9gie et sa culture organisationnelle, en op\u00e9rant avec \u00e9thique, transparence et responsabilit\u00e9. Nos dirigeants guident cet engagement en veillant \u00e0 ce que les pratiques durables fassent partie de la routine quotidienne de l'\u00e9quipe.<\/p>\n\n\n\n<p>Nous participons activement \u00e0 des groupes et associations qui encouragent le dialogue et renforcent le tourisme durable au Br\u00e9sil.<\/p>\n\n\n\n<p>Nous respectons pleinement toutes les lois et r\u00e9glementations applicables dans les destinations o\u00f9 nous op\u00e9rons, y compris les normes en mati\u00e8re d'environnement, de travail, de droits de l'homme, de s\u00e9curit\u00e9 et de pr\u00e9servation de la culture, en maintenant une tol\u00e9rance z\u00e9ro pour la corruption, l'exploitation des enfants, le travail forc\u00e9 ou toute autre forme de discrimination.<\/p>\n\n\n\n<p>Nous r\u00e9examinons r\u00e9guli\u00e8rement nos pratiques afin de garantir la conformit\u00e9, l'am\u00e9lioration continue et la g\u00e9n\u00e9ration d'impacts positifs dans l'ensemble de nos activit\u00e9s.<\/p>\n\n\n\n<h3 class=\"wp-block-heading\">Politique sociale et droits de l'homme<\/h3>\n\n\n\n<p>Notre responsabilit\u00e9 \u00e0 l'\u00e9gard des personnes impliqu\u00e9es dans nos activit\u00e9s se traduit par des conditions de travail \u00e9quitables, l'inclusion, le d\u00e9veloppement professionnel et le respect total des droits de l'homme.<\/p>\n\n\n\n<p>Nous respectons pleinement la l\u00e9gislation du travail dans tous les r\u00e9gimes d'embauche. Nous garantissons l'\u00e9galit\u00e9 des chances dans l'acc\u00e8s aux ressources, aux r\u00f4les et aux postes. Le bien-\u00eatre fait \u00e9galement partie de notre culture, soutenue par des initiatives internes qui promeuvent la qualit\u00e9 de vie et l'int\u00e9gration, en favorisant un environnement s\u00fbr, sain et motivant.<\/p>\n\n\n\n<h3 class=\"wp-block-heading\">Environnement<\/h3>\n\n\n\n<p>La gestion de l'environnement est guid\u00e9e par des actions visant \u00e0 r\u00e9duire les impacts n\u00e9gatifs, \u00e0 promouvoir une utilisation efficace des ressources et \u00e0 renforcer les pratiques responsables qui contribuent \u00e0 la pr\u00e9servation de l'environnement.<\/p>\n\n\n\n<p>Nos initiatives comprennent le contr\u00f4le et la compensation des \u00e9missions de carbone, l'adoption de mod\u00e8les de travail qui r\u00e9duisent les d\u00e9placements, et l'encouragement \u00e0 r\u00e9duire la consommation d'\u00e9nergie et d'eau. Nous utilisons des produits de nettoyage efficaces et s\u00fbrs, un \u00e9clairage \u00e0 faible consommation d'\u00e9nergie, la communication num\u00e9rique pour r\u00e9duire les impressions, et nous encourageons les articles r\u00e9utilisables.<\/p>\n\n\n\n<p>Nous appliquons \u00e9galement des crit\u00e8res d'achat durables, utilisons du papier certifi\u00e9 FSC, faisons des choix responsables en mati\u00e8re de mat\u00e9riel promotionnel et soutenons en permanence des projets socio-environnementaux qui \u00e9largissent l'impact positif de nos activit\u00e9s.<\/p>\n\n\n\n<h2 class=\"wp-block-heading\">Pratiques et engagements - Gestion des fournisseurs<\/h2>\n\n\n\n<h3 class=\"wp-block-heading\">Agences entrantes<\/h3>\n\n\n\n<p>Les agences r\u00e9ceptives jouent un r\u00f4le fondamental dans l'offre d'exp\u00e9riences conformes au tourisme responsable. Nous appliquons des crit\u00e8res rigoureux lors de la s\u00e9lection, de la conclusion de contrats et du suivi de ces partenariats. Nous privil\u00e9gions les fournisseurs locaux, les relations \u00e0 long terme et les pratiques \u00e9thiques, en formalisant chaque partenariat par des directives claires sur la qualit\u00e9, la conduite et le respect de la l\u00e9gislation.<\/p>\n\n\n\n<p>Nous tenons \u00e0 jour un inventaire des partenaires strat\u00e9giques, encourageons r\u00e9guli\u00e8rement les pratiques durables et \u00e9valuons p\u00e9riodiquement les performances par le biais de retours d'information et d'inspections, afin de garantir une am\u00e9lioration continue et l'alignement sur nos principes socio-environnementaux.<\/p>\n\n\n\n<h3 class=\"wp-block-heading\">Transport<\/h3>\n\n\n\n<p>Le transport est un \u00e9l\u00e9ment essentiel de l'exp\u00e9rience de voyage. Nous recherchons des solutions qui concilient le confort, la s\u00e9curit\u00e9 et l'efficacit\u00e9, tout en r\u00e9duisant les \u00e9missions et en encourageant les alternatives \u00e0 faible impact.<\/p>\n\n\n\n<p>Nous appliquons des crit\u00e8res de s\u00e9lection stricts pour nos partenaires, \u00e0 travers des directives claires en mati\u00e8re de conduite, de qualit\u00e9 et de respect de la l\u00e9gislation, en donnant la priorit\u00e9 aux fournisseurs locaux et aux pratiques durables. Dans la mesure du possible, nous int\u00e9grons dans nos itin\u00e9raires des choix plus conscients tels que les v\u00e9hicules \u00e9lectriques, les bicyclettes, la marche et les trains. Nous \u00e9valuons p\u00e9riodiquement la qualit\u00e9 op\u00e9rationnelle par le biais de retours d'information et d'inspections afin d'assurer une am\u00e9lioration continue.<\/p>\n\n\n\n<h3 class=\"wp-block-heading\">H\u00e9bergement<\/h3>\n\n\n\n<p>Les choix d'h\u00e9bergement ont un impact direct sur la promotion du tourisme durable. Nous appliquons des crit\u00e8res rigoureux pour nous assurer que tous les \u00e9tablissements respectent nos principes socio-environnementaux.<\/p>\n\n\n\n<p>Nous donnons la priorit\u00e9 aux \u00e9tablissements qui op\u00e8rent de mani\u00e8re \u00e9thique, respectent les communaut\u00e9s locales et adoptent des pratiques qui minimisent l'impact sur l'environnement, y compris des options durables et certifi\u00e9es. Nous travaillons exclusivement avec des partenaires qui respectent pleinement la l\u00e9gislation nationale et proc\u00e9dons \u00e0 des \u00e9valuations r\u00e9currentes par le biais de retours d'information et d'inspections sur place.<\/p>\n\n\n\n<h3 class=\"wp-block-heading\">Activit\u00e9s, visites et excursions<\/h3>\n\n\n\n<p>Toutes les activit\u00e9s respectent des crit\u00e8res stricts afin de garantir des exp\u00e9riences responsables, culturellement appropri\u00e9es et respectueuses de l'environnement. Nous tenons \u00e0 jour un inventaire des offres de nos partenaires, en donnant la priorit\u00e9 aux options qui r\u00e9duisent l'impact et favorisent les avantages locaux.<\/p>\n\n\n\n<p>Nous s\u00e9lectionnons soigneusement chaque activit\u00e9 en fonction du profil du client, en veillant \u00e0 ce qu'aucune ne pr\u00e9sente de risques pour les personnes, la faune, la flore ou les \u00e9cosyst\u00e8mes sensibles. L'interaction responsable avec la faune, le respect des habitats naturels et les restrictions sur l'utilisation ou le commerce des esp\u00e8ces sont des principes fondamentaux.<\/p>\n\n\n\n<p>Nous fournissons des orientations claires pour les activit\u00e9s sensibles \u00e0 la culture et \u00e0 l'environnement et \u00e9valuons r\u00e9guli\u00e8rement les exp\u00e9riences par le biais d'un retour d'information et d'inspections.<\/p>\n\n\n\n<h3 class=\"wp-block-heading\">Repr\u00e9sentants locaux et guides<\/h3>\n\n\n\n<p>Les repr\u00e9sentants locaux et les guides jouent un r\u00f4le essentiel dans l'exp\u00e9rience des voyageurs. Nous travaillons avec des professionnels qui s'engagent \u00e0 adopter une conduite responsable, \u00e0 verser une r\u00e9mun\u00e9ration \u00e9quitable, \u00e0 suivre une formation continue et \u00e0 respecter des conditions de travail conformes \u00e0 la l\u00e9gislation.<\/p>\n\n\n\n<p>Tous les partenariats sont formalis\u00e9s par des directives claires sur la conduite, la qualit\u00e9 et la durabilit\u00e9. Ces professionnels partagent \u00e9galement avec les voyageurs des informations pertinentes sur le d\u00e9veloppement durable, la culture et les codes de conduite. Les performances sont r\u00e9guli\u00e8rement contr\u00f4l\u00e9es par le biais d'un retour d'information afin d'assurer une am\u00e9lioration continue.<\/p>\n\n\n\n<h3 class=\"wp-block-heading\">Destinations<\/h3>\n\n\n\n<p>La s\u00e9lection et la gestion des destinations suivent des crit\u00e8res de durabilit\u00e9 qui donnent la priorit\u00e9 \u00e0 la pr\u00e9servation de l'environnement, au respect des communaut\u00e9s locales et \u00e0 l'appr\u00e9ciation du patrimoine culturel, g\u00e9n\u00e9rant ainsi des impacts sociaux, environnementaux et \u00e9conomiques positifs.<\/p>\n\n\n\n<p>Nous \u00e9valuons soigneusement les nouvelles destinations, en donnant la priorit\u00e9 \u00e0 celles qui adoptent des pratiques responsables et minimisent les impacts n\u00e9gatifs du tourisme, tout en renfor\u00e7ant les \u00e9conomies locales gr\u00e2ce \u00e0 des fournisseurs r\u00e9gionaux et des produits authentiques.<\/p>\n\n\n\n<p>Nous ne soutenons pas la commercialisation d'articles concernant des esp\u00e8ces menac\u00e9es ou le patrimoine historique. Nous contr\u00f4lons en permanence les r\u00e9sultats au moyen d'indicateurs et de retours d'information afin d'accro\u00eetre les effets positifs.<\/p>\n\n\n\n<h3 class=\"wp-block-heading\">Communication et protection des clients<\/h3>\n\n\n\n<p>La communication avec les clients est guid\u00e9e par la transparence, la s\u00e9curit\u00e9 et la responsabilit\u00e9, garantissant une information claire, la protection des donn\u00e9es personnelles et des conseils pour des choix de voyage plus conscients.<\/p>\n\n\n\n<p>Nous suivons des pratiques commerciales \u00e9thiques, fournissons des informations pr\u00e9cises et compl\u00e8tes sur les produits et les destinations, et encourageons la consommation de services et de produits locaux de qualit\u00e9.<\/p>\n\n\n\n<p>Nous mettons \u00e9galement l'accent sur les h\u00e9bergements et les excursions durables et fournissons des conseils sp\u00e9cifiques pour les activit\u00e9s sensibles. La satisfaction des clients fait l'objet d'un suivi permanent et des proc\u00e9dures structur\u00e9es sont en place pour traiter et r\u00e9soudre les plaintes, ce qui favorise l'am\u00e9lioration continue.<\/p>","protected":false},"excerpt":{"rendered":"<p>Commitment to Sustainable Tourism Sustainability is part of Passion Brazil\u2019s essence and reflects the collective commitment of our brands to create authentic experiences, unforgettable emotions, and meaningful moments. We combine personalized service, quality accommodations, and experiences that highlight the natural richness and cultural identity of each destination. Our approach is built on operational excellence and [&hellip;]<\/p>\n","protected":false},"author":1,"featured_media":0,"parent":0,"menu_order":0,"comment_status":"closed","ping_status":"closed","template":"","meta":{"_acf_changed":false,"footnotes":""},"class_list":["post-813","page","type-page","status-publish","hentry"],"acf":[],"yoast_head":"<!-- This site is optimized with the Yoast SEO plugin v27.3 - https:\/\/yoast.com\/product\/yoast-seo-wordpress\/ -->\n<title>Sustainability Policy - Passion Brazil<\/title>\n<meta name=\"robots\" content=\"index, follow, max-snippet:-1, max-image-preview:large, max-video-preview:-1\" \/>\n<link rel=\"canonical\" href=\"https:\/\/passionbrazil.com\/fr\/sustainability-policy\/\" \/>\n<meta property=\"og:locale\" content=\"fr_FR\" \/>\n<meta property=\"og:type\" content=\"article\" \/>\n<meta property=\"og:title\" content=\"Sustainability Policy - Passion Brazil\" \/>\n<meta property=\"og:description\" content=\"Commitment to Sustainable Tourism Sustainability is part of Passion Brazil\u2019s essence and reflects the collective commitment of our brands to create authentic experiences, unforgettable emotions, and meaningful moments. We combine personalized service, quality accommodations, and experiences that highlight the natural richness and cultural identity of each destination. Our approach is built on operational excellence and [&hellip;]\" \/>\n<meta property=\"og:url\" content=\"https:\/\/passionbrazil.com\/fr\/sustainability-policy\/\" \/>\n<meta property=\"og:site_name\" content=\"Passion Brazil\" \/>\n<meta property=\"article:modified_time\" content=\"2026-04-06T17:24:42+00:00\" \/>\n<meta name=\"twitter:card\" content=\"summary_large_image\" \/>\n<meta name=\"twitter:label1\" content=\"Dur\u00e9e de lecture estim\u00e9e\" \/>\n\t<meta name=\"twitter:data1\" content=\"17 minutes\" \/>\n<script type=\"application\/ld+json\" class=\"yoast-schema-graph\">{\"@context\":\"https:\\\/\\\/schema.org\",\"@graph\":[{\"@type\":\"WebPage\",\"@id\":\"https:\\\/\\\/passionbrazil.com\\\/sustainability-policy\\\/\",\"url\":\"https:\\\/\\\/passionbrazil.com\\\/sustainability-policy\\\/\",\"name\":\"Sustainability Policy - Passion Brazil\",\"isPartOf\":{\"@id\":\"https:\\\/\\\/passionbrazil.com\\\/#website\"},\"datePublished\":\"2026-02-21T13:53:42+00:00\",\"dateModified\":\"2026-04-06T17:24:42+00:00\",\"breadcrumb\":{\"@id\":\"https:\\\/\\\/passionbrazil.com\\\/sustainability-policy\\\/#breadcrumb\"},\"inLanguage\":\"fr-FR\",\"potentialAction\":[{\"@type\":\"ReadAction\",\"target\":[\"https:\\\/\\\/passionbrazil.com\\\/sustainability-policy\\\/\"]}]},{\"@type\":\"BreadcrumbList\",\"@id\":\"https:\\\/\\\/passionbrazil.com\\\/sustainability-policy\\\/#breadcrumb\",\"itemListElement\":[{\"@type\":\"ListItem\",\"position\":1,\"name\":\"In\u00edcio\",\"item\":\"https:\\\/\\\/passionbrazil.com\\\/\"},{\"@type\":\"ListItem\",\"position\":2,\"name\":\"Sustainability Policy\"}]},{\"@type\":\"WebSite\",\"@id\":\"https:\\\/\\\/passionbrazil.com\\\/#website\",\"url\":\"https:\\\/\\\/passionbrazil.com\\\/\",\"name\":\"Passion Brazil\",\"description\":\"Passion Brazil is your gateway to the heart and soul of Brazil, as a boutique DMC specializing in tailor-made trips off of all kinds.\",\"potentialAction\":[{\"@type\":\"SearchAction\",\"target\":{\"@type\":\"EntryPoint\",\"urlTemplate\":\"https:\\\/\\\/passionbrazil.com\\\/?s={search_term_string}\"},\"query-input\":{\"@type\":\"PropertyValueSpecification\",\"valueRequired\":true,\"valueName\":\"search_term_string\"}}],\"inLanguage\":\"fr-FR\"}]}<\/script>\n<!-- \/ Yoast SEO plugin. -->","yoast_head_json":{"title":"Sustainability Policy - Passion Brazil","robots":{"index":"index","follow":"follow","max-snippet":"max-snippet:-1","max-image-preview":"max-image-preview:large","max-video-preview":"max-video-preview:-1"},"canonical":"https:\/\/passionbrazil.com\/fr\/sustainability-policy\/","og_locale":"fr_FR","og_type":"article","og_title":"Sustainability Policy - Passion Brazil","og_description":"Commitment to Sustainable Tourism Sustainability is part of Passion Brazil\u2019s essence and reflects the collective commitment of our brands to create authentic experiences, unforgettable emotions, and meaningful moments. We combine personalized service, quality accommodations, and experiences that highlight the natural richness and cultural identity of each destination. Our approach is built on operational excellence and [&hellip;]","og_url":"https:\/\/passionbrazil.com\/fr\/sustainability-policy\/","og_site_name":"Passion Brazil","article_modified_time":"2026-04-06T17:24:42+00:00","twitter_card":"summary_large_image","twitter_misc":{"Dur\u00e9e de lecture estim\u00e9e":"17 minutes"},"schema":{"@context":"https:\/\/schema.org","@graph":[{"@type":"WebPage","@id":"https:\/\/passionbrazil.com\/sustainability-policy\/","url":"https:\/\/passionbrazil.com\/sustainability-policy\/","name":"Sustainability Policy - Passion Brazil","isPartOf":{"@id":"https:\/\/passionbrazil.com\/#website"},"datePublished":"2026-02-21T13:53:42+00:00","dateModified":"2026-04-06T17:24:42+00:00","breadcrumb":{"@id":"https:\/\/passionbrazil.com\/sustainability-policy\/#breadcrumb"},"inLanguage":"fr-FR","potentialAction":[{"@type":"ReadAction","target":["https:\/\/passionbrazil.com\/sustainability-policy\/"]}]},{"@type":"BreadcrumbList","@id":"https:\/\/passionbrazil.com\/sustainability-policy\/#breadcrumb","itemListElement":[{"@type":"ListItem","position":1,"name":"In\u00edcio","item":"https:\/\/passionbrazil.com\/"},{"@type":"ListItem","position":2,"name":"Sustainability Policy"}]},{"@type":"WebSite","@id":"https:\/\/passionbrazil.com\/#website","url":"https:\/\/passionbrazil.com\/","name":"Passion Br\u00e9sil","description":"Passion Br\u00e9sil est votre porte d'entr\u00e9e au c\u0153ur et \u00e0 l'\u00e2me du Br\u00e9sil, en tant que DMC sp\u00e9cialis\u00e9e dans les voyages sur mesure de toutes sortes.","potentialAction":[{"@type":"SearchAction","target":{"@type":"EntryPoint","urlTemplate":"https:\/\/passionbrazil.com\/?s={search_term_string}"},"query-input":{"@type":"PropertyValueSpecification","valueRequired":true,"valueName":"search_term_string"}}],"inLanguage":"fr-FR"}]}},"_links":{"self":[{"href":"https:\/\/passionbrazil.com\/fr\/wp-json\/wp\/v2\/pages\/813","targetHints":{"allow":["GET"]}}],"collection":[{"href":"https:\/\/passionbrazil.com\/fr\/wp-json\/wp\/v2\/pages"}],"about":[{"href":"https:\/\/passionbrazil.com\/fr\/wp-json\/wp\/v2\/types\/page"}],"author":[{"embeddable":true,"href":"https:\/\/passionbrazil.com\/fr\/wp-json\/wp\/v2\/users\/1"}],"replies":[{"embeddable":true,"href":"https:\/\/passionbrazil.com\/fr\/wp-json\/wp\/v2\/comments?post=813"}],"version-history":[{"count":6,"href":"https:\/\/passionbrazil.com\/fr\/wp-json\/wp\/v2\/pages\/813\/revisions"}],"predecessor-version":[{"id":831,"href":"https:\/\/passionbrazil.com\/fr\/wp-json\/wp\/v2\/pages\/813\/revisions\/831"}],"wp:attachment":[{"href":"https:\/\/passionbrazil.com\/fr\/wp-json\/wp\/v2\/media?parent=813"}],"curies":[{"name":"wp","href":"https:\/\/api.w.org\/{rel}","templated":true}]}}