{"id":3,"date":"2024-08-21T10:31:34","date_gmt":"2024-08-21T10:31:34","guid":{"rendered":"http:\/\/passionbrazil.com\/?page_id=3"},"modified":"2024-10-29T12:31:58","modified_gmt":"2024-10-29T12:31:58","slug":"politica-de-privacidade","status":"publish","type":"page","link":"https:\/\/passionbrazil.com\/it\/politica-de-privacidade\/","title":{"rendered":"Politica dei cookie"},"content":{"rendered":"<p>Cliccando sul bot\u00e3o \"<strong>ACEITO\", o USU\u00c1RIO declara-se ciente a respeito dos tratamentos de seus dados pessoais nos termos da presente POL\u00cdTICA DE\u00a0<em>COCCOLE<\/em><\/strong>. Se non concorda con i termini e le condizioni, deve interrompere l'uso del sito.<\/p>\n\n\n\n<h2 class=\"wp-block-heading\">O que s\u00e3o Cookies<\/h2>\n\n\n\n<p>I cookie sono piccoli arcipreti di testo utilizzati per memorizzare informazioni. Vengono memorizzati sul dispositivo quando il sito viene caricato sul navigatore. Questi cookie aiutano a far funzionare correttamente il sito, a renderlo pi\u00f9 sicuro, a fornire un'esperienza migliore e ad analizzare ci\u00f2 che pu\u00f2 essere migliorato.<\/p>\n\n\n\n<h2 class=\"wp-block-heading\">Come utilizziamo i cookie<\/h2>\n\n\n\n<p>Come la maggior parte dei servizi online, il nostro sito utilizza cookie primari e terzi per diverse finalit\u00e0. I cookie primari sono necessari per il corretto funzionamento del sito e non contengono alcun dato di identificazione personale. I cookie di terzo livello servono principalmente a capire come interagisce con il nostro sito, a mantenere i nostri servizi sicuri e, in definitiva, a offrirle un'esperienza di utilizzo ottimale e ad accelerare le sue future interazioni con il sito.<\/p>\n\n\n\n<h2 class=\"wp-block-heading\">Tipi di cookie utilizzati<\/h2>\n\n\n\n<p><strong>Essenziale<\/strong>: Alcuni cookie sono essenziali per poter sperimentare tutte le funzioni del nostro sito. Consentono di mantenere le sessioni dell'utente e di prevenire eventuali problemi di sicurezza. Non collezionano e archiviano nessuna informazione personale.<\/p>\n\n\n\n<p><strong>Statistiche<\/strong>: Questi cookie contengono informazioni come il numero di visitatori del sito, il numero di visitatori unici, quali pagine del sito sono state visitate, l'origine della visita, ecc. Questi dati ci aiutano a comprendere e analizzare il rendimento del sito e a capire dove \u00e8 necessario effettuare delle modifiche.<\/p>\n\n\n\n<p><strong>Funzionale:<\/strong>&nbsp;Si tratta di cookie che aiutano alcune funzioni non essenziali del nostro sito. Tali funzioni comprendono l'incorporazione di contenuti come video o la condivisione di contenuti del sito su piattaforme sociali.<\/p>","protected":false},"excerpt":{"rendered":"<p>Ao clicar no bot\u00e3o \u201cACEITO\u201d, o USU\u00c1RIO declara-se ciente a respeito dos tratamentos de seus dados pessoais nos termos da presente POL\u00cdTICA DE\u00a0COOKIES. Caso n\u00e3o concorde com os termos e condi\u00e7\u00f5es, deve interromper o uso do site. O que s\u00e3o Cookies Cookies s\u00e3o pequenos arquivos de texto usados para armazenar informa\u00e7\u00f5es. Eles s\u00e3o armazenados em [&hellip;]<\/p>\n","protected":false},"author":1,"featured_media":0,"parent":0,"menu_order":10,"comment_status":"closed","ping_status":"closed","template":"","meta":{"_acf_changed":false,"footnotes":""},"class_list":["post-3","page","type-page","status-publish","hentry"],"acf":[],"yoast_head":"<!-- This site is optimized with the Yoast SEO plugin v27.3 - https:\/\/yoast.com\/product\/yoast-seo-wordpress\/ -->\n<title>Pol\u00edtica de Cookies - Passion Brazil<\/title>\n<meta name=\"robots\" content=\"index, follow, max-snippet:-1, max-image-preview:large, max-video-preview:-1\" \/>\n<link rel=\"canonical\" href=\"https:\/\/passionbrazil.com\/it\/politica-de-privacidade\/\" \/>\n<meta property=\"og:locale\" content=\"it_IT\" \/>\n<meta property=\"og:type\" content=\"article\" \/>\n<meta property=\"og:title\" content=\"Pol\u00edtica de Cookies - Passion Brazil\" \/>\n<meta property=\"og:description\" content=\"Ao clicar no bot\u00e3o \u201cACEITO\u201d, o USU\u00c1RIO declara-se ciente a respeito dos tratamentos de seus dados pessoais nos termos da presente POL\u00cdTICA DE\u00a0COOKIES. Caso n\u00e3o concorde com os termos e condi\u00e7\u00f5es, deve interromper o uso do site. O que s\u00e3o Cookies Cookies s\u00e3o pequenos arquivos de texto usados para armazenar informa\u00e7\u00f5es. Eles s\u00e3o armazenados em [&hellip;]\" \/>\n<meta property=\"og:url\" content=\"https:\/\/passionbrazil.com\/it\/politica-de-privacidade\/\" \/>\n<meta property=\"og:site_name\" content=\"Passion Brazil\" \/>\n<meta property=\"article:modified_time\" content=\"2024-10-29T12:31:58+00:00\" \/>\n<meta name=\"twitter:card\" content=\"summary_large_image\" \/>\n<meta name=\"twitter:label1\" content=\"Tempo di lettura stimato\" \/>\n\t<meta name=\"twitter:data1\" content=\"2 minuti\" \/>\n<script type=\"application\/ld+json\" class=\"yoast-schema-graph\">{\"@context\":\"https:\\\/\\\/schema.org\",\"@graph\":[{\"@type\":\"WebPage\",\"@id\":\"https:\\\/\\\/passionbrazil.com\\\/politica-de-privacidade\\\/\",\"url\":\"https:\\\/\\\/passionbrazil.com\\\/politica-de-privacidade\\\/\",\"name\":\"Pol\u00edtica de Cookies - Passion Brazil\",\"isPartOf\":{\"@id\":\"https:\\\/\\\/passionbrazil.com\\\/#website\"},\"datePublished\":\"2024-08-21T10:31:34+00:00\",\"dateModified\":\"2024-10-29T12:31:58+00:00\",\"breadcrumb\":{\"@id\":\"https:\\\/\\\/passionbrazil.com\\\/politica-de-privacidade\\\/#breadcrumb\"},\"inLanguage\":\"it-IT\",\"potentialAction\":[{\"@type\":\"ReadAction\",\"target\":[\"https:\\\/\\\/passionbrazil.com\\\/politica-de-privacidade\\\/\"]}]},{\"@type\":\"BreadcrumbList\",\"@id\":\"https:\\\/\\\/passionbrazil.com\\\/politica-de-privacidade\\\/#breadcrumb\",\"itemListElement\":[{\"@type\":\"ListItem\",\"position\":1,\"name\":\"In\u00edcio\",\"item\":\"https:\\\/\\\/passionbrazil.com\\\/\"},{\"@type\":\"ListItem\",\"position\":2,\"name\":\"Pol\u00edtica de Cookies\"}]},{\"@type\":\"WebSite\",\"@id\":\"https:\\\/\\\/passionbrazil.com\\\/#website\",\"url\":\"https:\\\/\\\/passionbrazil.com\\\/\",\"name\":\"Passion Brazil\",\"description\":\"Passion Brazil is your gateway to the heart and soul of Brazil, as a boutique DMC specializing in tailor-made trips off of all kinds.\",\"potentialAction\":[{\"@type\":\"SearchAction\",\"target\":{\"@type\":\"EntryPoint\",\"urlTemplate\":\"https:\\\/\\\/passionbrazil.com\\\/?s={search_term_string}\"},\"query-input\":{\"@type\":\"PropertyValueSpecification\",\"valueRequired\":true,\"valueName\":\"search_term_string\"}}],\"inLanguage\":\"it-IT\"}]}<\/script>\n<!-- \/ Yoast SEO plugin. -->","yoast_head_json":{"title":"Politica dei cookie - Passion Brazil","robots":{"index":"index","follow":"follow","max-snippet":"max-snippet:-1","max-image-preview":"max-image-preview:large","max-video-preview":"max-video-preview:-1"},"canonical":"https:\/\/passionbrazil.com\/it\/politica-de-privacidade\/","og_locale":"it_IT","og_type":"article","og_title":"Pol\u00edtica de Cookies - Passion Brazil","og_description":"Ao clicar no bot\u00e3o \u201cACEITO\u201d, o USU\u00c1RIO declara-se ciente a respeito dos tratamentos de seus dados pessoais nos termos da presente POL\u00cdTICA DE\u00a0COOKIES. Caso n\u00e3o concorde com os termos e condi\u00e7\u00f5es, deve interromper o uso do site. O que s\u00e3o Cookies Cookies s\u00e3o pequenos arquivos de texto usados para armazenar informa\u00e7\u00f5es. Eles s\u00e3o armazenados em [&hellip;]","og_url":"https:\/\/passionbrazil.com\/it\/politica-de-privacidade\/","og_site_name":"Passion Brazil","article_modified_time":"2024-10-29T12:31:58+00:00","twitter_card":"summary_large_image","twitter_misc":{"Tempo di lettura stimato":"2 minuti"},"schema":{"@context":"https:\/\/schema.org","@graph":[{"@type":"WebPage","@id":"https:\/\/passionbrazil.com\/politica-de-privacidade\/","url":"https:\/\/passionbrazil.com\/politica-de-privacidade\/","name":"Politica dei cookie - Passion Brazil","isPartOf":{"@id":"https:\/\/passionbrazil.com\/#website"},"datePublished":"2024-08-21T10:31:34+00:00","dateModified":"2024-10-29T12:31:58+00:00","breadcrumb":{"@id":"https:\/\/passionbrazil.com\/politica-de-privacidade\/#breadcrumb"},"inLanguage":"it-IT","potentialAction":[{"@type":"ReadAction","target":["https:\/\/passionbrazil.com\/politica-de-privacidade\/"]}]},{"@type":"BreadcrumbList","@id":"https:\/\/passionbrazil.com\/politica-de-privacidade\/#breadcrumb","itemListElement":[{"@type":"ListItem","position":1,"name":"In\u00edcio","item":"https:\/\/passionbrazil.com\/"},{"@type":"ListItem","position":2,"name":"Pol\u00edtica de Cookies"}]},{"@type":"WebSite","@id":"https:\/\/passionbrazil.com\/#website","url":"https:\/\/passionbrazil.com\/","name":"Passione Brasile","description":"Passione Brasile \u00e8 la vostra porta d'accesso al cuore e all'anima del Brasile, in quanto DMC boutique specializzata in viaggi su misura di ogni tipo.","potentialAction":[{"@type":"SearchAction","target":{"@type":"EntryPoint","urlTemplate":"https:\/\/passionbrazil.com\/?s={search_term_string}"},"query-input":{"@type":"PropertyValueSpecification","valueRequired":true,"valueName":"search_term_string"}}],"inLanguage":"it-IT"}]}},"_links":{"self":[{"href":"https:\/\/passionbrazil.com\/it\/wp-json\/wp\/v2\/pages\/3","targetHints":{"allow":["GET"]}}],"collection":[{"href":"https:\/\/passionbrazil.com\/it\/wp-json\/wp\/v2\/pages"}],"about":[{"href":"https:\/\/passionbrazil.com\/it\/wp-json\/wp\/v2\/types\/page"}],"author":[{"embeddable":true,"href":"https:\/\/passionbrazil.com\/it\/wp-json\/wp\/v2\/users\/1"}],"replies":[{"embeddable":true,"href":"https:\/\/passionbrazil.com\/it\/wp-json\/wp\/v2\/comments?post=3"}],"version-history":[{"count":4,"href":"https:\/\/passionbrazil.com\/it\/wp-json\/wp\/v2\/pages\/3\/revisions"}],"predecessor-version":[{"id":473,"href":"https:\/\/passionbrazil.com\/it\/wp-json\/wp\/v2\/pages\/3\/revisions\/473"}],"wp:attachment":[{"href":"https:\/\/passionbrazil.com\/it\/wp-json\/wp\/v2\/media?parent=3"}],"curies":[{"name":"wp","href":"https:\/\/api.w.org\/{rel}","templated":true}]}}