{"id":556,"date":"2025-02-04T22:03:09","date_gmt":"2025-02-04T22:03:09","guid":{"rendered":"https:\/\/passionbrazil.com\/?page_id=556"},"modified":"2025-10-28T20:13:42","modified_gmt":"2025-10-28T20:13:42","slug":"calendar","status":"publish","type":"page","link":"https:\/\/passionbrazil.com\/it\/calendar\/","title":{"rendered":"Calendario"},"content":{"rendered":"<hr class=\"wp-block-separator has-alpha-channel-opacity\"\/>\n\n\n\n<h2 class=\"wp-block-heading\">Festivit\u00e0 nazionali e principali festivit\u00e0 locali - 2026<\/h2>\n\n\n\n<p><\/p>\n\n\n\n<ul class=\"wp-block-list\">\n<li>1 gennaio -<strong>\u00a0Anno nuovo<\/strong>\u00a0- Celebrazione universale<\/li>\n\n\n\n<li>Dal 14 al 17 febbraio.\u00a0<strong>Carnevale<\/strong><\/li>\n\n\n\n<li>18 febbraio - Mercoled\u00ec delle Ceneri\u00a0<strong>Carnevale<\/strong><\/li>\n\n\n\n<li>5 aprile -\u00a0<strong>Pasqua<\/strong><\/li>\n\n\n\n<li>21 aprile -\u00a0<strong>Giorno di Tiradentes<\/strong>\u00a0(martire nazionalista brasiliano del XVIII secolo)<\/li>\n\n\n\n<li>1\u00b0 maggio -<strong>\u00a0Festa del lavoro<\/strong><\/li>\n\n\n\n<li>4 giugno -\u00a0<strong>Corpus Christi<\/strong>\u00a0(Ascensione)<\/li>\n\n\n\n<li>24 giugno -<strong>\u00a0Giorno di San Jo\u00e3o<\/strong>\u00a0(solo in alcuni Stati del Nord-Est)<\/li>\n\n\n\n<li>7 settembre -\u00a0<strong>Giornata dell'indipendenza brasiliana<\/strong><\/li>\n\n\n\n<li>12 ottobre -\u00a0<strong>Giornata di Nostra Signora di Aparecida<\/strong>\u00a0(patrono del Brasile)<\/li>\n\n\n\n<li>2 novembre -\u00a0<strong>Giorno di tutte le anime<\/strong><\/li>\n\n\n\n<li>15 novembre -\u00a0<strong>Proclamazione della Festa della Repubblica<\/strong><\/li>\n\n\n\n<li>20 novembre -\u00a0<strong>Giornata della coscienza nera<\/strong><\/li>\n\n\n\n<li>25 dicembre -\u00a0<strong>Natale<\/strong><\/li>\n<\/ul>\n\n\n\n<p><strong><em><mark style=\"background-color:rgba(0, 0, 0, 0)\" class=\"has-inline-color has-vivid-red-color\">Nota bene: le date sopra indicate possono influire sulla disponibilit\u00e0 e sui prezzi degli hotel. Durante i giorni festivi e gli eventi, locali o nazionali, i servizi, i trasporti e i negozi possono funzionare in modo diverso. Potrebbero verificarsi anche disturbi del rumore e chiusure di strade.<\/mark><\/em><\/strong><\/p>\n\n\n\n<p><em><mark style=\"background-color:rgba(0, 0, 0, 0)\" class=\"has-inline-color has-vivid-red-color\"><strong>Si prega di controllare le date prima di prenotare e, in caso di dubbio, di contattare i nostri operatori.<\/strong><\/mark><\/em><\/p>\n\n\n\n<hr class=\"wp-block-separator has-alpha-channel-opacity\"\/>\n\n\n\n<h2 class=\"wp-block-heading\">Eventi principali - 2026<\/h2>\n\n\n\n<p><br>Questo calendario sar\u00e0 aggiornato regolarmente in base alle conferme delle date. Tutti gli eventi sono soggetti a modifiche senza preavviso.<\/p>\n\n\n\n<p><strong>Restate sintonizzati!<\/strong>&nbsp;Nel 2026 si terr\u00e0 il pi\u00f9 grande evento calcistico del mondo. La Coppa del Mondo FIFA dar\u00e0 impulso al turismo, alla cultura e all'economia di diverse citt\u00e0.<\/p>\n\n\n\n<p><strong>Calendario dei principali eventi 2026<\/strong><br><br>Questo calendario sar\u00e0 aggiornato regolarmente in base alle conferme delle date. Tutti gli eventi sono soggetti a modifiche senza preavviso.<\/p>\n\n\n\n<p><strong>Restate sintonizzati!<\/strong>&nbsp;Nel 2026 si terr\u00e0 il pi\u00f9 grande evento calcistico del mondo. La Coppa del Mondo FIFA dar\u00e0 impulso al turismo, alla cultura e all'economia di diverse citt\u00e0.<\/p>\n\n\n\n<p><strong>&nbsp;Coppa del Mondo - dall'11 giugno al 19 luglio<\/strong><\/p>\n\n\n\n<p>Presto annunceremo<strong>&nbsp;le sedi accreditate dalla FIFA per assistere alle partite a Rio de Janeiro e in altre citt\u00e0.<\/strong><\/p>\n\n\n\n<p><strong>Eventi<\/strong><\/p>\n\n\n\n<p><strong>Rio de Janeiro<\/strong><\/p>\n\n\n\n<ul class=\"wp-block-list\">\n<li>20 gennaio -\u00a0<strong>Festa di San Sebastiano<\/strong><\/li>\n\n\n\n<li>Dal 4 al 7 febbraio.<strong>\u00a0Societ\u00e0 per la risonanza magnetica cardiovascolare (SCMR), Centro congressi e hotel di Windsor<\/strong><\/li>\n\n\n\n<li>14-17 febbraio.\u00a0<strong>Carnevale<\/strong><\/li>\n\n\n\n<li>3-5 marzo -\u00a0<strong>Itinerari Americhe 2026, Expo Rio Cidade Nova<\/strong><\/li>\n\n\n\n<li>26 aprile -\u00a0<strong>The Weeknd, Stadio Nilton Santos<\/strong><\/li>\n\n\n\n<li>4, 5, 6, 7 e 11, 12, 13 settembre.\u00a0<strong>Rock in Rio 2026, Parco Olimpico<\/strong><\/li>\n<\/ul>\n\n\n\n<p><strong>San Paolo<\/strong><\/p>\n\n\n\n<ul class=\"wp-block-list\">\n<li>5-6 febbraio.\u00a0<strong>My Chemical Romance, Allianz Parque<\/strong><\/li>\n\n\n\n<li>20-21 febbraio.\u00a0<strong>Bad Bunny, Parco Allianz<\/strong><\/li>\n\n\n\n<li>12-14 marzo.\u00a0<strong>Fiera della Pesca, Distrito Anhembi<\/strong><\/li>\n\n\n\n<li>20-22 marzo -<strong>\u00a0Lollapalooza Brasil 2026, Autodromo di Interlagos<\/strong><\/li>\n\n\n\n<li>14-16 aprile.\u00a0<strong>WTM America Latina, Centro Espositivo Norte<\/strong><\/li>\n\n\n\n<li>30 aprile e 1 maggio -<strong>\u00a0The Weeknd, Stadio MorumBIS<\/strong><\/li>\n<\/ul>\n\n\n\n<p><strong>Foz do Igua\u00e7u<\/strong><br><strong><\/strong><\/p>\n\n\n\n<ul class=\"wp-block-list\">\n<li><strong>Dal 10 al 12 giugno.\u00a0<\/strong><strong>Festival das Cataratas, Rafain Palace Hotel &amp; Convention<\/strong><\/li>\n<\/ul>\n\n\n\n<p><strong>Salvador - Bahia<\/strong><\/p>\n\n\n\n<ul class=\"wp-block-list\">\n<li>16 gennaio -\u00a0<strong>Festa di Senhor do Bonfim<\/strong><\/li>\n\n\n\n<li>24-25 gennaio.\u00a0<strong>Festival estivo di Salvador<\/strong><\/li>\n\n\n\n<li>2 febbraio -\u00a0<strong>Festa di Iemanj\u00e1<\/strong><\/li>\n\n\n\n<li>14-17 febbraio.\u00a0<strong>Carnevale<\/strong><\/li>\n\n\n\n<li>16 febbraio -\u00a0<strong>Camarote Salvador: Concerto di Ne-Yo, Palco Praia<\/strong><\/li>\n\n\n\n<li>2 luglio -\u00a0<strong>Giorno dell'Indipendenza di Bahia<\/strong><\/li>\n<\/ul>\n\n\n\n<p><strong>Bel\u00e9m<\/strong><\/p>\n\n\n\n<ul class=\"wp-block-list\">\n<li>11 ottobre -\u00a0<strong>C\u00edrio de Nazar\u00e9 - Festival religioso<\/strong><\/li>\n<\/ul>\n\n\n\n<p><strong><em><mark style=\"background-color:rgba(0, 0, 0, 0)\" class=\"has-inline-color has-vivid-red-color\">Nota bene: le date sopra indicate possono influire sulla disponibilit\u00e0 e sui prezzi degli hotel. Durante i giorni festivi e gli eventi, locali o nazionali, i servizi, i trasporti e i negozi possono funzionare in modo diverso. Potrebbero verificarsi anche disturbi del rumore e chiusure di strade.<\/mark><\/em><\/strong><\/p>\n\n\n\n<p><em><mark style=\"background-color:rgba(0, 0, 0, 0)\" class=\"has-inline-color has-vivid-red-color\"><strong>Si prega di controllare le date prima di prenotare e, in caso di dubbio, di contattare i nostri operatori.<\/strong><\/mark><\/em><\/p>\n\n\n\n<hr class=\"wp-block-separator has-alpha-channel-opacity\"\/>","protected":false},"excerpt":{"rendered":"<p>National and main local holidays - 2026 Please note: The dates above may affect hotel availability and prices. During public holidays and events, local or national, services, transport and shops may operate differently. Noise disturbances and road closures may also occur. Please check the dates before booking and, if in doubt, contact our operators. Main [&hellip;]<\/p>\n","protected":false},"author":1,"featured_media":0,"parent":0,"menu_order":0,"comment_status":"closed","ping_status":"closed","template":"","meta":{"_acf_changed":false,"footnotes":""},"class_list":["post-556","page","type-page","status-publish","hentry"],"acf":[],"yoast_head":"<!-- This site is optimized with the Yoast SEO plugin v27.3 - https:\/\/yoast.com\/product\/yoast-seo-wordpress\/ -->\n<title>Calendar - Passion Brazil<\/title>\n<meta name=\"robots\" content=\"index, follow, max-snippet:-1, max-image-preview:large, max-video-preview:-1\" \/>\n<link rel=\"canonical\" href=\"https:\/\/passionbrazil.com\/it\/calendar\/\" \/>\n<meta property=\"og:locale\" content=\"it_IT\" \/>\n<meta property=\"og:type\" content=\"article\" \/>\n<meta property=\"og:title\" content=\"Calendar - Passion Brazil\" \/>\n<meta property=\"og:description\" content=\"National and main local holidays - 2026 Please note: The dates above may affect hotel availability and prices. During public holidays and events, local or national, services, transport and shops may operate differently. Noise disturbances and road closures may also occur. Please check the dates before booking and, if in doubt, contact our operators. Main [&hellip;]\" \/>\n<meta property=\"og:url\" content=\"https:\/\/passionbrazil.com\/it\/calendar\/\" \/>\n<meta property=\"og:site_name\" content=\"Passion Brazil\" \/>\n<meta property=\"article:modified_time\" content=\"2025-10-28T20:13:42+00:00\" \/>\n<meta name=\"twitter:card\" content=\"summary_large_image\" \/>\n<meta name=\"twitter:label1\" content=\"Tempo di lettura stimato\" \/>\n\t<meta name=\"twitter:data1\" content=\"3 minuti\" \/>\n<script type=\"application\/ld+json\" class=\"yoast-schema-graph\">{\"@context\":\"https:\\\/\\\/schema.org\",\"@graph\":[{\"@type\":\"WebPage\",\"@id\":\"https:\\\/\\\/passionbrazil.com\\\/calendar\\\/\",\"url\":\"https:\\\/\\\/passionbrazil.com\\\/calendar\\\/\",\"name\":\"Calendar - Passion Brazil\",\"isPartOf\":{\"@id\":\"https:\\\/\\\/passionbrazil.com\\\/#website\"},\"datePublished\":\"2025-02-04T22:03:09+00:00\",\"dateModified\":\"2025-10-28T20:13:42+00:00\",\"breadcrumb\":{\"@id\":\"https:\\\/\\\/passionbrazil.com\\\/calendar\\\/#breadcrumb\"},\"inLanguage\":\"it-IT\",\"potentialAction\":[{\"@type\":\"ReadAction\",\"target\":[\"https:\\\/\\\/passionbrazil.com\\\/calendar\\\/\"]}]},{\"@type\":\"BreadcrumbList\",\"@id\":\"https:\\\/\\\/passionbrazil.com\\\/calendar\\\/#breadcrumb\",\"itemListElement\":[{\"@type\":\"ListItem\",\"position\":1,\"name\":\"In\u00edcio\",\"item\":\"https:\\\/\\\/passionbrazil.com\\\/\"},{\"@type\":\"ListItem\",\"position\":2,\"name\":\"Calendar\"}]},{\"@type\":\"WebSite\",\"@id\":\"https:\\\/\\\/passionbrazil.com\\\/#website\",\"url\":\"https:\\\/\\\/passionbrazil.com\\\/\",\"name\":\"Passion Brazil\",\"description\":\"Passion Brazil is your gateway to the heart and soul of Brazil, as a boutique DMC specializing in tailor-made trips off of all kinds.\",\"potentialAction\":[{\"@type\":\"SearchAction\",\"target\":{\"@type\":\"EntryPoint\",\"urlTemplate\":\"https:\\\/\\\/passionbrazil.com\\\/?s={search_term_string}\"},\"query-input\":{\"@type\":\"PropertyValueSpecification\",\"valueRequired\":true,\"valueName\":\"search_term_string\"}}],\"inLanguage\":\"it-IT\"}]}<\/script>\n<!-- \/ Yoast SEO plugin. -->","yoast_head_json":{"title":"Calendario - Passione Brasile","robots":{"index":"index","follow":"follow","max-snippet":"max-snippet:-1","max-image-preview":"max-image-preview:large","max-video-preview":"max-video-preview:-1"},"canonical":"https:\/\/passionbrazil.com\/it\/calendar\/","og_locale":"it_IT","og_type":"article","og_title":"Calendar - Passion Brazil","og_description":"National and main local holidays - 2026 Please note: The dates above may affect hotel availability and prices. During public holidays and events, local or national, services, transport and shops may operate differently. Noise disturbances and road closures may also occur. Please check the dates before booking and, if in doubt, contact our operators. Main [&hellip;]","og_url":"https:\/\/passionbrazil.com\/it\/calendar\/","og_site_name":"Passion Brazil","article_modified_time":"2025-10-28T20:13:42+00:00","twitter_card":"summary_large_image","twitter_misc":{"Tempo di lettura stimato":"3 minuti"},"schema":{"@context":"https:\/\/schema.org","@graph":[{"@type":"WebPage","@id":"https:\/\/passionbrazil.com\/calendar\/","url":"https:\/\/passionbrazil.com\/calendar\/","name":"Calendario - Passione Brasile","isPartOf":{"@id":"https:\/\/passionbrazil.com\/#website"},"datePublished":"2025-02-04T22:03:09+00:00","dateModified":"2025-10-28T20:13:42+00:00","breadcrumb":{"@id":"https:\/\/passionbrazil.com\/calendar\/#breadcrumb"},"inLanguage":"it-IT","potentialAction":[{"@type":"ReadAction","target":["https:\/\/passionbrazil.com\/calendar\/"]}]},{"@type":"BreadcrumbList","@id":"https:\/\/passionbrazil.com\/calendar\/#breadcrumb","itemListElement":[{"@type":"ListItem","position":1,"name":"In\u00edcio","item":"https:\/\/passionbrazil.com\/"},{"@type":"ListItem","position":2,"name":"Calendar"}]},{"@type":"WebSite","@id":"https:\/\/passionbrazil.com\/#website","url":"https:\/\/passionbrazil.com\/","name":"Passione Brasile","description":"Passione Brasile \u00e8 la vostra porta d'accesso al cuore e all'anima del Brasile, in quanto DMC boutique specializzata in viaggi su misura di ogni tipo.","potentialAction":[{"@type":"SearchAction","target":{"@type":"EntryPoint","urlTemplate":"https:\/\/passionbrazil.com\/?s={search_term_string}"},"query-input":{"@type":"PropertyValueSpecification","valueRequired":true,"valueName":"search_term_string"}}],"inLanguage":"it-IT"}]}},"_links":{"self":[{"href":"https:\/\/passionbrazil.com\/it\/wp-json\/wp\/v2\/pages\/556","targetHints":{"allow":["GET"]}}],"collection":[{"href":"https:\/\/passionbrazil.com\/it\/wp-json\/wp\/v2\/pages"}],"about":[{"href":"https:\/\/passionbrazil.com\/it\/wp-json\/wp\/v2\/types\/page"}],"author":[{"embeddable":true,"href":"https:\/\/passionbrazil.com\/it\/wp-json\/wp\/v2\/users\/1"}],"replies":[{"embeddable":true,"href":"https:\/\/passionbrazil.com\/it\/wp-json\/wp\/v2\/comments?post=556"}],"version-history":[{"count":18,"href":"https:\/\/passionbrazil.com\/it\/wp-json\/wp\/v2\/pages\/556\/revisions"}],"predecessor-version":[{"id":808,"href":"https:\/\/passionbrazil.com\/it\/wp-json\/wp\/v2\/pages\/556\/revisions\/808"}],"wp:attachment":[{"href":"https:\/\/passionbrazil.com\/it\/wp-json\/wp\/v2\/media?parent=556"}],"curies":[{"name":"wp","href":"https:\/\/api.w.org\/{rel}","templated":true}]}}