{"id":184,"date":"2024-10-07T20:57:28","date_gmt":"2024-10-07T20:57:28","guid":{"rendered":"http:\/\/passionbrazil.com\/?page_id=184"},"modified":"2025-02-11T23:33:53","modified_gmt":"2025-02-11T23:33:53","slug":"passion-for-the-planet","status":"publish","type":"page","link":"https:\/\/passionbrazil.com\/pt\/passion-for-the-planet\/","title":{"rendered":"Passion for the Planet"},"content":{"rendered":"","protected":false},"excerpt":{"rendered":"","protected":false},"author":1,"featured_media":0,"parent":0,"menu_order":5,"comment_status":"closed","ping_status":"closed","template":"","meta":{"_acf_changed":false,"footnotes":""},"class_list":["post-184","page","type-page","status-publish","hentry"],"acf":[],"yoast_head":"<!-- This site is optimized with the Yoast SEO plugin v27.3 - https:\/\/yoast.com\/product\/yoast-seo-wordpress\/ -->\n<title>Passion for the Planet - Passion Brazil<\/title>\n<meta name=\"robots\" content=\"index, follow, max-snippet:-1, max-image-preview:large, max-video-preview:-1\" \/>\n<link rel=\"canonical\" href=\"https:\/\/passionbrazil.com\/pt\/passion-for-the-planet\/\" \/>\n<meta property=\"og:locale\" content=\"pt_BR\" \/>\n<meta property=\"og:type\" content=\"article\" \/>\n<meta property=\"og:title\" content=\"Passion for the Planet - Passion Brazil\" \/>\n<meta property=\"og:url\" content=\"https:\/\/passionbrazil.com\/pt\/passion-for-the-planet\/\" \/>\n<meta property=\"og:site_name\" content=\"Passion Brazil\" \/>\n<meta property=\"article:modified_time\" content=\"2025-02-11T23:33:53+00:00\" \/>\n<meta name=\"twitter:card\" content=\"summary_large_image\" \/>\n<meta name=\"twitter:label1\" content=\"Est. tempo de leitura\" \/>\n\t<meta name=\"twitter:data1\" content=\"3 minutos\" \/>\n<script type=\"application\/ld+json\" class=\"yoast-schema-graph\">{\"@context\":\"https:\\\/\\\/schema.org\",\"@graph\":[{\"@type\":\"WebPage\",\"@id\":\"https:\\\/\\\/passionbrazil.com\\\/passion-for-the-planet\\\/\",\"url\":\"https:\\\/\\\/passionbrazil.com\\\/passion-for-the-planet\\\/\",\"name\":\"Passion for the Planet - Passion Brazil\",\"isPartOf\":{\"@id\":\"https:\\\/\\\/passionbrazil.com\\\/#website\"},\"datePublished\":\"2024-10-07T20:57:28+00:00\",\"dateModified\":\"2025-02-11T23:33:53+00:00\",\"breadcrumb\":{\"@id\":\"https:\\\/\\\/passionbrazil.com\\\/passion-for-the-planet\\\/#breadcrumb\"},\"inLanguage\":\"pt-BR\",\"potentialAction\":[{\"@type\":\"ReadAction\",\"target\":[\"https:\\\/\\\/passionbrazil.com\\\/passion-for-the-planet\\\/\"]}]},{\"@type\":\"BreadcrumbList\",\"@id\":\"https:\\\/\\\/passionbrazil.com\\\/passion-for-the-planet\\\/#breadcrumb\",\"itemListElement\":[{\"@type\":\"ListItem\",\"position\":1,\"name\":\"In\u00edcio\",\"item\":\"https:\\\/\\\/passionbrazil.com\\\/\"},{\"@type\":\"ListItem\",\"position\":2,\"name\":\"Passion for the Planet\"}]},{\"@type\":\"WebSite\",\"@id\":\"https:\\\/\\\/passionbrazil.com\\\/#website\",\"url\":\"https:\\\/\\\/passionbrazil.com\\\/\",\"name\":\"Passion Brazil\",\"description\":\"Passion Brazil is your gateway to the heart and soul of Brazil, as a boutique DMC specializing in tailor-made trips off of all kinds.\",\"potentialAction\":[{\"@type\":\"SearchAction\",\"target\":{\"@type\":\"EntryPoint\",\"urlTemplate\":\"https:\\\/\\\/passionbrazil.com\\\/?s={search_term_string}\"},\"query-input\":{\"@type\":\"PropertyValueSpecification\",\"valueRequired\":true,\"valueName\":\"search_term_string\"}}],\"inLanguage\":\"pt-BR\"}]}<\/script>\n<!-- \/ Yoast SEO plugin. -->","yoast_head_json":{"title":"Passion for the Planet - Paix\u00e3o Brasil","robots":{"index":"index","follow":"follow","max-snippet":"max-snippet:-1","max-image-preview":"max-image-preview:large","max-video-preview":"max-video-preview:-1"},"canonical":"https:\/\/passionbrazil.com\/pt\/passion-for-the-planet\/","og_locale":"pt_BR","og_type":"article","og_title":"Passion for the Planet - Passion Brazil","og_url":"https:\/\/passionbrazil.com\/pt\/passion-for-the-planet\/","og_site_name":"Passion Brazil","article_modified_time":"2025-02-11T23:33:53+00:00","twitter_card":"summary_large_image","twitter_misc":{"Est. tempo de leitura":"3 minutos"},"schema":{"@context":"https:\/\/schema.org","@graph":[{"@type":"WebPage","@id":"https:\/\/passionbrazil.com\/passion-for-the-planet\/","url":"https:\/\/passionbrazil.com\/passion-for-the-planet\/","name":"Passion for the Planet - Paix\u00e3o Brasil","isPartOf":{"@id":"https:\/\/passionbrazil.com\/#website"},"datePublished":"2024-10-07T20:57:28+00:00","dateModified":"2025-02-11T23:33:53+00:00","breadcrumb":{"@id":"https:\/\/passionbrazil.com\/passion-for-the-planet\/#breadcrumb"},"inLanguage":"pt-BR","potentialAction":[{"@type":"ReadAction","target":["https:\/\/passionbrazil.com\/passion-for-the-planet\/"]}]},{"@type":"BreadcrumbList","@id":"https:\/\/passionbrazil.com\/passion-for-the-planet\/#breadcrumb","itemListElement":[{"@type":"ListItem","position":1,"name":"In\u00edcio","item":"https:\/\/passionbrazil.com\/"},{"@type":"ListItem","position":2,"name":"Passion for the Planet"}]},{"@type":"WebSite","@id":"https:\/\/passionbrazil.com\/#website","url":"https:\/\/passionbrazil.com\/","name":"Paix\u00e3o Brasil","description":"A Passion Brazil \u00e9 a sua porta de entrada para o cora\u00e7\u00e3o e a alma do Brasil, como uma DMC boutique especializada em viagens sob medida de todos os tipos.","potentialAction":[{"@type":"SearchAction","target":{"@type":"EntryPoint","urlTemplate":"https:\/\/passionbrazil.com\/?s={search_term_string}"},"query-input":{"@type":"PropertyValueSpecification","valueRequired":true,"valueName":"search_term_string"}}],"inLanguage":"pt-BR"}]}},"_links":{"self":[{"href":"https:\/\/passionbrazil.com\/pt\/wp-json\/wp\/v2\/pages\/184","targetHints":{"allow":["GET"]}}],"collection":[{"href":"https:\/\/passionbrazil.com\/pt\/wp-json\/wp\/v2\/pages"}],"about":[{"href":"https:\/\/passionbrazil.com\/pt\/wp-json\/wp\/v2\/types\/page"}],"author":[{"embeddable":true,"href":"https:\/\/passionbrazil.com\/pt\/wp-json\/wp\/v2\/users\/1"}],"replies":[{"embeddable":true,"href":"https:\/\/passionbrazil.com\/pt\/wp-json\/wp\/v2\/comments?post=184"}],"version-history":[{"count":2,"href":"https:\/\/passionbrazil.com\/pt\/wp-json\/wp\/v2\/pages\/184\/revisions"}],"predecessor-version":[{"id":494,"href":"https:\/\/passionbrazil.com\/pt\/wp-json\/wp\/v2\/pages\/184\/revisions\/494"}],"wp:attachment":[{"href":"https:\/\/passionbrazil.com\/pt\/wp-json\/wp\/v2\/media?parent=184"}],"curies":[{"name":"wp","href":"https:\/\/api.w.org\/{rel}","templated":true}]}}