{"id":3,"date":"2024-08-21T10:31:34","date_gmt":"2024-08-21T10:31:34","guid":{"rendered":"http:\/\/passionbrazil.com\/?page_id=3"},"modified":"2024-10-29T12:31:58","modified_gmt":"2024-10-29T12:31:58","slug":"politica-de-privacidade","status":"publish","type":"page","link":"https:\/\/passionbrazil.com\/pt\/politica-de-privacidade\/","title":{"rendered":"Pol\u00edtica de Cookies"},"content":{"rendered":"<p>Ao clicar no bot\u00e3o \"<strong>ACEITO\", o USU\u00c1RIO declara-se ciente a respeito dos tratamentos de seus dados pessoais nos termos da presente POL\u00cdTICA DE\u00a0<em>COOKIES<\/em><\/strong>. Caso n\u00e3o concorde com os termos e condi\u00e7\u00f5es, dever\u00e1 interromper o uso do site.<\/p>\n\n\n\n<h2 class=\"wp-block-heading\">O que s\u00e3o Cookies<\/h2>\n\n\n\n<p>Cookies s\u00e3o pequenos arquivos de texto usados para armazenar informa\u00e7\u00f5es. Eles s\u00e3o armazenados em seu dispositivo quando o site \u00e9 carregado em seu navegador. Esses cookies nos ajudam a fazer o site funcionar corretamente, torn\u00e1-lo mais seguro, fornecer uma melhor experi\u00eancia e analisar o que pode ser melhorado.<\/p>\n\n\n\n<h2 class=\"wp-block-heading\">Como usamos cookies<\/h2>\n\n\n\n<p>Como a maioria dos servi\u00e7os on-line, nosso site usa cookies prim\u00e1rios e de terceiros para diversos fins. Os cookies prim\u00e1rios s\u00e3o necess\u00e1rios para o funcionamento correto do site e n\u00e3o coletam nenhum de seus dados de identifica\u00e7\u00e3o pessoal. Os cookies de terceiros s\u00e3o principalmente para entender como voc\u00ea interage com nosso site, mantendo nossos servi\u00e7os seguros e, em suma, proporcionando-lhe uma experi\u00eancia de usu\u00e1rio aprimorada e ajudando a acelerar suas futuras intera\u00e7\u00f5es com nosso site.<\/p>\n\n\n\n<h2 class=\"wp-block-heading\">Tipos de cookies usados<\/h2>\n\n\n\n<p><strong>Essencial<\/strong>: Alguns cookies s\u00e3o essenciais para que voc\u00ea possa experimentar todas as funcionalidades do nosso site. Eles nos permitem manter as sess\u00f5es do usu\u00e1rio e prevenir quaisquer amea\u00e7as \u00e0 seguran\u00e7a. Eles n\u00e3o coletam e armazenam nenhuma informa\u00e7\u00e3o pessoal.<\/p>\n\n\n\n<p><strong>Estat\u00edsticas<\/strong>: Esses cookies armazenam informa\u00e7\u00f5es como o n\u00famero de visitantes do site, o n\u00famero de visitantes \u00fanicos, quais p\u00e1ginas do site foram visitadas, a origem da visita, etc. Esses dados nos ajudam a compreender e analisar o desempenho do site e onde precisa de melhorias.<\/p>\n\n\n\n<p><strong>Funcional:<\/strong>&nbsp;Esses s\u00e3o os cookies que auxiliam certas funcionalidades n\u00e3o essenciais em nosso site. Essas funcionalidades incluem a incorpora\u00e7\u00e3o de conte\u00fado como v\u00eddeos ou o compartilhamento de conte\u00fado do site em plataformas de m\u00eddia social.<\/p>","protected":false},"excerpt":{"rendered":"<p>Ao clicar no bot\u00e3o \u201cACEITO\u201d, o USU\u00c1RIO declara-se ciente a respeito dos tratamentos de seus dados pessoais nos termos da presente POL\u00cdTICA DE\u00a0COOKIES. Caso n\u00e3o concorde com os termos e condi\u00e7\u00f5es, deve interromper o uso do site. O que s\u00e3o Cookies Cookies s\u00e3o pequenos arquivos de texto usados para armazenar informa\u00e7\u00f5es. Eles s\u00e3o armazenados em [&hellip;]<\/p>\n","protected":false},"author":1,"featured_media":0,"parent":0,"menu_order":10,"comment_status":"closed","ping_status":"closed","template":"","meta":{"_acf_changed":false,"footnotes":""},"class_list":["post-3","page","type-page","status-publish","hentry"],"acf":[],"yoast_head":"<!-- This site is optimized with the Yoast SEO plugin v27.3 - https:\/\/yoast.com\/product\/yoast-seo-wordpress\/ -->\n<title>Pol\u00edtica de Cookies - Passion Brazil<\/title>\n<meta name=\"robots\" content=\"index, follow, max-snippet:-1, max-image-preview:large, max-video-preview:-1\" \/>\n<link rel=\"canonical\" href=\"https:\/\/passionbrazil.com\/pt\/politica-de-privacidade\/\" \/>\n<meta property=\"og:locale\" content=\"pt_BR\" \/>\n<meta property=\"og:type\" content=\"article\" \/>\n<meta property=\"og:title\" content=\"Pol\u00edtica de Cookies - Passion Brazil\" \/>\n<meta property=\"og:description\" content=\"Ao clicar no bot\u00e3o \u201cACEITO\u201d, o USU\u00c1RIO declara-se ciente a respeito dos tratamentos de seus dados pessoais nos termos da presente POL\u00cdTICA DE\u00a0COOKIES. Caso n\u00e3o concorde com os termos e condi\u00e7\u00f5es, deve interromper o uso do site. O que s\u00e3o Cookies Cookies s\u00e3o pequenos arquivos de texto usados para armazenar informa\u00e7\u00f5es. Eles s\u00e3o armazenados em [&hellip;]\" \/>\n<meta property=\"og:url\" content=\"https:\/\/passionbrazil.com\/pt\/politica-de-privacidade\/\" \/>\n<meta property=\"og:site_name\" content=\"Passion Brazil\" \/>\n<meta property=\"article:modified_time\" content=\"2024-10-29T12:31:58+00:00\" \/>\n<meta name=\"twitter:card\" content=\"summary_large_image\" \/>\n<meta name=\"twitter:label1\" content=\"Est. tempo de leitura\" \/>\n\t<meta name=\"twitter:data1\" content=\"2 minutos\" \/>\n<script type=\"application\/ld+json\" class=\"yoast-schema-graph\">{\"@context\":\"https:\\\/\\\/schema.org\",\"@graph\":[{\"@type\":\"WebPage\",\"@id\":\"https:\\\/\\\/passionbrazil.com\\\/politica-de-privacidade\\\/\",\"url\":\"https:\\\/\\\/passionbrazil.com\\\/politica-de-privacidade\\\/\",\"name\":\"Pol\u00edtica de Cookies - Passion Brazil\",\"isPartOf\":{\"@id\":\"https:\\\/\\\/passionbrazil.com\\\/#website\"},\"datePublished\":\"2024-08-21T10:31:34+00:00\",\"dateModified\":\"2024-10-29T12:31:58+00:00\",\"breadcrumb\":{\"@id\":\"https:\\\/\\\/passionbrazil.com\\\/politica-de-privacidade\\\/#breadcrumb\"},\"inLanguage\":\"pt-BR\",\"potentialAction\":[{\"@type\":\"ReadAction\",\"target\":[\"https:\\\/\\\/passionbrazil.com\\\/politica-de-privacidade\\\/\"]}]},{\"@type\":\"BreadcrumbList\",\"@id\":\"https:\\\/\\\/passionbrazil.com\\\/politica-de-privacidade\\\/#breadcrumb\",\"itemListElement\":[{\"@type\":\"ListItem\",\"position\":1,\"name\":\"In\u00edcio\",\"item\":\"https:\\\/\\\/passionbrazil.com\\\/\"},{\"@type\":\"ListItem\",\"position\":2,\"name\":\"Pol\u00edtica de Cookies\"}]},{\"@type\":\"WebSite\",\"@id\":\"https:\\\/\\\/passionbrazil.com\\\/#website\",\"url\":\"https:\\\/\\\/passionbrazil.com\\\/\",\"name\":\"Passion Brazil\",\"description\":\"Passion Brazil is your gateway to the heart and soul of Brazil, as a boutique DMC specializing in tailor-made trips off of all kinds.\",\"potentialAction\":[{\"@type\":\"SearchAction\",\"target\":{\"@type\":\"EntryPoint\",\"urlTemplate\":\"https:\\\/\\\/passionbrazil.com\\\/?s={search_term_string}\"},\"query-input\":{\"@type\":\"PropertyValueSpecification\",\"valueRequired\":true,\"valueName\":\"search_term_string\"}}],\"inLanguage\":\"pt-BR\"}]}<\/script>\n<!-- \/ Yoast SEO plugin. -->","yoast_head_json":{"title":"Pol\u00edtica de Cookies - Passion Brazil","robots":{"index":"index","follow":"follow","max-snippet":"max-snippet:-1","max-image-preview":"max-image-preview:large","max-video-preview":"max-video-preview:-1"},"canonical":"https:\/\/passionbrazil.com\/pt\/politica-de-privacidade\/","og_locale":"pt_BR","og_type":"article","og_title":"Pol\u00edtica de Cookies - Passion Brazil","og_description":"Ao clicar no bot\u00e3o \u201cACEITO\u201d, o USU\u00c1RIO declara-se ciente a respeito dos tratamentos de seus dados pessoais nos termos da presente POL\u00cdTICA DE\u00a0COOKIES. Caso n\u00e3o concorde com os termos e condi\u00e7\u00f5es, deve interromper o uso do site. O que s\u00e3o Cookies Cookies s\u00e3o pequenos arquivos de texto usados para armazenar informa\u00e7\u00f5es. Eles s\u00e3o armazenados em [&hellip;]","og_url":"https:\/\/passionbrazil.com\/pt\/politica-de-privacidade\/","og_site_name":"Passion Brazil","article_modified_time":"2024-10-29T12:31:58+00:00","twitter_card":"summary_large_image","twitter_misc":{"Est. tempo de leitura":"2 minutos"},"schema":{"@context":"https:\/\/schema.org","@graph":[{"@type":"WebPage","@id":"https:\/\/passionbrazil.com\/politica-de-privacidade\/","url":"https:\/\/passionbrazil.com\/politica-de-privacidade\/","name":"Pol\u00edtica de Cookies - Passion Brazil","isPartOf":{"@id":"https:\/\/passionbrazil.com\/#website"},"datePublished":"2024-08-21T10:31:34+00:00","dateModified":"2024-10-29T12:31:58+00:00","breadcrumb":{"@id":"https:\/\/passionbrazil.com\/politica-de-privacidade\/#breadcrumb"},"inLanguage":"pt-BR","potentialAction":[{"@type":"ReadAction","target":["https:\/\/passionbrazil.com\/politica-de-privacidade\/"]}]},{"@type":"BreadcrumbList","@id":"https:\/\/passionbrazil.com\/politica-de-privacidade\/#breadcrumb","itemListElement":[{"@type":"ListItem","position":1,"name":"In\u00edcio","item":"https:\/\/passionbrazil.com\/"},{"@type":"ListItem","position":2,"name":"Pol\u00edtica de Cookies"}]},{"@type":"WebSite","@id":"https:\/\/passionbrazil.com\/#website","url":"https:\/\/passionbrazil.com\/","name":"Paix\u00e3o Brasil","description":"A Passion Brazil \u00e9 a sua porta de entrada para o cora\u00e7\u00e3o e a alma do Brasil, como uma DMC boutique especializada em viagens sob medida de todos os tipos.","potentialAction":[{"@type":"SearchAction","target":{"@type":"EntryPoint","urlTemplate":"https:\/\/passionbrazil.com\/?s={search_term_string}"},"query-input":{"@type":"PropertyValueSpecification","valueRequired":true,"valueName":"search_term_string"}}],"inLanguage":"pt-BR"}]}},"_links":{"self":[{"href":"https:\/\/passionbrazil.com\/pt\/wp-json\/wp\/v2\/pages\/3","targetHints":{"allow":["GET"]}}],"collection":[{"href":"https:\/\/passionbrazil.com\/pt\/wp-json\/wp\/v2\/pages"}],"about":[{"href":"https:\/\/passionbrazil.com\/pt\/wp-json\/wp\/v2\/types\/page"}],"author":[{"embeddable":true,"href":"https:\/\/passionbrazil.com\/pt\/wp-json\/wp\/v2\/users\/1"}],"replies":[{"embeddable":true,"href":"https:\/\/passionbrazil.com\/pt\/wp-json\/wp\/v2\/comments?post=3"}],"version-history":[{"count":4,"href":"https:\/\/passionbrazil.com\/pt\/wp-json\/wp\/v2\/pages\/3\/revisions"}],"predecessor-version":[{"id":473,"href":"https:\/\/passionbrazil.com\/pt\/wp-json\/wp\/v2\/pages\/3\/revisions\/473"}],"wp:attachment":[{"href":"https:\/\/passionbrazil.com\/pt\/wp-json\/wp\/v2\/media?parent=3"}],"curies":[{"name":"wp","href":"https:\/\/api.w.org\/{rel}","templated":true}]}}