{"id":509,"date":"2025-01-14T20:37:44","date_gmt":"2025-01-14T20:37:44","guid":{"rendered":"https:\/\/passionbrazil.com\/?page_id=509"},"modified":"2025-01-24T15:14:12","modified_gmt":"2025-01-24T15:14:12","slug":"home-1","status":"publish","type":"page","link":"https:\/\/passionbrazil.com\/pt\/","title":{"rendered":"Casa 1"},"content":{"rendered":"","protected":false},"excerpt":{"rendered":"","protected":false},"author":1,"featured_media":133,"parent":0,"menu_order":0,"comment_status":"closed","ping_status":"closed","template":"","meta":{"_acf_changed":false,"footnotes":""},"class_list":["post-509","page","type-page","status-publish","has-post-thumbnail","hentry"],"acf":[],"yoast_head":"<!-- This site is optimized with the Yoast SEO plugin v27.3 - https:\/\/yoast.com\/product\/yoast-seo-wordpress\/ -->\n<title>Passion Brazil<\/title>\n<meta name=\"description\" content=\"Passion Brazil is your gateway to the heart and soul of Brazil, as a boutique DMC specializing in tailor-made trips off of all kinds.\" \/>\n<meta name=\"robots\" content=\"index, follow, max-snippet:-1, max-image-preview:large, max-video-preview:-1\" \/>\n<link rel=\"canonical\" href=\"https:\/\/passionbrazil.com\/pt\/\" \/>\n<meta property=\"og:locale\" content=\"pt_BR\" \/>\n<meta property=\"og:type\" content=\"article\" \/>\n<meta property=\"og:title\" content=\"Passion Brazil\" \/>\n<meta property=\"og:description\" content=\"Passion Brazil is your gateway to the heart and soul of Brazil, as a boutique DMC specializing in tailor-made trips off of all kinds.\" \/>\n<meta property=\"og:url\" content=\"https:\/\/passionbrazil.com\/pt\/\" \/>\n<meta property=\"og:site_name\" content=\"Passion Brazil\" \/>\n<meta property=\"article:modified_time\" content=\"2025-01-24T15:14:12+00:00\" \/>\n<meta property=\"og:image\" content=\"https:\/\/passionbrazil.com\/wp-content\/uploads\/image-cover-rio.jpg\" \/>\n\t<meta property=\"og:image:width\" content=\"800\" \/>\n\t<meta property=\"og:image:height\" content=\"520\" \/>\n\t<meta property=\"og:image:type\" content=\"image\/jpeg\" \/>\n<meta name=\"twitter:card\" content=\"summary_large_image\" \/>\n<meta name=\"twitter:label1\" content=\"Est. tempo de leitura\" \/>\n\t<meta name=\"twitter:data1\" content=\"8 minutos\" \/>\n<script type=\"application\/ld+json\" class=\"yoast-schema-graph\">{\"@context\":\"https:\\\/\\\/schema.org\",\"@graph\":[{\"@type\":\"WebPage\",\"@id\":\"https:\\\/\\\/passionbrazil.com\\\/\",\"url\":\"https:\\\/\\\/passionbrazil.com\\\/\",\"name\":\"Passion Brazil\",\"isPartOf\":{\"@id\":\"https:\\\/\\\/passionbrazil.com\\\/#website\"},\"primaryImageOfPage\":{\"@id\":\"https:\\\/\\\/passionbrazil.com\\\/#primaryimage\"},\"image\":{\"@id\":\"https:\\\/\\\/passionbrazil.com\\\/#primaryimage\"},\"thumbnailUrl\":\"https:\\\/\\\/passionbrazil.com\\\/wp-content\\\/uploads\\\/image-cover-rio.jpg\",\"datePublished\":\"2025-01-14T20:37:44+00:00\",\"dateModified\":\"2025-01-24T15:14:12+00:00\",\"description\":\"Passion Brazil is your gateway to the heart and soul of Brazil, as a boutique DMC specializing in tailor-made trips off of all kinds.\",\"breadcrumb\":{\"@id\":\"https:\\\/\\\/passionbrazil.com\\\/#breadcrumb\"},\"inLanguage\":\"pt-BR\",\"potentialAction\":[{\"@type\":\"ReadAction\",\"target\":[\"https:\\\/\\\/passionbrazil.com\\\/\"]}]},{\"@type\":\"ImageObject\",\"inLanguage\":\"pt-BR\",\"@id\":\"https:\\\/\\\/passionbrazil.com\\\/#primaryimage\",\"url\":\"https:\\\/\\\/passionbrazil.com\\\/wp-content\\\/uploads\\\/image-cover-rio.jpg\",\"contentUrl\":\"https:\\\/\\\/passionbrazil.com\\\/wp-content\\\/uploads\\\/image-cover-rio.jpg\",\"width\":800,\"height\":520},{\"@type\":\"BreadcrumbList\",\"@id\":\"https:\\\/\\\/passionbrazil.com\\\/#breadcrumb\",\"itemListElement\":[{\"@type\":\"ListItem\",\"position\":1,\"name\":\"In\u00edcio\",\"item\":\"https:\\\/\\\/passionbrazil.com\\\/\"},{\"@type\":\"ListItem\",\"position\":2,\"name\":\"Home 1\"}]},{\"@type\":\"WebSite\",\"@id\":\"https:\\\/\\\/passionbrazil.com\\\/#website\",\"url\":\"https:\\\/\\\/passionbrazil.com\\\/\",\"name\":\"Passion Brazil\",\"description\":\"Passion Brazil is your gateway to the heart and soul of Brazil, as a boutique DMC specializing in tailor-made trips off of all kinds.\",\"potentialAction\":[{\"@type\":\"SearchAction\",\"target\":{\"@type\":\"EntryPoint\",\"urlTemplate\":\"https:\\\/\\\/passionbrazil.com\\\/?s={search_term_string}\"},\"query-input\":{\"@type\":\"PropertyValueSpecification\",\"valueRequired\":true,\"valueName\":\"search_term_string\"}}],\"inLanguage\":\"pt-BR\"}]}<\/script>\n<!-- \/ Yoast SEO plugin. -->","yoast_head_json":{"title":"Paix\u00e3o Brasil","description":"A Passion Brazil \u00e9 a sua porta de entrada para o cora\u00e7\u00e3o e a alma do Brasil, como uma DMC boutique especializada em viagens sob medida de todos os tipos.","robots":{"index":"index","follow":"follow","max-snippet":"max-snippet:-1","max-image-preview":"max-image-preview:large","max-video-preview":"max-video-preview:-1"},"canonical":"https:\/\/passionbrazil.com\/pt\/","og_locale":"pt_BR","og_type":"article","og_title":"Passion Brazil","og_description":"Passion Brazil is your gateway to the heart and soul of Brazil, as a boutique DMC specializing in tailor-made trips off of all kinds.","og_url":"https:\/\/passionbrazil.com\/pt\/","og_site_name":"Passion Brazil","article_modified_time":"2025-01-24T15:14:12+00:00","og_image":[{"width":800,"height":520,"url":"https:\/\/passionbrazil.com\/wp-content\/uploads\/image-cover-rio.jpg","type":"image\/jpeg"}],"twitter_card":"summary_large_image","twitter_misc":{"Est. tempo de leitura":"8 minutos"},"schema":{"@context":"https:\/\/schema.org","@graph":[{"@type":"WebPage","@id":"https:\/\/passionbrazil.com\/","url":"https:\/\/passionbrazil.com\/","name":"Paix\u00e3o Brasil","isPartOf":{"@id":"https:\/\/passionbrazil.com\/#website"},"primaryImageOfPage":{"@id":"https:\/\/passionbrazil.com\/#primaryimage"},"image":{"@id":"https:\/\/passionbrazil.com\/#primaryimage"},"thumbnailUrl":"https:\/\/passionbrazil.com\/wp-content\/uploads\/image-cover-rio.jpg","datePublished":"2025-01-14T20:37:44+00:00","dateModified":"2025-01-24T15:14:12+00:00","description":"A Passion Brazil \u00e9 a sua porta de entrada para o cora\u00e7\u00e3o e a alma do Brasil, como uma DMC boutique especializada em viagens sob medida de todos os tipos.","breadcrumb":{"@id":"https:\/\/passionbrazil.com\/#breadcrumb"},"inLanguage":"pt-BR","potentialAction":[{"@type":"ReadAction","target":["https:\/\/passionbrazil.com\/"]}]},{"@type":"ImageObject","inLanguage":"pt-BR","@id":"https:\/\/passionbrazil.com\/#primaryimage","url":"https:\/\/passionbrazil.com\/wp-content\/uploads\/image-cover-rio.jpg","contentUrl":"https:\/\/passionbrazil.com\/wp-content\/uploads\/image-cover-rio.jpg","width":800,"height":520},{"@type":"BreadcrumbList","@id":"https:\/\/passionbrazil.com\/#breadcrumb","itemListElement":[{"@type":"ListItem","position":1,"name":"In\u00edcio","item":"https:\/\/passionbrazil.com\/"},{"@type":"ListItem","position":2,"name":"Home 1"}]},{"@type":"WebSite","@id":"https:\/\/passionbrazil.com\/#website","url":"https:\/\/passionbrazil.com\/","name":"Paix\u00e3o Brasil","description":"A Passion Brazil \u00e9 a sua porta de entrada para o cora\u00e7\u00e3o e a alma do Brasil, como uma DMC boutique especializada em viagens sob medida de todos os tipos.","potentialAction":[{"@type":"SearchAction","target":{"@type":"EntryPoint","urlTemplate":"https:\/\/passionbrazil.com\/?s={search_term_string}"},"query-input":{"@type":"PropertyValueSpecification","valueRequired":true,"valueName":"search_term_string"}}],"inLanguage":"pt-BR"}]}},"_links":{"self":[{"href":"https:\/\/passionbrazil.com\/pt\/wp-json\/wp\/v2\/pages\/509","targetHints":{"allow":["GET"]}}],"collection":[{"href":"https:\/\/passionbrazil.com\/pt\/wp-json\/wp\/v2\/pages"}],"about":[{"href":"https:\/\/passionbrazil.com\/pt\/wp-json\/wp\/v2\/types\/page"}],"author":[{"embeddable":true,"href":"https:\/\/passionbrazil.com\/pt\/wp-json\/wp\/v2\/users\/1"}],"replies":[{"embeddable":true,"href":"https:\/\/passionbrazil.com\/pt\/wp-json\/wp\/v2\/comments?post=509"}],"version-history":[{"count":2,"href":"https:\/\/passionbrazil.com\/pt\/wp-json\/wp\/v2\/pages\/509\/revisions"}],"predecessor-version":[{"id":530,"href":"https:\/\/passionbrazil.com\/pt\/wp-json\/wp\/v2\/pages\/509\/revisions\/530"}],"wp:featuredmedia":[{"embeddable":true,"href":"https:\/\/passionbrazil.com\/pt\/wp-json\/wp\/v2\/media\/133"}],"wp:attachment":[{"href":"https:\/\/passionbrazil.com\/pt\/wp-json\/wp\/v2\/media?parent=509"}],"curies":[{"name":"wp","href":"https:\/\/api.w.org\/{rel}","templated":true}]}}