{"id":556,"date":"2025-02-04T22:03:09","date_gmt":"2025-02-04T22:03:09","guid":{"rendered":"https:\/\/passionbrazil.com\/?page_id=556"},"modified":"2025-10-28T20:13:42","modified_gmt":"2025-10-28T20:13:42","slug":"calendar","status":"publish","type":"page","link":"https:\/\/passionbrazil.com\/pt\/calendar\/","title":{"rendered":"Calend\u00e1rio"},"content":{"rendered":"<hr class=\"wp-block-separator has-alpha-channel-opacity\"\/>\n\n\n\n<h2 class=\"wp-block-heading\">Feriados nacionais e principais feriados locais - 2026<\/h2>\n\n\n\n<p><\/p>\n\n\n\n<ul class=\"wp-block-list\">\n<li>1\u00ba de janeiro -<strong>\u00a0Ano Novo<\/strong>\u00a0- Celebra\u00e7\u00e3o Universal<\/li>\n\n\n\n<li>14 a 17 de fevereiro -\u00a0<strong>Carnaval<\/strong><\/li>\n\n\n\n<li>18 de fevereiro - Quarta-feira de Cinzas\u00a0<strong>Carnaval<\/strong><\/li>\n\n\n\n<li>5 de abril -\u00a0<strong>P\u00e1scoa<\/strong><\/li>\n\n\n\n<li>21 de abril -\u00a0<strong>Dia de Tiradentes<\/strong>\u00a0(M\u00e1rtir nacionalista brasileiro do s\u00e9culo XVIII)<\/li>\n\n\n\n<li>1\u00ba de maio -<strong>\u00a0Dia do Trabalho<\/strong><\/li>\n\n\n\n<li>4 de junho -\u00a0<strong>Corpus Christi<\/strong>\u00a0(Dia da Ascens\u00e3o)<\/li>\n\n\n\n<li>24 de junho -<strong>\u00a0Dia de S\u00e3o Jo\u00e3o<\/strong>\u00a0(somente em alguns estados do Nordeste)<\/li>\n\n\n\n<li>7 de setembro -\u00a0<strong>Dia da Independ\u00eancia do Brasil<\/strong><\/li>\n\n\n\n<li>12 de outubro -\u00a0<strong>Dia de Nossa Senhora Aparecida<\/strong>\u00a0(santo padroeiro do Brasil)<\/li>\n\n\n\n<li>2 de novembro -\u00a0<strong>Dia de Todas as Almas<\/strong><\/li>\n\n\n\n<li>15 de novembro -\u00a0<strong>Proclama\u00e7\u00e3o do Dia da Rep\u00fablica<\/strong><\/li>\n\n\n\n<li>20 de novembro -\u00a0<strong>Dia da Consci\u00eancia Negra<\/strong><\/li>\n\n\n\n<li>25 de dezembro -\u00a0<strong>Natal<\/strong><\/li>\n<\/ul>\n\n\n\n<p><strong><em><mark style=\"background-color:rgba(0, 0, 0, 0)\" class=\"has-inline-color has-vivid-red-color\">Observa\u00e7\u00e3o: as datas acima podem afetar a disponibilidade e os pre\u00e7os do hotel. Durante feriados e eventos p\u00fablicos, locais ou nacionais, os servi\u00e7os, o transporte e as lojas podem funcionar de forma diferente. Tamb\u00e9m podem ocorrer dist\u00farbios sonoros e fechamento de estradas.<\/mark><\/em><\/strong><\/p>\n\n\n\n<p><em><mark style=\"background-color:rgba(0, 0, 0, 0)\" class=\"has-inline-color has-vivid-red-color\"><strong>Verifique as datas antes de fazer a reserva e, em caso de d\u00favida, entre em contato com nossos operadores.<\/strong><\/mark><\/em><\/p>\n\n\n\n<hr class=\"wp-block-separator has-alpha-channel-opacity\"\/>\n\n\n\n<h2 class=\"wp-block-heading\">Principais eventos - 2026<\/h2>\n\n\n\n<p><br>Este calend\u00e1rio ser\u00e1 atualizado regularmente de acordo com as confirma\u00e7\u00f5es de datas. Todos os eventos est\u00e3o sujeitos a altera\u00e7\u00f5es sem aviso pr\u00e9vio.<\/p>\n\n\n\n<p><strong>Fique atento!<\/strong>&nbsp;Em 2026, teremos o maior evento de futebol do mundo. A Copa do Mundo da FIFA impulsionar\u00e1 o turismo, a cultura e a economia de v\u00e1rias cidades.<\/p>\n\n\n\n<p><strong>Calend\u00e1rio dos principais eventos de 2026<\/strong><br><br>Este calend\u00e1rio ser\u00e1 atualizado regularmente de acordo com as confirma\u00e7\u00f5es de datas. Todos os eventos est\u00e3o sujeitos a altera\u00e7\u00f5es sem aviso pr\u00e9vio.<\/p>\n\n\n\n<p><strong>Fique atento!<\/strong>&nbsp;Em 2026, teremos o maior evento de futebol do mundo. A Copa do Mundo da FIFA impulsionar\u00e1 o turismo, a cultura e a economia de v\u00e1rias cidades.<\/p>\n\n\n\n<p><strong>&nbsp;Copa do Mundo - 11 de junho a 19 de julho<\/strong><\/p>\n\n\n\n<p>Em breve, anunciaremos<strong>&nbsp;os locais credenciados pela FIFA para assistir aos jogos no Rio de Janeiro e em outras cidades.<\/strong><\/p>\n\n\n\n<p><strong>Eventos<\/strong><\/p>\n\n\n\n<p><strong>Rio de Janeiro<\/strong><\/p>\n\n\n\n<ul class=\"wp-block-list\">\n<li>20 de janeiro -\u00a0<strong>Festa de S\u00e3o Sebasti\u00e3o<\/strong><\/li>\n\n\n\n<li>4 a 7 de fevereiro -<strong>\u00a0Sociedade de Resson\u00e2ncia Magn\u00e9tica Cardiovascular (SCMR), Windsor Convention Center &amp; Hotels<\/strong><\/li>\n\n\n\n<li>14 a 17 de fevereiro -\u00a0<strong>Carnaval<\/strong><\/li>\n\n\n\n<li>3 a 5 de mar\u00e7o -\u00a0<strong>Rotas Am\u00e9ricas 2026, Expo Rio Cidade Nova<\/strong><\/li>\n\n\n\n<li>26 de abril -\u00a0<strong>The Weeknd, Est\u00e1dio Nilton Santos<\/strong><\/li>\n\n\n\n<li>4, 5, 6, 7 e 11, 12, 13 de setembro\u00a0<strong>Rock in Rio 2026, Parque Ol\u00edmpico<\/strong><\/li>\n<\/ul>\n\n\n\n<p><strong>S\u00e3o Paulo<\/strong><\/p>\n\n\n\n<ul class=\"wp-block-list\">\n<li>5 e 6 de fevereiro -\u00a0<strong>My Chemical Romance, Allianz Parque<\/strong><\/li>\n\n\n\n<li>20 e 21 de fevereiro -\u00a0<strong>Bad Bunny, Allianz Parque<\/strong><\/li>\n\n\n\n<li>12 a 14 de mar\u00e7o -\u00a0<strong>Feira de Pesca, Distrito Anhembi<\/strong><\/li>\n\n\n\n<li>20-22 de mar\u00e7o -<strong>\u00a0Lollapalooza Brasil 2026, Aut\u00f3dromo de Interlagos<\/strong><\/li>\n\n\n\n<li>14 a 16 de abril -\u00a0<strong>WTM Latin America, Expo Center Norte<\/strong><\/li>\n\n\n\n<li>30 de abril e 1\u00ba de maio -<strong>\u00a0The Weeknd, Est\u00e1dio do MorumBIS<\/strong><\/li>\n<\/ul>\n\n\n\n<p><strong>Foz do Igua\u00e7u<\/strong><br><strong><\/strong><\/p>\n\n\n\n<ul class=\"wp-block-list\">\n<li><strong>10 a 12 de junho -\u00a0<\/strong><strong>Festival das Cataratas, Rafain Palace Hotel &amp; Convention<\/strong><\/li>\n<\/ul>\n\n\n\n<p><strong>Salvador - Bahia<\/strong><\/p>\n\n\n\n<ul class=\"wp-block-list\">\n<li>16 de janeiro -\u00a0<strong>Festa do Senhor do Bonfim<\/strong><\/li>\n\n\n\n<li>24 e 25 de janeiro -\u00a0<strong>Festival de Ver\u00e3o de Salvador<\/strong><\/li>\n\n\n\n<li>2 de fevereiro -\u00a0<strong>Festa de Iemanj\u00e1<\/strong><\/li>\n\n\n\n<li>14 a 17 de fevereiro -\u00a0<strong>Carnaval<\/strong><\/li>\n\n\n\n<li>16 de fevereiro -\u00a0<strong>Camarote Salvador: Show de Ne-Yo, Palco Praia<\/strong><\/li>\n\n\n\n<li>2 de julho -\u00a0<strong>Dia da Independ\u00eancia da Bahia<\/strong><\/li>\n<\/ul>\n\n\n\n<p><strong>Bel\u00e9m<\/strong><\/p>\n\n\n\n<ul class=\"wp-block-list\">\n<li>11 de outubro -\u00a0<strong>C\u00edrio de Nazar\u00e9 - Festa Religiosa<\/strong><\/li>\n<\/ul>\n\n\n\n<p><strong><em><mark style=\"background-color:rgba(0, 0, 0, 0)\" class=\"has-inline-color has-vivid-red-color\">Observa\u00e7\u00e3o: as datas acima podem afetar a disponibilidade e os pre\u00e7os do hotel. Durante feriados e eventos p\u00fablicos, locais ou nacionais, os servi\u00e7os, o transporte e as lojas podem funcionar de forma diferente. Tamb\u00e9m podem ocorrer dist\u00farbios sonoros e fechamento de estradas.<\/mark><\/em><\/strong><\/p>\n\n\n\n<p><em><mark style=\"background-color:rgba(0, 0, 0, 0)\" class=\"has-inline-color has-vivid-red-color\"><strong>Verifique as datas antes de fazer a reserva e, em caso de d\u00favida, entre em contato com nossos operadores.<\/strong><\/mark><\/em><\/p>\n\n\n\n<hr class=\"wp-block-separator has-alpha-channel-opacity\"\/>","protected":false},"excerpt":{"rendered":"<p>National and main local holidays - 2026 Please note: The dates above may affect hotel availability and prices. During public holidays and events, local or national, services, transport and shops may operate differently. Noise disturbances and road closures may also occur. Please check the dates before booking and, if in doubt, contact our operators. Main [&hellip;]<\/p>\n","protected":false},"author":1,"featured_media":0,"parent":0,"menu_order":0,"comment_status":"closed","ping_status":"closed","template":"","meta":{"_acf_changed":false,"footnotes":""},"class_list":["post-556","page","type-page","status-publish","hentry"],"acf":[],"yoast_head":"<!-- This site is optimized with the Yoast SEO plugin v27.3 - https:\/\/yoast.com\/product\/yoast-seo-wordpress\/ -->\n<title>Calendar - Passion Brazil<\/title>\n<meta name=\"robots\" content=\"index, follow, max-snippet:-1, max-image-preview:large, max-video-preview:-1\" \/>\n<link rel=\"canonical\" href=\"https:\/\/passionbrazil.com\/pt\/calendar\/\" \/>\n<meta property=\"og:locale\" content=\"pt_BR\" \/>\n<meta property=\"og:type\" content=\"article\" \/>\n<meta property=\"og:title\" content=\"Calendar - Passion Brazil\" \/>\n<meta property=\"og:description\" content=\"National and main local holidays - 2026 Please note: The dates above may affect hotel availability and prices. During public holidays and events, local or national, services, transport and shops may operate differently. Noise disturbances and road closures may also occur. Please check the dates before booking and, if in doubt, contact our operators. Main [&hellip;]\" \/>\n<meta property=\"og:url\" content=\"https:\/\/passionbrazil.com\/pt\/calendar\/\" \/>\n<meta property=\"og:site_name\" content=\"Passion Brazil\" \/>\n<meta property=\"article:modified_time\" content=\"2025-10-28T20:13:42+00:00\" \/>\n<meta name=\"twitter:card\" content=\"summary_large_image\" \/>\n<meta name=\"twitter:label1\" content=\"Est. tempo de leitura\" \/>\n\t<meta name=\"twitter:data1\" content=\"3 minutos\" \/>\n<script type=\"application\/ld+json\" class=\"yoast-schema-graph\">{\"@context\":\"https:\\\/\\\/schema.org\",\"@graph\":[{\"@type\":\"WebPage\",\"@id\":\"https:\\\/\\\/passionbrazil.com\\\/calendar\\\/\",\"url\":\"https:\\\/\\\/passionbrazil.com\\\/calendar\\\/\",\"name\":\"Calendar - Passion Brazil\",\"isPartOf\":{\"@id\":\"https:\\\/\\\/passionbrazil.com\\\/#website\"},\"datePublished\":\"2025-02-04T22:03:09+00:00\",\"dateModified\":\"2025-10-28T20:13:42+00:00\",\"breadcrumb\":{\"@id\":\"https:\\\/\\\/passionbrazil.com\\\/calendar\\\/#breadcrumb\"},\"inLanguage\":\"pt-BR\",\"potentialAction\":[{\"@type\":\"ReadAction\",\"target\":[\"https:\\\/\\\/passionbrazil.com\\\/calendar\\\/\"]}]},{\"@type\":\"BreadcrumbList\",\"@id\":\"https:\\\/\\\/passionbrazil.com\\\/calendar\\\/#breadcrumb\",\"itemListElement\":[{\"@type\":\"ListItem\",\"position\":1,\"name\":\"In\u00edcio\",\"item\":\"https:\\\/\\\/passionbrazil.com\\\/\"},{\"@type\":\"ListItem\",\"position\":2,\"name\":\"Calendar\"}]},{\"@type\":\"WebSite\",\"@id\":\"https:\\\/\\\/passionbrazil.com\\\/#website\",\"url\":\"https:\\\/\\\/passionbrazil.com\\\/\",\"name\":\"Passion Brazil\",\"description\":\"Passion Brazil is your gateway to the heart and soul of Brazil, as a boutique DMC specializing in tailor-made trips off of all kinds.\",\"potentialAction\":[{\"@type\":\"SearchAction\",\"target\":{\"@type\":\"EntryPoint\",\"urlTemplate\":\"https:\\\/\\\/passionbrazil.com\\\/?s={search_term_string}\"},\"query-input\":{\"@type\":\"PropertyValueSpecification\",\"valueRequired\":true,\"valueName\":\"search_term_string\"}}],\"inLanguage\":\"pt-BR\"}]}<\/script>\n<!-- \/ Yoast SEO plugin. -->","yoast_head_json":{"title":"Calend\u00e1rio - Passion Brazil","robots":{"index":"index","follow":"follow","max-snippet":"max-snippet:-1","max-image-preview":"max-image-preview:large","max-video-preview":"max-video-preview:-1"},"canonical":"https:\/\/passionbrazil.com\/pt\/calendar\/","og_locale":"pt_BR","og_type":"article","og_title":"Calendar - Passion Brazil","og_description":"National and main local holidays - 2026 Please note: The dates above may affect hotel availability and prices. During public holidays and events, local or national, services, transport and shops may operate differently. Noise disturbances and road closures may also occur. Please check the dates before booking and, if in doubt, contact our operators. Main [&hellip;]","og_url":"https:\/\/passionbrazil.com\/pt\/calendar\/","og_site_name":"Passion Brazil","article_modified_time":"2025-10-28T20:13:42+00:00","twitter_card":"summary_large_image","twitter_misc":{"Est. tempo de leitura":"3 minutos"},"schema":{"@context":"https:\/\/schema.org","@graph":[{"@type":"WebPage","@id":"https:\/\/passionbrazil.com\/calendar\/","url":"https:\/\/passionbrazil.com\/calendar\/","name":"Calend\u00e1rio - Passion Brazil","isPartOf":{"@id":"https:\/\/passionbrazil.com\/#website"},"datePublished":"2025-02-04T22:03:09+00:00","dateModified":"2025-10-28T20:13:42+00:00","breadcrumb":{"@id":"https:\/\/passionbrazil.com\/calendar\/#breadcrumb"},"inLanguage":"pt-BR","potentialAction":[{"@type":"ReadAction","target":["https:\/\/passionbrazil.com\/calendar\/"]}]},{"@type":"BreadcrumbList","@id":"https:\/\/passionbrazil.com\/calendar\/#breadcrumb","itemListElement":[{"@type":"ListItem","position":1,"name":"In\u00edcio","item":"https:\/\/passionbrazil.com\/"},{"@type":"ListItem","position":2,"name":"Calendar"}]},{"@type":"WebSite","@id":"https:\/\/passionbrazil.com\/#website","url":"https:\/\/passionbrazil.com\/","name":"Paix\u00e3o Brasil","description":"A Passion Brazil \u00e9 a sua porta de entrada para o cora\u00e7\u00e3o e a alma do Brasil, como uma DMC boutique especializada em viagens sob medida de todos os tipos.","potentialAction":[{"@type":"SearchAction","target":{"@type":"EntryPoint","urlTemplate":"https:\/\/passionbrazil.com\/?s={search_term_string}"},"query-input":{"@type":"PropertyValueSpecification","valueRequired":true,"valueName":"search_term_string"}}],"inLanguage":"pt-BR"}]}},"_links":{"self":[{"href":"https:\/\/passionbrazil.com\/pt\/wp-json\/wp\/v2\/pages\/556","targetHints":{"allow":["GET"]}}],"collection":[{"href":"https:\/\/passionbrazil.com\/pt\/wp-json\/wp\/v2\/pages"}],"about":[{"href":"https:\/\/passionbrazil.com\/pt\/wp-json\/wp\/v2\/types\/page"}],"author":[{"embeddable":true,"href":"https:\/\/passionbrazil.com\/pt\/wp-json\/wp\/v2\/users\/1"}],"replies":[{"embeddable":true,"href":"https:\/\/passionbrazil.com\/pt\/wp-json\/wp\/v2\/comments?post=556"}],"version-history":[{"count":18,"href":"https:\/\/passionbrazil.com\/pt\/wp-json\/wp\/v2\/pages\/556\/revisions"}],"predecessor-version":[{"id":808,"href":"https:\/\/passionbrazil.com\/pt\/wp-json\/wp\/v2\/pages\/556\/revisions\/808"}],"wp:attachment":[{"href":"https:\/\/passionbrazil.com\/pt\/wp-json\/wp\/v2\/media?parent=556"}],"curies":[{"name":"wp","href":"https:\/\/api.w.org\/{rel}","templated":true}]}}