{"id":813,"date":"2026-02-21T13:53:42","date_gmt":"2026-02-21T13:53:42","guid":{"rendered":"https:\/\/passionbrazil.com\/?page_id=813"},"modified":"2026-04-06T17:24:42","modified_gmt":"2026-04-06T17:24:42","slug":"sustainability-policy","status":"publish","type":"page","link":"https:\/\/passionbrazil.com\/pt\/sustainability-policy\/","title":{"rendered":"Pol\u00edtica de Sustentabilidade"},"content":{"rendered":"<h3 class=\"wp-block-heading\">Compromisso com o Turismo Sustent\u00e1vel<\/h3>\n\n\n\n<p>A sustentabilidade faz parte da ess\u00eancia da Passion Brazil e est\u00e1 refletida no compromisso de todas as nossas marcas em criar experi\u00eancias aut\u00eanticas, emo\u00e7\u00f5es inesquec\u00edveis e momentos marcantes. Integramos atendimento personalizado, hospedagens de qualidade e atividades que valorizam a autenticidade cultural e a riqueza natural de cada regi\u00e3o.<\/p>\n\n\n\n<p>Nosso trabalho se apoia em excel\u00eancia operacional e na curadoria criteriosa de fornecedores, garantindo viv\u00eancias que conectam viajantes aos destinos de forma significativa, respons\u00e1vel e alinhada aos nossos valores de \u00e9tica, qualidade e sustentabilidade.<\/p>\n\n\n\n<p>Nosso objetivo \u00e9 ser refer\u00eancia em turismo sustent\u00e1vel no Brasil, fortalecendo parcerias respons\u00e1veis, capacitando nossos times, inovando continuamente para reduzir impactos e contribuindo para benef\u00edcios duradouros para comunidades e futuras gera\u00e7\u00f5es.<\/p>\n\n\n\n<p>Assumimos o compromisso de proporcionar viagens \u00fanicas e transformadoras, que v\u00e3o al\u00e9m do turismo tradicional e promovem a conserva\u00e7\u00e3o ambiental, gerando impactos positivos para comunidades e ecossistemas locais. Entendemos a sustentabilidade como um compromisso cont\u00ednuo, baseado em responsabilidade, transpar\u00eancia e colabora\u00e7\u00e3o.<\/p>\n\n\n\n<p>Cada jornada \u00e9 concebida para regenerar, respeitar e valorizar os destinos, refor\u00e7ando nosso compromisso de fazer do turismo uma for\u00e7a ativa de preserva\u00e7\u00e3o e impacto positivo.<\/p>\n\n\n\n<hr class=\"wp-block-separator has-alpha-channel-opacity\"\/>\n\n\n\n<h3 class=\"wp-block-heading\">Declara\u00e7\u00f5es<\/h3>\n\n\n\n<p><strong>Igualdade e diversidade<\/strong> \u2013 Rejeitamos todas as formas de discrimina\u00e7\u00e3o e promovemos um ambiente inclusivo e respeitoso para todas as pessoas, independentemente de g\u00eanero, orienta\u00e7\u00e3o sexual, ra\u00e7a, etnia, idade, defici\u00eancia ou religi\u00e3o.<\/p>\n\n\n\n<p><strong>Inclus\u00e3o social<\/strong> - Apoiamos a inclus\u00e3o social e econ\u00f4mica de grupos vulner\u00e1veis, repudiando qualquer forma de exclus\u00e3o ou marginaliza\u00e7\u00e3o.<\/p>\n\n\n\n<p><strong>Direitos humanos<\/strong> - Defendemos os princ\u00edpios universais de direitos humanos, garantindo dignidade, liberdade e igualdade para todos os afetados por nossas a\u00e7\u00f5es.<\/p>\n\n\n\n<p><strong>Combate \u00e0 explora\u00e7\u00e3o sexual e ao trabalho infantil<\/strong> - Rejeitamos qualquer explora\u00e7\u00e3o sexual, abuso ou tr\u00e1fico de crian\u00e7as e adolescentes, protegendo seus direitos e dignidade.<\/p>\n\n\n\n<p><strong>Rejei\u00e7\u00e3o do trabalho for\u00e7ado e do tr\u00e1fico de pessoas<\/strong> - Somos contr\u00e1rios ao trabalho for\u00e7ado, tr\u00e1fico humano e viola\u00e7\u00f5es trabalhistas, apoiando o trabalho digno e justo em toda a cadeia tur\u00edstica.<\/p>\n\n\n\n<p><strong>Prote\u00e7\u00e3o da fauna e flora silvestre<\/strong> - Repudiamos o tr\u00e1fico, ca\u00e7a e maus-tratos de animais silvestres, protegendo a biodiversidade e respeitando a legisla\u00e7\u00e3o ambiental.<\/p>\n\n\n\n<p><strong>Respeito \u00e0s comunidades e culturas locais<\/strong> - Valorizamos e respeitamos as culturas, tradi\u00e7\u00f5es e direitos das comunidades locais e povos ind\u00edgenas, promovendo interc\u00e2mbio justo e respeitoso.<\/p>\n\n\n\n<p><strong>Preserva\u00e7\u00e3o do patrim\u00f4nio cultural e natural<\/strong> - Comprometemo-nos a preservar o patrim\u00f4nio cultural, arqueol\u00f3gico e natural, repudiando danos ou desrespeito a esses bens.<\/p>\n\n\n\n<p><strong>Sa\u00fade, seguran\u00e7a e bem-estar<\/strong> - Promovemos ambientes seguros e saud\u00e1veis para funcion\u00e1rios, clientes e comunidades, rejeitando riscos \u00e0 integridade f\u00edsica ou mental.<\/p>\n\n\n\n<p><strong>Transpar\u00eancia e responsabilidade<\/strong> - Valorizamos a transpar\u00eancia e a responsabilidade, repudiando informa\u00e7\u00f5es enganosas e pr\u00e1ticas comerciais injustas.<\/p>\n\n\n\n<p><strong>Rejei\u00e7\u00e3o da corrup\u00e7\u00e3o e de pr\u00e1ticas anti\u00e9ticas<\/strong> - Rejeitamos todas as formas de corrup\u00e7\u00e3o e pr\u00e1ticas ilegais, promovendo \u00e9tica e integridade em nossas rela\u00e7\u00f5es.<\/p>\n\n\n\n<p><strong>Uso respons\u00e1vel dos recursos naturais<\/strong> - Enfatizamos o uso consciente e respons\u00e1vel dos recursos naturais, rejeitando res\u00edduos que comprometam o futuro.<\/p>\n\n\n\n<p><strong>Prote\u00e7\u00e3o e privacidade de dados<\/strong> - Respeitamos a privacidade e a prote\u00e7\u00e3o dos dados pessoais de clientes, funcion\u00e1rios e parceiros, rejeitando seu uso indevido.<\/p>\n\n\n\n<hr class=\"wp-block-separator has-alpha-channel-opacity\"\/>\n\n\n\n<h3 class=\"wp-block-heading\">Diretrizes Globais<\/h3>\n\n\n\n<p>A Passion Brazil reconhece a import\u00e2ncia de alinhar suas pr\u00e1ticas e pol\u00edticas aos padr\u00f5es internacionais de sustentabilidade no turismo. Por isso, utilizamos como refer\u00eancia as diretrizes desenvolvidas pelo Global Sustainable Tourism Council (GSTC), pela Organiza\u00e7\u00e3o Mundial do Turismo das Na\u00e7\u00f5es Unidas (OMT) e pela Travelife.<\/p>\n\n\n\n<p>Em especial, tamb\u00e9m nos comprometemos com os seguintes Objetivos de Desenvolvimento Sustent\u00e1vel da ONU (ODS):<\/p>\n\n\n\n<p><strong>ODS 8 - Trabalho Decente e Crescimento Econ\u00f4mico<\/strong><br>Em prol da ODS 8.9, nos comprometemos a promover o turismo sustent\u00e1vel como ferramenta de gera\u00e7\u00e3o de empregos, inclus\u00e3o social e valoriza\u00e7\u00e3o das comunidades locais.<\/p>\n\n\n\n<p><strong>ODS 12 - Consumo e Produ\u00e7\u00e3o Respons\u00e1veis<\/strong><br>Em alinhamento \u00e0 ODS 12.b, adotamos pr\u00e1ticas que monitoram e minimizam os impactos ambientais, como compensa\u00e7\u00e3o de carbono, uso consciente de recursos e parcerias com fornecedores sustent\u00e1veis.<\/p>\n\n\n\n<p><strong>ODS 14 - Vida na \u00c1gua<\/strong><br>Em linha com o ODS 14.7, apoiamos o uso sustent\u00e1vel dos recursos naturais em destinos costeiros e ribeirinhos, promovendo experi\u00eancias que respeitem os ecossistemas aqu\u00e1ticos e valorizem as comunidades locais.<\/p>\n\n\n\n<p><strong>ODS 15 - Vida Terrestre<\/strong><br>Como operadora de turismo respons\u00e1vel, atuamos na conserva\u00e7\u00e3o da biodiversidade por meio de projetos de ecoturismo, reflorestamento e prote\u00e7\u00e3o da fauna e flora silvestre.<\/p>\n\n\n\n<h2 class=\"wp-block-heading\">Pr\u00e1ticas e Compromissos - Gerenciamento Interno<\/h2>\n\n\n\n<h3 class=\"wp-block-heading\">Gerenciamento de Sustentabilidade e Conformidade Legal<\/h3>\n\n\n\n<p>A Passion Brasil integra a sustentabilidade em sua estrat\u00e9gia e cultura organizacional, atuando com \u00e9tica, transpar\u00eancia e responsabilidade. Nossa lideran\u00e7a orienta esse compromisso, garantindo que as pr\u00e1ticas sustent\u00e1veis fa\u00e7am parte da rotina di\u00e1ria da equipe.<\/p>\n\n\n\n<p>Estamos engajados em colaborar ativamente para o avan\u00e7o do turismo respons\u00e1vel, participando de associa\u00e7\u00f5es e grupos que promovam di\u00e1logos que incentivem e fortale\u00e7am o turismo respons\u00e1vel no Brasil.<\/p>\n\n\n\n<p>Cumprimos integralmente todas as leis e regulamenta\u00e7\u00f5es aplic\u00e1veis nos destinos em que operamos, incluindo normas ambientais, trabalhistas, de direitos humanos, de seguran\u00e7a e de preserva\u00e7\u00e3o cultural, mantendo toler\u00e2ncia zero em rela\u00e7\u00e3o \u00e0 corrup\u00e7\u00e3o, explora\u00e7\u00e3o infantil, trabalho for\u00e7ado ou qualquer forma de discrimina\u00e7\u00e3o.<\/p>\n\n\n\n<p>Revisamos regularmente nossas pr\u00e1ticas para garantir a conformidade, a melhoria cont\u00ednua e a gera\u00e7\u00e3o de impactos positivos em todas as nossas opera\u00e7\u00f5es.<\/p>\n\n\n\n<h3 class=\"wp-block-heading\">Pol\u00edtica Social e Direitos Humanos<\/h3>\n\n\n\n<p>Nossa responsabilidade com as pessoas que fazem parte da nossa opera\u00e7\u00e3o se traduz em condi\u00e7\u00f5es de trabalho justas, inclus\u00e3o, desenvolvimento profissional e pleno respeito aos direitos humanos.<\/p>\n\n\n\n<p>Cumprimos integralmente a legisla\u00e7\u00e3o trabalhista em todos os regimes de contrata\u00e7\u00e3o. Garantimos oportunidades iguais de acesso a recursos, fun\u00e7\u00f5es e cargos. O bem-estar tamb\u00e9m faz parte de nossa cultura, apoiada por iniciativas internas que promovem a qualidade de vida e a integra\u00e7\u00e3o, fomentando um ambiente seguro, saud\u00e1vel e motivador.<\/p>\n\n\n\n<h3 class=\"wp-block-heading\">Meio Ambiente<\/h3>\n\n\n\n<p>A gest\u00e3o ambiental \u00e9 orientada por a\u00e7\u00f5es que visam reduzir os impactos negativos, promover o uso eficiente de recursos e fortalecer pr\u00e1ticas respons\u00e1veis que contribuam para a preserva\u00e7\u00e3o do meio ambiente.<\/p>\n\n\n\n<p>Entre nossas iniciativas, est\u00e3o o monitoramento e compensa\u00e7\u00e3o de emiss\u00f5es de carbono, a ado\u00e7\u00e3o de modelos de trabalho que diminuem deslocamentos, e o incentivo a redu\u00e7\u00e3o de consumo de energia e \u00e1gua. Uso de materiais de limpeza eficientes e seguros, ilumina\u00e7\u00e3o de baixo consumo, comunica\u00e7\u00e3o digital para evitar impress\u00f5es e incentivo ao uso de itens reutiliz\u00e1veis.<\/p>\n\n\n\n<p>Somam\u2011se a isso crit\u00e9rios sustent\u00e1veis de compra, a ado\u00e7\u00e3o de papel com certifica\u00e7\u00e3o FSC, escolhas mais respons\u00e1veis para materiais promocionais, al\u00e9m do apoio permanente a projetos socioambientais que ampliam o impacto positivo das nossas opera\u00e7\u00f5es.<\/p>\n\n\n\n<h2 class=\"wp-block-heading\">Pr\u00e1ticas e Compromissos - Gest\u00e3o de Fornecedores<\/h2>\n\n\n\n<h3 class=\"wp-block-heading\">Ag\u00eancias Receptivas<\/h3>\n\n\n\n<p>As ag\u00eancias receptivas desempenham um papel fundamental na oferta de experi\u00eancias alinhadas ao turismo respons\u00e1vel. Mantemos crit\u00e9rios rigorosos na sele\u00e7\u00e3o, contrata\u00e7\u00e3o e monitoramento dessas parcerias. Priorizamos fornecedores locais, relacionamentos de longo prazo e pr\u00e1ticas \u00e9ticas, formalizando cada parceria por meio de diretrizes claras sobre qualidade, conduta e conformidade legal.<\/p>\n\n\n\n<p>Mantemos um invent\u00e1rio atualizado de parceiros estrat\u00e9gicos, incentivamos regularmente pr\u00e1ticas sustent\u00e1veis e avaliamos periodicamente o desempenho por meio de feedback e inspe\u00e7\u00f5es, garantindo a melhoria cont\u00ednua e o alinhamento com nossos princ\u00edpios socioambientais.<\/p>\n\n\n\n<h3 class=\"wp-block-heading\">Transporte<\/h3>\n\n\n\n<p>O transporte \u00e9 uma parte essencial da experi\u00eancia de viagem. Buscamos op\u00e7\u00f5es que equilibrem conforto, seguran\u00e7a e efici\u00eancia, reduzindo as emiss\u00f5es e incentivando alternativas de menor impacto.<\/p>\n\n\n\n<p>Aplicamos crit\u00e9rios rigorosos de sele\u00e7\u00e3o de parceiros por meio de diretrizes claras de conduta, qualidade e conformidade legal, priorizando fornecedores locais e pr\u00e1ticas sustent\u00e1veis. Sempre que poss\u00edvel, inclu\u00edmos op\u00e7\u00f5es mais conscientes, como ve\u00edculos el\u00e9tricos, bicicletas, caminhadas e trens em nossos itiner\u00e1rios. Avaliamos periodicamente a qualidade operacional por meio de feedback e inspe\u00e7\u00f5es para garantir a melhoria cont\u00ednua.<\/p>\n\n\n\n<h3 class=\"wp-block-heading\">Acomoda\u00e7\u00f5es<\/h3>\n\n\n\n<p>As escolhas de acomoda\u00e7\u00e3o afetam diretamente a promo\u00e7\u00e3o do turismo sustent\u00e1vel. Adotamos crit\u00e9rios rigorosos para garantir que todas as propriedades estejam alinhadas com nossos princ\u00edpios socioambientais.<\/p>\n\n\n\n<p>Priorizamos estabelecimentos que operam de forma \u00e9tica, respeitam as comunidades locais e adotam pr\u00e1ticas que minimizam os impactos ambientais, incluindo op\u00e7\u00f5es sustent\u00e1veis e certificadas. Trabalhamos exclusivamente com parceiros que cumprem integralmente a legisla\u00e7\u00e3o nacional e realizamos avalia\u00e7\u00f5es recorrentes por meio de feedback e inspe\u00e7\u00f5es no local.<\/p>\n\n\n\n<h3 class=\"wp-block-heading\">Atividades, Passeios e Excurs\u00f5es<\/h3>\n\n\n\n<p>Todas as atividades seguem crit\u00e9rios rigorosos para garantir experi\u00eancias respons\u00e1veis, culturalmente apropriadas e ambientalmente seguras. Mantemos um invent\u00e1rio atualizado das ofertas dos parceiros, priorizando op\u00e7\u00f5es que reduzam os impactos e promovam benef\u00edcios locais.<\/p>\n\n\n\n<p>Selecionamos cuidadosamente cada atividade de acordo com o perfil do cliente, garantindo que nenhuma ofere\u00e7a riscos \u00e0s pessoas, \u00e0 vida selvagem, \u00e0 flora ou a ecossistemas sens\u00edveis. A intera\u00e7\u00e3o respons\u00e1vel com a vida selvagem, o respeito aos habitats naturais e as restri\u00e7\u00f5es ao uso ou com\u00e9rcio de esp\u00e9cies s\u00e3o princ\u00edpios fundamentais.<\/p>\n\n\n\n<p>Fornecemos orienta\u00e7\u00f5es claras para atividades sens\u00edveis do ponto de vista cultural e ambiental e avaliamos regularmente as experi\u00eancias por meio de feedback e inspe\u00e7\u00f5es.<\/p>\n\n\n\n<h3 class=\"wp-block-heading\">Representantes e Guias Locais<\/h3>\n\n\n\n<p>Os representantes e guias locais desempenham um papel essencial nas experi\u00eancias dos viajantes. Trabalhamos com profissionais comprometidos com uma conduta respons\u00e1vel, remunera\u00e7\u00e3o justa, treinamento cont\u00ednuo e condi\u00e7\u00f5es de trabalho em conformidade com a legisla\u00e7\u00e3o.<\/p>\n\n\n\n<p>Todas as parcerias s\u00e3o formalizadas com diretrizes claras sobre conduta, qualidade e sustentabilidade. Esses profissionais tamb\u00e9m compartilham com os viajantes informa\u00e7\u00f5es relevantes sobre sustentabilidade, cultura e c\u00f3digos de conduta. O desempenho \u00e9 monitorado regularmente por meio de feedback para garantir a melhoria cont\u00ednua.<\/p>\n\n\n\n<h3 class=\"wp-block-heading\">Destinos<\/h3>\n\n\n\n<p>A sele\u00e7\u00e3o e o gerenciamento do destino seguem crit\u00e9rios de sustentabilidade que priorizam a preserva\u00e7\u00e3o ambiental, o respeito \u00e0s comunidades locais e a valoriza\u00e7\u00e3o do patrim\u00f4nio cultural, gerando impactos sociais, ambientais e econ\u00f4micos positivos.<\/p>\n\n\n\n<p>Avaliamos cuidadosamente os novos destinos, priorizando aqueles que adotam pr\u00e1ticas respons\u00e1veis e minimizam os impactos negativos do turismo, ao mesmo tempo em que fortalecem as economias locais por meio de fornecedores regionais e produtos aut\u00eanticos.<\/p>\n\n\n\n<p>N\u00e3o apoiamos a comercializa\u00e7\u00e3o de itens que envolvam esp\u00e9cies amea\u00e7adas de extin\u00e7\u00e3o ou patrim\u00f4nio hist\u00f3rico. Monitoramos continuamente os resultados por meio de indicadores e feedback para ampliar os impactos positivos.<\/p>\n\n\n\n<h3 class=\"wp-block-heading\">Comunica\u00e7\u00e3o e Prote\u00e7\u00e3o ao Cliente<\/h3>\n\n\n\n<p>A comunica\u00e7\u00e3o com o cliente \u00e9 orientada pela transpar\u00eancia, seguran\u00e7a e responsabilidade, garantindo informa\u00e7\u00f5es claras, prote\u00e7\u00e3o de dados pessoais e orienta\u00e7\u00e3o para escolhas de viagem mais conscientes.<\/p>\n\n\n\n<p>Seguimos pr\u00e1ticas de marketing \u00e9ticas, fornecemos detalhes precisos e completos sobre produtos e destinos e incentivamos o consumo de servi\u00e7os e produtos locais de qualidade.<\/p>\n\n\n\n<p>Tamb\u00e9m destacamos as acomoda\u00e7\u00f5es e excurs\u00f5es sustent\u00e1veis e fornecemos orienta\u00e7\u00f5es espec\u00edficas para atividades sens\u00edveis. A satisfa\u00e7\u00e3o do cliente \u00e9 monitorada continuamente, e h\u00e1 processos estruturados para tratar e resolver reclama\u00e7\u00f5es, promovendo a melhoria cont\u00ednua.<\/p>","protected":false},"excerpt":{"rendered":"<p>Commitment to Sustainable Tourism Sustainability is part of Passion Brazil\u2019s essence and reflects the collective commitment of our brands to create authentic experiences, unforgettable emotions, and meaningful moments. We combine personalized service, quality accommodations, and experiences that highlight the natural richness and cultural identity of each destination. Our approach is built on operational excellence and [&hellip;]<\/p>\n","protected":false},"author":1,"featured_media":0,"parent":0,"menu_order":0,"comment_status":"closed","ping_status":"closed","template":"","meta":{"_acf_changed":false,"footnotes":""},"class_list":["post-813","page","type-page","status-publish","hentry"],"acf":[],"yoast_head":"<!-- This site is optimized with the Yoast SEO plugin v27.3 - https:\/\/yoast.com\/product\/yoast-seo-wordpress\/ -->\n<title>Sustainability Policy - Passion Brazil<\/title>\n<meta name=\"robots\" content=\"index, follow, max-snippet:-1, max-image-preview:large, max-video-preview:-1\" \/>\n<link rel=\"canonical\" href=\"https:\/\/passionbrazil.com\/pt\/sustainability-policy\/\" \/>\n<meta property=\"og:locale\" content=\"pt_BR\" \/>\n<meta property=\"og:type\" content=\"article\" \/>\n<meta property=\"og:title\" content=\"Sustainability Policy - Passion Brazil\" \/>\n<meta property=\"og:description\" content=\"Commitment to Sustainable Tourism Sustainability is part of Passion Brazil\u2019s essence and reflects the collective commitment of our brands to create authentic experiences, unforgettable emotions, and meaningful moments. We combine personalized service, quality accommodations, and experiences that highlight the natural richness and cultural identity of each destination. Our approach is built on operational excellence and [&hellip;]\" \/>\n<meta property=\"og:url\" content=\"https:\/\/passionbrazil.com\/pt\/sustainability-policy\/\" \/>\n<meta property=\"og:site_name\" content=\"Passion Brazil\" \/>\n<meta property=\"article:modified_time\" content=\"2026-04-06T17:24:42+00:00\" \/>\n<meta name=\"twitter:card\" content=\"summary_large_image\" \/>\n<meta name=\"twitter:label1\" content=\"Est. tempo de leitura\" \/>\n\t<meta name=\"twitter:data1\" content=\"17 minutos\" \/>\n<script type=\"application\/ld+json\" class=\"yoast-schema-graph\">{\"@context\":\"https:\\\/\\\/schema.org\",\"@graph\":[{\"@type\":\"WebPage\",\"@id\":\"https:\\\/\\\/passionbrazil.com\\\/sustainability-policy\\\/\",\"url\":\"https:\\\/\\\/passionbrazil.com\\\/sustainability-policy\\\/\",\"name\":\"Sustainability Policy - Passion Brazil\",\"isPartOf\":{\"@id\":\"https:\\\/\\\/passionbrazil.com\\\/#website\"},\"datePublished\":\"2026-02-21T13:53:42+00:00\",\"dateModified\":\"2026-04-06T17:24:42+00:00\",\"breadcrumb\":{\"@id\":\"https:\\\/\\\/passionbrazil.com\\\/sustainability-policy\\\/#breadcrumb\"},\"inLanguage\":\"pt-BR\",\"potentialAction\":[{\"@type\":\"ReadAction\",\"target\":[\"https:\\\/\\\/passionbrazil.com\\\/sustainability-policy\\\/\"]}]},{\"@type\":\"BreadcrumbList\",\"@id\":\"https:\\\/\\\/passionbrazil.com\\\/sustainability-policy\\\/#breadcrumb\",\"itemListElement\":[{\"@type\":\"ListItem\",\"position\":1,\"name\":\"In\u00edcio\",\"item\":\"https:\\\/\\\/passionbrazil.com\\\/\"},{\"@type\":\"ListItem\",\"position\":2,\"name\":\"Sustainability Policy\"}]},{\"@type\":\"WebSite\",\"@id\":\"https:\\\/\\\/passionbrazil.com\\\/#website\",\"url\":\"https:\\\/\\\/passionbrazil.com\\\/\",\"name\":\"Passion Brazil\",\"description\":\"Passion Brazil is your gateway to the heart and soul of Brazil, as a boutique DMC specializing in tailor-made trips off of all kinds.\",\"potentialAction\":[{\"@type\":\"SearchAction\",\"target\":{\"@type\":\"EntryPoint\",\"urlTemplate\":\"https:\\\/\\\/passionbrazil.com\\\/?s={search_term_string}\"},\"query-input\":{\"@type\":\"PropertyValueSpecification\",\"valueRequired\":true,\"valueName\":\"search_term_string\"}}],\"inLanguage\":\"pt-BR\"}]}<\/script>\n<!-- \/ Yoast SEO plugin. -->","yoast_head_json":{"title":"Sustainability Policy - Passion Brazil","robots":{"index":"index","follow":"follow","max-snippet":"max-snippet:-1","max-image-preview":"max-image-preview:large","max-video-preview":"max-video-preview:-1"},"canonical":"https:\/\/passionbrazil.com\/pt\/sustainability-policy\/","og_locale":"pt_BR","og_type":"article","og_title":"Sustainability Policy - Passion Brazil","og_description":"Commitment to Sustainable Tourism Sustainability is part of Passion Brazil\u2019s essence and reflects the collective commitment of our brands to create authentic experiences, unforgettable emotions, and meaningful moments. We combine personalized service, quality accommodations, and experiences that highlight the natural richness and cultural identity of each destination. Our approach is built on operational excellence and [&hellip;]","og_url":"https:\/\/passionbrazil.com\/pt\/sustainability-policy\/","og_site_name":"Passion Brazil","article_modified_time":"2026-04-06T17:24:42+00:00","twitter_card":"summary_large_image","twitter_misc":{"Est. tempo de leitura":"17 minutos"},"schema":{"@context":"https:\/\/schema.org","@graph":[{"@type":"WebPage","@id":"https:\/\/passionbrazil.com\/sustainability-policy\/","url":"https:\/\/passionbrazil.com\/sustainability-policy\/","name":"Sustainability Policy - Passion Brazil","isPartOf":{"@id":"https:\/\/passionbrazil.com\/#website"},"datePublished":"2026-02-21T13:53:42+00:00","dateModified":"2026-04-06T17:24:42+00:00","breadcrumb":{"@id":"https:\/\/passionbrazil.com\/sustainability-policy\/#breadcrumb"},"inLanguage":"pt-BR","potentialAction":[{"@type":"ReadAction","target":["https:\/\/passionbrazil.com\/sustainability-policy\/"]}]},{"@type":"BreadcrumbList","@id":"https:\/\/passionbrazil.com\/sustainability-policy\/#breadcrumb","itemListElement":[{"@type":"ListItem","position":1,"name":"In\u00edcio","item":"https:\/\/passionbrazil.com\/"},{"@type":"ListItem","position":2,"name":"Sustainability Policy"}]},{"@type":"WebSite","@id":"https:\/\/passionbrazil.com\/#website","url":"https:\/\/passionbrazil.com\/","name":"Paix\u00e3o Brasil","description":"A Passion Brazil \u00e9 a sua porta de entrada para o cora\u00e7\u00e3o e a alma do Brasil, como uma DMC boutique especializada em viagens sob medida de todos os tipos.","potentialAction":[{"@type":"SearchAction","target":{"@type":"EntryPoint","urlTemplate":"https:\/\/passionbrazil.com\/?s={search_term_string}"},"query-input":{"@type":"PropertyValueSpecification","valueRequired":true,"valueName":"search_term_string"}}],"inLanguage":"pt-BR"}]}},"_links":{"self":[{"href":"https:\/\/passionbrazil.com\/pt\/wp-json\/wp\/v2\/pages\/813","targetHints":{"allow":["GET"]}}],"collection":[{"href":"https:\/\/passionbrazil.com\/pt\/wp-json\/wp\/v2\/pages"}],"about":[{"href":"https:\/\/passionbrazil.com\/pt\/wp-json\/wp\/v2\/types\/page"}],"author":[{"embeddable":true,"href":"https:\/\/passionbrazil.com\/pt\/wp-json\/wp\/v2\/users\/1"}],"replies":[{"embeddable":true,"href":"https:\/\/passionbrazil.com\/pt\/wp-json\/wp\/v2\/comments?post=813"}],"version-history":[{"count":6,"href":"https:\/\/passionbrazil.com\/pt\/wp-json\/wp\/v2\/pages\/813\/revisions"}],"predecessor-version":[{"id":831,"href":"https:\/\/passionbrazil.com\/pt\/wp-json\/wp\/v2\/pages\/813\/revisions\/831"}],"wp:attachment":[{"href":"https:\/\/passionbrazil.com\/pt\/wp-json\/wp\/v2\/media?parent=813"}],"curies":[{"name":"wp","href":"https:\/\/api.w.org\/{rel}","templated":true}]}}